{"id":8765,"date":"2018-10-14T12:16:47","date_gmt":"2018-10-14T10:16:47","guid":{"rendered":"http:\/\/klubmamgdynia.pl\/index.php\/produkt\/chicco-nosidlo-easy-fit-black-night\/"},"modified":"2026-04-29T02:41:17","modified_gmt":"2026-04-29T00:41:17","slug":"chicco-nosidlo-easy-fit-black-night","status":"publish","type":"product","link":"http:\/\/klubmamgdynia.pl\/index.php\/produkt\/chicco-nosidlo-easy-fit-black-night\/","title":{"rendered":"Chicco Nosid\u0142o Easy Fit Black Night"},"content":{"rendered":"<p>Noside\u0142ko Chicco EasyFit to nosid\u0142o proste, intuicyjne i ergonomiczne. Mo\u017cna \u0142atwo w\u0142o\u017cy\u0107, \u0142atwo nosi\u0107, \u0142atwo przekszta\u0142ci\u0107. Zak\u0142ada si\u0119 je tak prosto, jak t-shirt! Doskonale dopasowuje si\u0119 do rodzica i dziecka, w zgodzie z potrzebami obojga oraz zasadami bezpiecze\u0144stwa, wspieraj\u0105c odpowiednio rozw\u00f3j dziecka. Szerokie, ergonomiczne siedzisko sprawia, \u017ce noside\u0142ko mo\u017cna u\u017cywa\u0107 ju\u017c od pierwszych spacer\u00f3w.Zgodnie z opini\u0105 Mi\u0119dzynarodowego Instytutu do spraw Dysplazji Bioder przy prawid\u0142owym u\u017cytkowaniu, noside\u0142ko Chicco Easy Fit jest bezpieczne dla dzieci\u0119cych bioderek. Natomiast bardzo szerokie siedzisko zapewnia w\u0142a\u015bciwe u\u0142o\u017cenie n\u00f3\u017cek i zdrow\u0105 dla bioder pozycj\u0119 dziecka: n\u00f3\u017cki oparte s\u0105 wok\u00f3\u0142 talii rodzica, z kolanami uniesionymi powy\u017cej pupy.<\/p>\n<h2>Chicco Nosid\u0142o Easy Fit Black Night Chicco<\/h2>\n<p>ziemia wyspa zielona tekst, prezent dla ch\u0142opca na roczek, kolorowanka robot, r\u00f3\u017ca imie, nietypowe imiona \u017ce\u0144skie, imi\u0119 iwo, nadie\u017cda imi\u0119, kr\u00f3tkie zagadki matematyczne z odpowiedziami, kolorowe kanapki kanapki dla dzieci, audiobooki dla dzieci za darmo, ci\u0119\u017ckie zagadki, test czerwone krzes\u0142o<\/p>\n<p>yyyyy<\/p>\n<p>&nbsp;<\/p>\n","protected":false},"excerpt":{"rendered":"<p>Noside\u0142ko Chicco EasyFit to nosid\u0142o proste, intuicyjne i ergonomiczne. Mo\u017cna \u0142atwo w\u0142o\u017cy\u0107, \u0142atwo nosi\u0107, \u0142atwo przekszta\u0142ci\u0107. Zak\u0142ada si\u0119 je tak prosto, jak t-shirt! Doskonale dopasowuje si\u0119 do rodzica i dziecka, w zgodzie z potrzebami obojga oraz zasadami bezpiecze\u0144stwa, wspieraj\u0105c odpowiednio rozw\u00f3j dziecka. Szerokie, ergonomiczne siedzisko sprawia, \u017ce noside\u0142ko mo\u017cna u\u017cywa\u0107 ju\u017c od pierwszych spacer\u00f3w.Zgodnie z [&hellip;]<\/p>\n","protected":false},"featured_media":8766,"comment_status":"closed","ping_status":"open","template":"","meta":[],"product_cat":[312,1104],"product_tag":[669,624,586,733,577],"class_list":["post-8765","product","type-product","status-publish","has-post-thumbnail","hentry","product_cat-chicco","product_cat-nosidelka-i-chusty","product_tag-kolorowanki","product_tag-krotkie-zagadki","product_tag-smieszne-zagadki","product_tag-zarty-na-prima-aprilis","product_tag-znaki-drogowe-test"],"_links":{"self":[{"href":"http:\/\/klubmamgdynia.pl\/index.php\/wp-json\/wp\/v2\/product\/8765","targetHints":{"allow":["GET"]}}],"collection":[{"href":"http:\/\/klubmamgdynia.pl\/index.php\/wp-json\/wp\/v2\/product"}],"about":[{"href":"http:\/\/klubmamgdynia.pl\/index.php\/wp-json\/wp\/v2\/types\/product"}],"replies":[{"embeddable":true,"href":"http:\/\/klubmamgdynia.pl\/index.php\/wp-json\/wp\/v2\/comments?post=8765"}],"wp:featuredmedia":[{"embeddable":true,"href":"http:\/\/klubmamgdynia.pl\/index.php\/wp-json\/wp\/v2\/media\/8766"}],"wp:attachment":[{"href":"http:\/\/klubmamgdynia.pl\/index.php\/wp-json\/wp\/v2\/media?parent=8765"}],"wp:term":[{"taxonomy":"product_cat","embeddable":true,"href":"http:\/\/klubmamgdynia.pl\/index.php\/wp-json\/wp\/v2\/product_cat?post=8765"},{"taxonomy":"product_tag","embeddable":true,"href":"http:\/\/klubmamgdynia.pl\/index.php\/wp-json\/wp\/v2\/product_tag?post=8765"}],"curies":[{"name":"wp","href":"https:\/\/api.w.org\/{rel}","templated":true}]}}