{"id":8769,"date":"2013-03-06T04:32:14","date_gmt":"2013-03-06T03:32:14","guid":{"rendered":"http:\/\/klubmamgdynia.pl\/index.php\/produkt\/g3-speed-cups-karty-w-rozowym-boosterze\/"},"modified":"2026-04-30T07:49:56","modified_gmt":"2026-04-30T05:49:56","slug":"g3-speed-cups-karty-w-rozowym-boosterze","status":"publish","type":"product","link":"http:\/\/klubmamgdynia.pl\/index.php\/produkt\/g3-speed-cups-karty-w-rozowym-boosterze\/","title":{"rendered":"G3 Speed Cups karty w r\u00f3\u017cowym boosterze"},"content":{"rendered":"<p>Z my\u015bl\u0105 o wszystkich mi\u0142o\u015bnikach gry &#8222;Speed Cups&#8221; powsta\u0142a limitowana edycja dodatkowych 30 unikalnych kart. Karty s\u0105 pakowane w boostery po 5 sztuk. Ka\u017cdy booster jest oznaczony innym kolorem i ma zawsze taki sam sk\u0142ad kart. S\u0105 to prace graczy z ca\u0142ego \u015bwiata, nades\u0142ane na mi\u0119dzynarodowy konkurs pt. \u0084&#8221;Stw\u00f3rz w\u0142asn\u0105 kart\u0119 do Speed Cups\u0094&#8221;. Mi\u0142o nam poinformowa\u0107, \u017ce w\u015br\u00f3d prac s\u0105 dwie karty stworzone przez polskich autor\u00f3w.Czy gra &#8222;Speed Cups&#8221; mo\u017ce by\u0107 jeszcze bardziej zakr\u0119cona? Odpowied\u017a brzmi: Tak!Uwaga: to nie jest samodzielna gra, do rozgrywki wymagane jest posiadanie gry Speed cups.ZAWARTO\u015a\u0106:5 kartWARTO ZOBACZY\u0106:Recenzja w serwisie Pomyslnik.plWYMIARY OPAKOWANIA:Wysoko\u015b\u0107 (mm): 110Szeroko\u015b\u0107 (mm): 60G\u0142\u0119boko\u015b\u0107 (mm): 5Zestaw: r\u00f3\u017cowy<\/p>\n<h2>G3 Speed Cups karty w r\u00f3\u017cowym boosterze G3<\/h2>\n<p>cytaty o dzieciach, nietypowe atrakcje dla dzieci, sing 2 multikino, prezent dla rocznego ch\u0142opca, znaczenie imiona monika<\/p>\n<p>yyyyy<\/p>\n<p>&nbsp;<\/p>\n","protected":false},"excerpt":{"rendered":"<p>Z my\u015bl\u0105 o wszystkich mi\u0142o\u015bnikach gry &#8222;Speed Cups&#8221; powsta\u0142a limitowana edycja dodatkowych 30 unikalnych kart. Karty s\u0105 pakowane w boostery po 5 sztuk. Ka\u017cdy booster jest oznaczony innym kolorem i ma zawsze taki sam sk\u0142ad kart. S\u0105 to prace graczy z ca\u0142ego \u015bwiata, nades\u0142ane na mi\u0119dzynarodowy konkurs pt. \u0084&#8221;Stw\u00f3rz w\u0142asn\u0105 kart\u0119 do Speed Cups\u0094&#8221;. Mi\u0142o [&hellip;]<\/p>\n","protected":false},"featured_media":8770,"comment_status":"closed","ping_status":"open","template":"","meta":[],"product_cat":[1095,130],"product_tag":[763,593,679],"class_list":["post-8769","product","type-product","status-publish","has-post-thumbnail","hentry","product_cat-g3","product_cat-gry-dzieciece","product_tag-fabian","product_tag-jak-narysowac-konia","product_tag-zabawki-na-roczek-dla-dziewczynki"],"_links":{"self":[{"href":"http:\/\/klubmamgdynia.pl\/index.php\/wp-json\/wp\/v2\/product\/8769","targetHints":{"allow":["GET"]}}],"collection":[{"href":"http:\/\/klubmamgdynia.pl\/index.php\/wp-json\/wp\/v2\/product"}],"about":[{"href":"http:\/\/klubmamgdynia.pl\/index.php\/wp-json\/wp\/v2\/types\/product"}],"replies":[{"embeddable":true,"href":"http:\/\/klubmamgdynia.pl\/index.php\/wp-json\/wp\/v2\/comments?post=8769"}],"wp:featuredmedia":[{"embeddable":true,"href":"http:\/\/klubmamgdynia.pl\/index.php\/wp-json\/wp\/v2\/media\/8770"}],"wp:attachment":[{"href":"http:\/\/klubmamgdynia.pl\/index.php\/wp-json\/wp\/v2\/media?parent=8769"}],"wp:term":[{"taxonomy":"product_cat","embeddable":true,"href":"http:\/\/klubmamgdynia.pl\/index.php\/wp-json\/wp\/v2\/product_cat?post=8769"},{"taxonomy":"product_tag","embeddable":true,"href":"http:\/\/klubmamgdynia.pl\/index.php\/wp-json\/wp\/v2\/product_tag?post=8769"}],"curies":[{"name":"wp","href":"https:\/\/api.w.org\/{rel}","templated":true}]}}