{"id":8773,"date":"2024-10-18T23:12:10","date_gmt":"2024-10-18T21:12:10","guid":{"rendered":"http:\/\/klubmamgdynia.pl\/?post_type=product&#038;p=8773"},"modified":"2026-04-29T02:15:20","modified_gmt":"2026-04-29T00:15:20","slug":"lifefactory-babyflasche-pink-butelka-do-karmienia-120-ml-szklo-6533","status":"publish","type":"product","link":"http:\/\/klubmamgdynia.pl\/index.php\/produkt\/lifefactory-babyflasche-pink-butelka-do-karmienia-120-ml-szklo-6533\/","title":{"rendered":"Lifefactory Babyflasche Pink Butelka Do Karmienia, 120 Ml, Szk\u0142o 6533"},"content":{"rendered":"<p>W zestawie smoczek w rozm. 1. Kolorowe, zabawne, higieniczne i niet\u0142uk\u0105ce &#8211; rewolucyjne butelki marki Lifefactory! \u2022 Materia\u0142: szk\u0142o wolne od BPA. Istniej\u0105 przypuszczenia, \u017ae BPA mo\u017ae by\u0107 przyczyn\u0105 wielu chor\u00f3b, takich jak: choroby serca i kr\u0105\u017aenia oraz cukrzyca. \u2022 Higinienicznym i bezpiecznym rozwi\u0105zaniem s\u0105 butelki wykonane z wyj\u0105tkowo wytrzyma\u0142ego na wysok\u0105 temperatur\u0119 szk\u0142a. \u2022 Zdjmowana os\u0142onka silikonowa chroni szk\u0142o przed st\u0142uczeniem i sprawia, \u017ae butelka jest bardziej por\u0119czna dla dziecka. \u2022 Smoczek silikonowy, przyktywka oraz pier\u015bcie\u0144 butelki nie zawieraj\u0105 poliw\u0119glan\u00f3w. \u2022 Wszystkie elementy butelki mo\u017ana my\u0107 w zmywarce. Pojemno\u015b\u0107 : 120ml Materia\u0142 : szk\u0142o, silikon<\/p>\n<h2>Lifefactory Babyflasche Pink Butelka Do Karmienia, 120 Ml, Szk\u0142o 6533 Lifefactory<\/h2>\n<p>kolorowanka antystresowa, pola znaczenie imienia, zagadki kr\u00f3tkie, kolorowanki do druku zwierz\u0119ta<\/p>\n<p>yyyyy<\/p>\n<p>&nbsp;<\/p>\n","protected":false},"excerpt":{"rendered":"<p>W zestawie smoczek w rozm. 1. Kolorowe, zabawne, higieniczne i niet\u0142uk\u0105ce &#8211; rewolucyjne butelki marki Lifefactory! \u2022 Materia\u0142: szk\u0142o wolne od BPA. Istniej\u0105 przypuszczenia, \u017ae BPA mo\u017ae by\u0107 przyczyn\u0105 wielu chor\u00f3b, takich jak: choroby serca i kr\u0105\u017aenia oraz cukrzyca. \u2022 Higinienicznym i bezpiecznym rozwi\u0105zaniem s\u0105 butelki wykonane z wyj\u0105tkowo wytrzyma\u0142ego na wysok\u0105 temperatur\u0119 szk\u0142a. \u2022 [&hellip;]<\/p>\n","protected":false},"featured_media":8774,"comment_status":"closed","ping_status":"open","template":"","meta":[],"product_cat":[195,1733],"product_tag":[739,726,799],"class_list":["post-8773","product","type-product","status-publish","has-post-thumbnail","hentry","product_cat-butelki","product_cat-lifefactory","product_tag-prima-aprilis-w-szkole","product_tag-quiz-zemsta","product_tag-zagadka-logiczna"],"_links":{"self":[{"href":"http:\/\/klubmamgdynia.pl\/index.php\/wp-json\/wp\/v2\/product\/8773","targetHints":{"allow":["GET"]}}],"collection":[{"href":"http:\/\/klubmamgdynia.pl\/index.php\/wp-json\/wp\/v2\/product"}],"about":[{"href":"http:\/\/klubmamgdynia.pl\/index.php\/wp-json\/wp\/v2\/types\/product"}],"replies":[{"embeddable":true,"href":"http:\/\/klubmamgdynia.pl\/index.php\/wp-json\/wp\/v2\/comments?post=8773"}],"wp:featuredmedia":[{"embeddable":true,"href":"http:\/\/klubmamgdynia.pl\/index.php\/wp-json\/wp\/v2\/media\/8774"}],"wp:attachment":[{"href":"http:\/\/klubmamgdynia.pl\/index.php\/wp-json\/wp\/v2\/media?parent=8773"}],"wp:term":[{"taxonomy":"product_cat","embeddable":true,"href":"http:\/\/klubmamgdynia.pl\/index.php\/wp-json\/wp\/v2\/product_cat?post=8773"},{"taxonomy":"product_tag","embeddable":true,"href":"http:\/\/klubmamgdynia.pl\/index.php\/wp-json\/wp\/v2\/product_tag?post=8773"}],"curies":[{"name":"wp","href":"https:\/\/api.w.org\/{rel}","templated":true}]}}