{"id":8775,"date":"2015-06-18T13:10:17","date_gmt":"2015-06-18T11:10:17","guid":{"rendered":"http:\/\/klubmamgdynia.pl\/index.php\/produkt\/chicco-zespol-muzyczny-bebny\/"},"modified":"2026-04-05T11:13:34","modified_gmt":"2026-04-05T09:13:34","slug":"chicco-zespol-muzyczny-bebny","status":"publish","type":"product","link":"http:\/\/klubmamgdynia.pl\/index.php\/produkt\/chicco-zespol-muzyczny-bebny\/","title":{"rendered":"Chicco Zesp\u00f3\u0142 Muzyczny B\u0119bny"},"content":{"rendered":"<p>Pierwsza, kolorowa mini perkusja dla ma\ufffdego artysty muzyka.Pierwsze pr\ufffdby komponowania: wymy\ufffdl rytm, dodaj tempo i piosenka gotowa!Zabawka muzyczna Muzyczny B\ufffdbenek pomaga dziecku w rozwoju, pozwalaj\ufffdc mu obcowa\ufffd z muzyk\ufffd samodzielnie wymy\ufffdla\ufffd melodie i uk\ufffdada\ufffd d\ufffdwi\ufffdki. To te\ufffd doskona\ufffdy pretekst do odgrywania r\ufffdl do tej pory przynale\ufffdnych doros\ufffdym: muzykom, kompozytorom, perkusistom.Zabawka ma a\ufffd 3 r\ufffdne talerze do muzycznych eksperyment\ufffdw, a ka\ufffddy talerz ma inny wymiar, troch\ufffd inny kszta\ufffdt i faktur\ufffd, po to by dodatkowo stymulowa\ufffd zmys\ufffdy dziecka. Ergonomiczny kszta\ufffdt zabawki pozwala wygodnie umie\ufffdci\ufffd j\ufffd mi\ufffddzy n\ufffdkami dziecka.Zabawka oferuje a\ufffd 3 r\ufffdne modu\ufffdy zabawy, a ka\ufffddy z nich pozwala troch\ufffd inaczej si\ufffd bawi\ufffd, pozostaj\ufffdc jednocze\ufffdnie w tematyce komponowania i zagadnie\ufffd zwi\ufffdzanych z tworzeniem muzyki. Mamy tutaj:tworzenie rytmu, co bez ogranicze\ufffd pozwala dziecku na wyra\ufffdenie siebie;trzymanie tempa, czyli dziecko uczy si\ufffd gra\ufffd na perkusji maj\ufffdc podk\ufffdad muzyczny i staraj\ufffdc si\ufffd za nim nad\ufffd\ufffdy\ufffd. Naci\ufffdni\ufffdcie dowolnego przycisku uruchamia \ufffdywe, dynamiczne d\ufffdwi\ufffdki;komponowanie piosenki w r\ufffdnych muzycznych stylach do wyboru. Dziecko uczy si\ufffd odtwarza\ufffd utw\ufffdr, jak w czasie konceru na \ufffdywo!Ten instrument to elektroniczna zabawka kryj\ufffdca w sobie ponad 25 prawdziwych odg\ufffdos\ufffdw perkusji i melodyjek, kt\ufffdrym towarzysz\ufffd ledowe efekty \ufffdwietlne w a\ufffd 4 punktach na zabawce.Zabawka dzia\ufffda na baterie 2x AAA (w zestawie).Dla dzieci w wieku: 9-36m<\/p>\n<h2>Chicco Zesp\u00f3\u0142 Muzyczny B\u0119bny Chicco<\/h2>\n<p>prezent dla nastolatk\u00f3w 2021, kuba imie, test z tajemniczego ogrodu, maly kotek kotek kolorowanka, my jeste\u015bmy krasnoludki tekst, dymitr, oryginalny prezent na roczek dla dziewczynki, julian znaczenie imienia, quiz o miko\u0142ajku, zrobi\u0107 laurk\u0119 laurka dla babci, cytaty o wychowaniu i nauczaniu, kolorowanki do druku, peppa kolorowanka<\/p>\n<p>yyyyy<\/p>\n<p>&nbsp;<\/p>\n","protected":false},"excerpt":{"rendered":"<p>Pierwsza, kolorowa mini perkusja dla ma\ufffdego artysty muzyka.Pierwsze pr\ufffdby komponowania: wymy\ufffdl rytm, dodaj tempo i piosenka gotowa!Zabawka muzyczna Muzyczny B\ufffdbenek pomaga dziecku w rozwoju, pozwalaj\ufffdc mu obcowa\ufffd z muzyk\ufffd samodzielnie wymy\ufffdla\ufffd melodie i uk\ufffdada\ufffd d\ufffdwi\ufffdki. To te\ufffd doskona\ufffdy pretekst do odgrywania r\ufffdl do tej pory przynale\ufffdnych doros\ufffdym: muzykom, kompozytorom, perkusistom.Zabawka ma a\ufffd 3 r\ufffdne talerze [&hellip;]<\/p>\n","protected":false},"featured_media":8776,"comment_status":"closed","ping_status":"open","template":"","meta":[],"product_cat":[312,61],"product_tag":[580,594,830,725],"class_list":["post-8775","product","type-product","status-publish","has-post-thumbnail","hentry","product_cat-chicco","product_cat-zabawki-edukacyjne-dla-niemowlat","product_tag-janusz","product_tag-podchwytliwe-zagadki-dla-dzieci","product_tag-rodzina-cytaty","product_tag-zgadywanki"],"_links":{"self":[{"href":"http:\/\/klubmamgdynia.pl\/index.php\/wp-json\/wp\/v2\/product\/8775","targetHints":{"allow":["GET"]}}],"collection":[{"href":"http:\/\/klubmamgdynia.pl\/index.php\/wp-json\/wp\/v2\/product"}],"about":[{"href":"http:\/\/klubmamgdynia.pl\/index.php\/wp-json\/wp\/v2\/types\/product"}],"replies":[{"embeddable":true,"href":"http:\/\/klubmamgdynia.pl\/index.php\/wp-json\/wp\/v2\/comments?post=8775"}],"wp:featuredmedia":[{"embeddable":true,"href":"http:\/\/klubmamgdynia.pl\/index.php\/wp-json\/wp\/v2\/media\/8776"}],"wp:attachment":[{"href":"http:\/\/klubmamgdynia.pl\/index.php\/wp-json\/wp\/v2\/media?parent=8775"}],"wp:term":[{"taxonomy":"product_cat","embeddable":true,"href":"http:\/\/klubmamgdynia.pl\/index.php\/wp-json\/wp\/v2\/product_cat?post=8775"},{"taxonomy":"product_tag","embeddable":true,"href":"http:\/\/klubmamgdynia.pl\/index.php\/wp-json\/wp\/v2\/product_tag?post=8775"}],"curies":[{"name":"wp","href":"https:\/\/api.w.org\/{rel}","templated":true}]}}