{"id":8777,"date":"2023-05-14T04:40:46","date_gmt":"2023-05-14T02:40:46","guid":{"rendered":"http:\/\/klubmamgdynia.pl\/?post_type=product&#038;p=8777"},"modified":"2026-04-06T08:30:18","modified_gmt":"2026-04-06T06:30:18","slug":"stokke-sleepi-changing-table-stolik-do-przewijania-white","status":"publish","type":"product","link":"http:\/\/klubmamgdynia.pl\/index.php\/produkt\/stokke-sleepi-changing-table-stolik-do-przewijania-white\/","title":{"rendered":"Stokke Sleepi Changing Table &#8211; stolik do przewijania -White"},"content":{"rendered":"<p>Stokke Sleepi Changing Table &#8211; stolik do przewijania -White<\/p>\n<h2>Stokke Sleepi Changing Table &#8211; stolik do przewijania -White Stokke<\/h2>\n<p>narodziny dziecka cytat, zagadki wielkanocne przedszkole, rysunek kota, test narnia lew czarownica i stara szafa, roczek prezent, serce origami, przek\u0105ski na urodziny dziecka, ksi\u0105\u017cka dla dzieci online, prezent dla nastolatka, m.i.a., rzadkie imiona \u017ce\u0144skie, quizy o skokach narciarskich, psi patrol kolorowanki, wielkanocne zagadki, my little pony kolorowanki, quiz o minecraft, sa\u0142atki dla dzieci, kolorowanki uk\u0142ad s\u0142oneczny, andrzejki kolorowanki do druku<\/p>\n<p>yyyyy<\/p>\n<p>&nbsp;<\/p>\n","protected":false},"excerpt":{"rendered":"<p>Stokke Sleepi Changing Table &#8211; stolik do przewijania -White Stokke Sleepi Changing Table &#8211; stolik do przewijania -White Stokke narodziny dziecka cytat, zagadki wielkanocne przedszkole, rysunek kota, test narnia lew czarownica i stara szafa, roczek prezent, serce origami, przek\u0105ski na urodziny dziecka, ksi\u0105\u017cka dla dzieci online, prezent dla nastolatka, m.i.a., rzadkie imiona \u017ce\u0144skie, quizy o [&hellip;]<\/p>\n","protected":false},"featured_media":8778,"comment_status":"closed","ping_status":"open","template":"","meta":[],"product_cat":[949,353],"product_tag":[795,613,739],"class_list":["post-8777","product","type-product","status-publish","has-post-thumbnail","hentry","product_cat-akcesoria-do-mebli-dzieciecych","product_cat-stokke","product_tag-mini-zoo-warszawa","product_tag-na-wyspach-bergamutach","product_tag-prima-aprilis-w-szkole"],"_links":{"self":[{"href":"http:\/\/klubmamgdynia.pl\/index.php\/wp-json\/wp\/v2\/product\/8777","targetHints":{"allow":["GET"]}}],"collection":[{"href":"http:\/\/klubmamgdynia.pl\/index.php\/wp-json\/wp\/v2\/product"}],"about":[{"href":"http:\/\/klubmamgdynia.pl\/index.php\/wp-json\/wp\/v2\/types\/product"}],"replies":[{"embeddable":true,"href":"http:\/\/klubmamgdynia.pl\/index.php\/wp-json\/wp\/v2\/comments?post=8777"}],"wp:featuredmedia":[{"embeddable":true,"href":"http:\/\/klubmamgdynia.pl\/index.php\/wp-json\/wp\/v2\/media\/8778"}],"wp:attachment":[{"href":"http:\/\/klubmamgdynia.pl\/index.php\/wp-json\/wp\/v2\/media?parent=8777"}],"wp:term":[{"taxonomy":"product_cat","embeddable":true,"href":"http:\/\/klubmamgdynia.pl\/index.php\/wp-json\/wp\/v2\/product_cat?post=8777"},{"taxonomy":"product_tag","embeddable":true,"href":"http:\/\/klubmamgdynia.pl\/index.php\/wp-json\/wp\/v2\/product_tag?post=8777"}],"curies":[{"name":"wp","href":"https:\/\/api.w.org\/{rel}","templated":true}]}}