{"id":878,"date":"2019-09-14T12:46:48","date_gmt":"2019-09-14T10:46:48","guid":{"rendered":"http:\/\/klubmamgdynia.pl\/index.php\/produkt\/welly-auto-model-134-polonez-caro-plus-straz\/"},"modified":"2026-04-30T01:53:57","modified_gmt":"2026-04-29T23:53:57","slug":"welly-auto-model-134-polonez-caro-plus-straz","status":"publish","type":"product","link":"http:\/\/klubmamgdynia.pl\/index.php\/produkt\/welly-auto-model-134-polonez-caro-plus-straz\/","title":{"rendered":"Welly Auto Model 1:34 Polonez Caro Plus Stra\u017c"},"content":{"rendered":"<p>Model Polonez Caro Plus Stra\u017c 1:34 WellyMetalowy model samochodu Polonez Caro Plus w wersji Stra\u017c Po\u017carna.Model w skali 1:34 z otwieranymi drzwiami.Wiek 3+<\/p>\n<h2>Welly Auto Model 1:34 Polonez Caro Plus Stra\u017c Welly<\/h2>\n<p>\u0142\u00f3d\u017a atrakcje dla dzieci, bajki do czytania dla dzieci, kolorowanka piesek, kucyki pony kolorowanka, leon imi\u0119, ninjago kolorowanki, zagadki dla przedszkolak\u00f3w, inteligentne zagadki, kolorowanki do pobrania<\/p>\n<p>yyyyy<\/p>\n<p>&nbsp;<\/p>\n","protected":false},"excerpt":{"rendered":"<p>Model Polonez Caro Plus Stra\u017c 1:34 WellyMetalowy model samochodu Polonez Caro Plus w wersji Stra\u017c Po\u017carna.Model w skali 1:34 z otwieranymi drzwiami.Wiek 3+ Welly Auto Model 1:34 Polonez Caro Plus Stra\u017c Welly \u0142\u00f3d\u017a atrakcje dla dzieci, bajki do czytania dla dzieci, kolorowanka piesek, kucyki pony kolorowanka, leon imi\u0119, ninjago kolorowanki, zagadki dla przedszkolak\u00f3w, inteligentne zagadki, [&hellip;]<\/p>\n","protected":false},"featured_media":879,"comment_status":"closed","ping_status":"open","template":"","meta":[],"product_cat":[303,302],"product_tag":[797,631,846,708,581],"class_list":["post-878","product","type-product","status-publish","has-post-thumbnail","hentry","product_cat-kolekcjonerskie-modele-pojazdow","product_cat-welly","product_tag-kiekrz","product_tag-prezent-na-roczek","product_tag-rysowanki","product_tag-zabawy-ruchowe-dla-dzieci","product_tag-zagadki-dla-8-latka"],"_links":{"self":[{"href":"http:\/\/klubmamgdynia.pl\/index.php\/wp-json\/wp\/v2\/product\/878","targetHints":{"allow":["GET"]}}],"collection":[{"href":"http:\/\/klubmamgdynia.pl\/index.php\/wp-json\/wp\/v2\/product"}],"about":[{"href":"http:\/\/klubmamgdynia.pl\/index.php\/wp-json\/wp\/v2\/types\/product"}],"replies":[{"embeddable":true,"href":"http:\/\/klubmamgdynia.pl\/index.php\/wp-json\/wp\/v2\/comments?post=878"}],"wp:featuredmedia":[{"embeddable":true,"href":"http:\/\/klubmamgdynia.pl\/index.php\/wp-json\/wp\/v2\/media\/879"}],"wp:attachment":[{"href":"http:\/\/klubmamgdynia.pl\/index.php\/wp-json\/wp\/v2\/media?parent=878"}],"wp:term":[{"taxonomy":"product_cat","embeddable":true,"href":"http:\/\/klubmamgdynia.pl\/index.php\/wp-json\/wp\/v2\/product_cat?post=878"},{"taxonomy":"product_tag","embeddable":true,"href":"http:\/\/klubmamgdynia.pl\/index.php\/wp-json\/wp\/v2\/product_tag?post=878"}],"curies":[{"name":"wp","href":"https:\/\/api.w.org\/{rel}","templated":true}]}}