{"id":8781,"date":"2011-07-24T08:23:13","date_gmt":"2011-07-24T06:23:13","guid":{"rendered":"http:\/\/klubmamgdynia.pl\/index.php\/produkt\/llorens-lalka-hiszpanska-bobas-tina-44cm-placze-84452\/"},"modified":"2026-04-06T01:55:58","modified_gmt":"2026-04-05T23:55:58","slug":"llorens-lalka-hiszpanska-bobas-tina-44cm-placze-84452","status":"publish","type":"product","link":"http:\/\/klubmamgdynia.pl\/index.php\/produkt\/llorens-lalka-hiszpanska-bobas-tina-44cm-placze-84452\/","title":{"rendered":"Llorens Lalka hiszpa\u0144ska bobas tina 44cm p\u0142acze (84452)"},"content":{"rendered":"<p>W naszej manufakturze wierzymy, \u017ce zabawa jest najlepsz\u0105 nauk\u0105. Dlatego te\u017c z wielk\u0105 mi\u0142o\u015bci\u0105 tworzymy kultowe lalki Llorens, w 100% r\u0119cznie wykonane, o niepowtarzalnych wzorach. Stosowane przez nas tkaniny pochodz\u0105 od renomowanych marek odzie\u017cy dzieci\u0119cej. Wszystkie lalki Llorens s\u0105 zgodne z europejskimi przepisami dotycz\u0105cymi bezpiecze\u0144stwa dzieci, co gwarantuje, \u017ce Twoje dzieci b\u0119d\u0105 si\u0119 bawi\u0107 w mo\u017cliwie najbezpieczniejszy spos\u00f3b. Lalka p\u0142acz\u0105ca Tina mierzy 44 cm. Jej r\u0105czki, n\u00f3\u017cki oraz g\u0142owa s\u0105 wykonane z mi\u0119kkiego w dotyku winylu, za\u015b brzuszek jest materia\u0142owy. Po naci\u015bni\u0119ciu brzuszka lalka zacznie p\u0142aka\u0107 i wo\u0142a\u0107 \u201emama&#8221; \u201epapa&#8221;. Tina ma \u015bliczn\u0105, delikatn\u0105 buzi\u0119 i niebieskie ocz\u0119ta z d\u0142ugimi rz\u0119sami. Lalka jest ubrana w r\u00f3\u017cowe, ciep\u0142e body z d\u0142ugim r\u0119kawem oraz bia\u0142\u0105 czapk\u0119 z kokardk\u0105. Do zestawu do\u0142\u0105czono pi\u0119kny \u015bpiworek z nadrukiem. Lalka zosta\u0142a zapakowana w ozdobny karton, wi\u0119c bez zb\u0119dnych dodatkowych opakowa\u0144, mo\u017ce by\u0107 wr\u0119czona jako prezent. Kochamy hiszpa\u0144skie lalki Llorens!<\/p>\n<h2>Llorens Lalka hiszpa\u0144ska bobas tina 44cm p\u0142acze (84452) Llorens<\/h2>\n<p>cytaty o dzieciach i rodzinie, test z lektury felix net i nika oraz gang niewidzialnych ludzi, kolorowanki dla dziewczynek, zabawy dla dzieci 9-12 lat, milosz imie<\/p>\n<p>yyyyy<\/p>\n<p>&nbsp;<\/p>\n","protected":false},"excerpt":{"rendered":"<p>W naszej manufakturze wierzymy, \u017ce zabawa jest najlepsz\u0105 nauk\u0105. Dlatego te\u017c z wielk\u0105 mi\u0142o\u015bci\u0105 tworzymy kultowe lalki Llorens, w 100% r\u0119cznie wykonane, o niepowtarzalnych wzorach. Stosowane przez nas tkaniny pochodz\u0105 od renomowanych marek odzie\u017cy dzieci\u0119cej. Wszystkie lalki Llorens s\u0105 zgodne z europejskimi przepisami dotycz\u0105cymi bezpiecze\u0144stwa dzieci, co gwarantuje, \u017ce Twoje dzieci b\u0119d\u0105 si\u0119 bawi\u0107 w [&hellip;]<\/p>\n","protected":false},"featured_media":8782,"comment_status":"closed","ping_status":"open","template":"","meta":[],"product_cat":[65,1166],"product_tag":[662,821,738,811],"class_list":["post-8781","product","type-product","status-publish","has-post-thumbnail","hentry","product_cat-lalki","product_cat-llorens","product_tag-bajki-na-dobranoc","product_tag-marianna","product_tag-wroclaw-dla-dzieci","product_tag-zagadki-logiczne-dla-dzieci"],"_links":{"self":[{"href":"http:\/\/klubmamgdynia.pl\/index.php\/wp-json\/wp\/v2\/product\/8781","targetHints":{"allow":["GET"]}}],"collection":[{"href":"http:\/\/klubmamgdynia.pl\/index.php\/wp-json\/wp\/v2\/product"}],"about":[{"href":"http:\/\/klubmamgdynia.pl\/index.php\/wp-json\/wp\/v2\/types\/product"}],"replies":[{"embeddable":true,"href":"http:\/\/klubmamgdynia.pl\/index.php\/wp-json\/wp\/v2\/comments?post=8781"}],"wp:featuredmedia":[{"embeddable":true,"href":"http:\/\/klubmamgdynia.pl\/index.php\/wp-json\/wp\/v2\/media\/8782"}],"wp:attachment":[{"href":"http:\/\/klubmamgdynia.pl\/index.php\/wp-json\/wp\/v2\/media?parent=8781"}],"wp:term":[{"taxonomy":"product_cat","embeddable":true,"href":"http:\/\/klubmamgdynia.pl\/index.php\/wp-json\/wp\/v2\/product_cat?post=8781"},{"taxonomy":"product_tag","embeddable":true,"href":"http:\/\/klubmamgdynia.pl\/index.php\/wp-json\/wp\/v2\/product_tag?post=8781"}],"curies":[{"name":"wp","href":"https:\/\/api.w.org\/{rel}","templated":true}]}}