{"id":8783,"date":"2024-11-10T01:08:11","date_gmt":"2024-11-10T00:08:11","guid":{"rendered":"http:\/\/klubmamgdynia.pl\/?post_type=product&#038;p=8783"},"modified":"2026-05-17T22:24:06","modified_gmt":"2026-05-17T20:24:06","slug":"fotelik-samochodowy-britax-romer-baby-safe2-i-size-burgundy-red-0-13kg","status":"publish","type":"product","link":"http:\/\/klubmamgdynia.pl\/index.php\/produkt\/fotelik-samochodowy-britax-romer-baby-safe2-i-size-burgundy-red-0-13kg\/","title":{"rendered":"Fotelik samochodowy Britax &amp; Romer Baby-Safe2 I-Size Burgundy Red 0-13Kg"},"content":{"rendered":"<p>BABY-SAFE 2 i-SIZE towarzyszy Twojemu dziecku od urodzenia do 15 miesi\u0105ca. Dzi\u0119ki wyjmowanej wk\u0142adce dla noworodk\u00f3w i technologii p\u0142askiego u\u0142o\u017cenia, noside\u0142ko zapewnia ergonomiczn\u0105 pozycj\u0119 dla Twojego dziecka i wystarczaj\u0105co du\u017co miejsca, a\u017c maluch osi\u0105gnie 83 cm wzrostu. Wszystko z my\u015bl\u0105 o tym, by Twoje dziecko mia\u0142o zapewnione bezpiecze\u0144stwo i wygod\u0119 w ka\u017cdej podr\u00f3\u017cy.Warto wiedzie\u0107: BABY-SAFE 2 i-SIZE w po\u0142\u0105czeniu z BABY-SAFE i-SIZE BASE oraz BABY-SAFE i-SIZE FLEX BASE zosta\u0142 przetestowany przez ADAC (ADAC Online 10\/2018) otrzymuj\u0105c opini\u0119 \u201cDOBRY\u201d oraz ocen\u0119 1.7.Dla rosn\u0105cego maluszka \u2013 odpowiedni od urodzenia do wieku 15 miesi\u0119cyFotelik BABY-SAFE2 i-SIZE zosta\u0142 zaprojektowany w spos\u00f3b zgodny z nowym standardem bezpiecze\u0144stwa dla fotelik\u00f3w samochodowych ECE R129 (i-Size) i jest odpowiedni dla dziecka od urodzenia do wieku 15 miesi\u0119cy, a\u017c do osi\u0105gni\u0119cia wzrostu 83 cm. Noside\u0142ko jest wyposa\u017cone we wk\u0142adk\u0119 dla noworodka zapewniaj\u0105c\u0105 dodatkowe podparcie oraz poch\u0142anianie energii w razie uderzenia. Wk\u0142adk\u0119 mo\u017cna wyj\u0105\u0107, a wysoko\u015b\u0107 zag\u0142\u00f3wka wyregulowa\u0107 tak, aby uzyska\u0107 wi\u0119cej miejsca, gdy Twoje dziecko uro\u015bnie.Opatentowana technologia p\u0142askiego u\u0142o\u017cenia dziecka zapewniaj\u0105ca bezpiecze\u0144stwo i wygod\u0119Rozumiemy jak trudno jest dobra\u0107 odpowiedni\u0105 pozycj\u0119 le\u017c\u0105c\u0105 dla noworodka podczas podr\u00f3\u017cy samochodem. Poniewa\u017c mi\u0119\u015bnie Twojego male\u0144stwa nie s\u0105 jeszcze wystarczaj\u0105co rozwini\u0119te, lepsza b\u0119dzie pozycja le\u017c\u0105ca, kt\u00f3ra jest bezpieczniejsza w razie uderzenia. BABY-SAFE2 i-SIZE jest wyposa\u017cone w nasz\u0105 opatentowan\u0105 technologi\u0119 p\u0142askiego u\u0142o\u017cenia dziecka, kt\u00f3ra zapewnia \u0142atwe rozwi\u0105zanie \u2013 regulacja zag\u0142\u00f3wka powoduje jednocze\u015bnie regulacj\u0119 pozycji le\u017c\u0105cej. Mo\u017cesz zapewni\u0107 swojemu male\u0144stwu jeszcze lepsz\u0105 pozycj\u0119 le\u017c\u0105c\u0105 korzystaj\u0105c z noside\u0142ka wraz z BAZ\u0104 BABY-SAFE i-SIZE FLEX BASE w niekt\u00f3rych samochodach.                            <\/p>\n<p>Pierwsze podr\u00f3\u017ce z dzieckiem bez zmartwie\u0144Dzieci, a szczeg\u00f3lnie noworodki, to najbardziej nara\u017ceni pasa\u017cerowie na drodze i wymagaj\u0105 szczeg\u00f3lnej ochrony przed ka\u017cdym potencjalnym uderzeniem. Dlatego w\u0142a\u015bnie skupiamy si\u0119 na rozwijaniu, testowaniu, ulepszaniu i produkowaniu fotelik\u00f3w samochodowych dla dzieci utrzymuj\u0105c mo\u017cliwie najwy\u017csze standardy bezpiecze\u0144stwa. Wykraczamy poza surowe wymagania test\u00f3w zgodnych z nowym standardem bezpiecze\u0144stwa dla fotelik\u00f3w samochodowych (ECE R129). Kupuj\u0105c BABY-SAFE2 i-SIZE otrzymujesz nasz\u0105 wiedz\u0119, umiej\u0119tno\u015bci i po\u015bwi\u0119cenie si\u0119 bezpiecze\u0144stwu Twojego dziecka, dzi\u0119ki czemu ze spokojem mo\u017cesz cieszy\u0107 si\u0119 ka\u017cd\u0105 podr\u00f3\u017c\u0105 ze swoim ma\u0142ym skarbem.                            <\/p>\n<p>Wk\u0142adka dla noworodkaZaprojektowana specjalnie po to, aby zapewni\u0107 dodatkowe podparcie najm\u0142odszym dzieciom. Do\u0142\u0105czona wk\u0142adka dla noworodka z wyjmowanymi, poch\u0142aniaj\u0105cymi energi\u0119 poduszkami zmniejsza nadmiar wolnej przestrzeni i zapewnia dodatkowy komfort.                            <\/p>\n<p>Wyj\u0105tkowa technologia ochrony w przypadku zderze\u0144 bocznych \u2013 SICTTechnologia SICT daje dziecku ulepszon\u0105 ochron\u0119 w przypadku uderze\u0144 bocznych. Redukuje ona si\u0142y uderzenia poprzez zmniejszenie odleg\u0142o\u015bci mi\u0119dzy wn\u0119trzem samochodu a fotelikiem i poch\u0142oni\u0119cie energii, zanim ta dotrze do dziecka. Aby skorzysta\u0107 z tej ochrony, wystarczy wyregulowa\u0107 poduszk\u0119 SICT z boku fotelika samochodowego najbli\u017cej drzwi.                            <\/p>\n<p>Technologia p\u0142askiego u\u0142o\u017cenia dzieckaPozwala noworodkom przyj\u0105\u0107 wygodniejsz\u0105 i bardziej ergonomiczn\u0105 pozycj\u0119. Nasz opatentowany, wbudowany mechanizm regulacji odchylenia oparcia pozwala dostosowa\u0107 p\u0142askie u\u0142o\u017cenie dziecka do jego wzrostu. Pozycja zmienia si\u0119 automatycznie w miar\u0119 regulacji zag\u0142\u00f3wka, zwi\u0119kszaj\u0105c ilo\u015b\u0107 wolnego miejsca stosownie do rozwoju dziecka. R\u00f3wnie\u017c d\u0142ugo\u015b\u0107 pas\u00f3w naramiennych jest dostosowywana automatycznie podczas regulacji zag\u0142\u00f3wka.                            <\/p>\n<p>\u0141atwa regulacja pas\u00f3w i wysoko\u015bci zag\u0142\u00f3wkaZar\u00f3wno wy\u015bcie\u0142any zag\u0142\u00f3wek jak i pasy mo\u017cna \u0142atwo regulowa\u0107 jedn\u0105 r\u0119k\u0105, dopasowuj\u0105c je do wzrostu dziecka. Zanim przypniesz swoje male\u0144stwo pasami, upewnij si\u0119, \u017ce zag\u0142\u00f3wek jest we w\u0142a\u015bciwej pozycji \u2013 tu\u017c ponad ramionami dziecka.Os\u0142ona przeciws\u0142onecznaOs\u0142ona przeciws\u0142oneczna chroni dziecko przed s\u0142o\u0144cem (UPF 50+) i wiatrem zar\u00f3wno w samochodzie, jak i w w\u00f3zku. Punkty mocowania s\u0105 rozmieszczone w wygodny spos\u00f3b po bokach uchwytu, dzi\u0119ki czemu noside\u0142ko mo\u017cna przenosi\u0107 z za\u0142o\u017con\u0105 os\u0142on\u0105 przeciws\u0142oneczn\u0105.                            <\/p>\n<p>5-punktowe pasy bezpiecze\u0144stwaNaszym zdaniem 5-punktowe pasy bezpiecze\u0144stwa daj\u0105 dziecku podr\u00f3\u017cuj\u0105cemu w foteliku najlepsz\u0105 ochron\u0119. Jest ono przypi\u0119te pewnie wewn\u0105trz chroni\u0105cej je obudowy fotelika. W przypadku kolizji pasy rozprowadzaj\u0105 si\u0142y zderzenia poprzez pi\u0119\u0107 oddzielnych miejsc: dwa nad ramionami, dwa przy biodrach oraz miejsce, w kt\u00f3rym klamra spina pasy mi\u0119dzy nogami. Dzi\u0119ki temu dziecko jest chronione z ka\u017cdej strony.                            <\/p>\n<p>\u0141atwe odpinanie dzi\u0119ki adapterom CLICK &amp; GO\u00aeNoside\u0142ko mo\u017cna \u0142atwo odpi\u0105\u0107 od bazy lub w\u00f3zka, dzi\u0119ki czemu rodzic pozostaje w ergonomicznej, wyprostowanej pozycji podnosz\u0105c noside\u0142ko. Wystarczy u\u017cy\u0107 uchwytu znajduj\u0105cego si\u0119 z ty\u0142u noside\u0142ka, aby odblokowa\u0107 go od bazy lub w\u00f3zka i podnie\u015b\u0107 z \u0142atwo\u015bci\u0105.Uchwyt o regulowanej wysoko\u015bciRegulowany uchwyt mo\u017cna z \u0142atwo\u015bci\u0105 przestawia\u0107 do ty\u0142u w celu umieszczenia dziecka w noside\u0142ku. Wystarczy tylko nacisn\u0105\u0107 przyciski z obu stron uchwytu, aby go odblokowa\u0107 i przestawi\u0107. Gdy noside\u0142ko znajduje si\u0119 na pod\u0142odze, zalecamy, aby z\u0142o\u017cy\u0107 uchwyt ca\u0142kowicie do ty\u0142u, co pozwoli zapobiec ko\u0142ysaniu si\u0119 noside\u0142ka.Wska\u017aniki prawid\u0142owego dopasowaniaNasze wska\u017aniki dadz\u0105 Ci zna\u0107, gdy noside\u0142ko jest prawid\u0142owo zamocowane na bazie lub w\u00f3zku. Wska\u017aniki informuj\u0105 o tym, czy adaptery s\u0105 pod\u0142\u0105czone prawid\u0142owo, zmieniaj\u0105c kolor z czerwonego na zielony.Szybko zdejmowane obicieDzieci potrafi\u0105 naba\u0142agani\u0107 podczas podr\u00f3\u017cy. Wylane picie, okruchy po jedzeniu i nie rzadko skutki choroby lokomocyjnej na foteliku. Dlatego zaprojektowali\u015bmy obicie nadaj\u0105ce si\u0119 do prania w pralce. Mo\u017cna \u0142atwo je zdj\u0105\u0107 bez usuwania pas\u00f3w. Czysto\u015b\u0107 i \u0142ad wr\u00f3c\u0105 w mgnieniu oka i ju\u017c mo\u017cesz rusza\u0107 w dalsz\u0105 drog\u0119.                            <\/p>\n<p>SpecyfikacjeTy\u0142em do kierunku jazdy 40 &#8211; 83 cmWymiary (W x S x G)58 x 44 x 67 cmWaga produktu4.8 kg                            <\/p>\n<p>Regulacja: i-Size (R129)W tych chwilach, gdy dziecko \u015bpi i trzeba je przemie\u015bci\u0107 albo umie\u015bci\u0107 w samochodzie bez zak\u0142\u00f3cania snu, opiekun dziecka naprawd\u0119 doceni nasz fotelik dla niemowl\u0105t z baz\u0105. W przypadku, gdy podstawa jest stabilnie zamontowana w samochodzie, fotelik mo\u017cna \u0142atwo wpi\u0105\u0107 lub wypi\u0105\u0107 z bazy jednym przyci\u015bni\u0119ciem, bez k\u0142opot\u00f3w i bez przeszkadzania dziecku. Fotelik BABY-SAFE\u00b2 i-SIZE z baz\u0105 FLEX BASE lub baz\u0105 BASE mo\u017ce by\u0107 u\u017cywany w pozycjach zatwierdzonych przez i-Size i w wi\u0119kszo\u015bci samochod\u00f3w z systemem ISOFIX.Ten fotelik mo\u017ce by\u0107 zainstalowany za pomoc\u0105 tr\u00f3jpunktowych pas\u00f3w bezpiecze\u0144stwa samochodu. To wygodny wyb\u00f3r, je\u017celi zamierzasz przenosi\u0107 fotelik pomi\u0119dzy samochodami, kt\u00f3re mog\u0105 nie mie\u0107 punkt\u00f3w mocowania ISOFIX. Prowadnice pasa na foteliku pomog\u0105 w prawid\u0142owej jego instalacji. Zanim kupisz fotelik, zajrzyj do podr\u0119cznika u\u017cytkowania samochodu i sprawd\u017a zatwierdzone pozycje, popro\u015b te\u017c sprzedawc\u0119 o monta\u017c testowy w Twoim samochodzie (popro\u015b, by przeprowadzi\u0142 go pracownik wyszkolony przez Britax R\u00f6mer).\u00a0W trakcie podr\u00f3\u017cy samolotem nasze foteliki i noside\u0142ka dla niemowl\u0105t zapewni\u0105 Twojemu male\u0144stwu ochron\u0119 oraz komfort. Przed wej\u015bciem z dzieckiem na pok\u0142ad samolotu sprawd\u017a, czy Tw\u00f3j fotelik widnieje na naszej li\u015bcie produkt\u00f3w wyposa\u017conych w atest na podr\u00f3\u017ce samolotem. Niekt\u00f3re z naszych fotelik\u00f3w samochodowych s\u0105 dostosowane do monta\u017cu przy u\u017cyciu samolotowych pas\u00f3w bezpiecze\u0144stwa, natomiast inne mog\u0105 wymaga\u0107 zainstalowania dodatkowych akcesori\u00f3w samolotowych. Celem uzyskania dalszych informacji prosimy skontaktowa\u0107 si\u0119 z lini\u0105 lotnicz\u0105.\u00a0Fotelik w kolorze Burgundy Red<\/p>\n<h2>Fotelik samochodowy Britax &amp; Romer Baby-Safe2 I-Size Burgundy Red 0-13Kg Britax &amp; Romer<\/h2>\n<p>pomys\u0142 na prezent dla nastolatk\u00f3w, ma\u0142y ksi\u0105\u017ce cytaty, kolorowanki \u015bwi\u0105teczne do wydruku, stare wierszyki dla dzieci, bajki na dobranoc do czytania, marcel imie, kolorowanka prezent, bajki do czytania dla dzieci, zabawy dla dzieci 9-12 lat, niezapomniany prezent na roczek, myszka minnie kolorowanka, testy z lektury opowie\u015bci z narnii lew czarownica i stara szafa, zagadki o zwierz\u0119tach, quiz o polsce dla dzieci, quiz o \u015bwi\u0119tach, \u017carty na prima aprilis dla rodzic\u00f3w, tymoteusz znaczenie imienia, bajka do czytania, weso\u0142e pisanki tekst, jak narysowac kota<\/p>\n<p>yyyyy<\/p>\n<p>&nbsp;<\/p>\n","protected":false},"excerpt":{"rendered":"<p>BABY-SAFE 2 i-SIZE towarzyszy Twojemu dziecku od urodzenia do 15 miesi\u0105ca. Dzi\u0119ki wyjmowanej wk\u0142adce dla noworodk\u00f3w i technologii p\u0142askiego u\u0142o\u017cenia, noside\u0142ko zapewnia ergonomiczn\u0105 pozycj\u0119 dla Twojego dziecka i wystarczaj\u0105co du\u017co miejsca, a\u017c maluch osi\u0105gnie 83 cm wzrostu. Wszystko z my\u015bl\u0105 o tym, by Twoje dziecko mia\u0142o zapewnione bezpiecze\u0144stwo i wygod\u0119 w ka\u017cdej podr\u00f3\u017cy.Warto wiedzie\u0107: BABY-SAFE [&hellip;]<\/p>\n","protected":false},"featured_media":8784,"comment_status":"closed","ping_status":"open","template":"","meta":[],"product_cat":[116,32],"product_tag":[871,856,846,872],"class_list":["post-8783","product","type-product","status-publish","has-post-thumbnail","hentry","product_cat-britax-romer","product_cat-foteliki-samochodowe","product_tag-bajka-o-smoku-wawelskim","product_tag-prezent-dla-16-latki","product_tag-rysowanki","product_tag-zagadki-dla-dzieci-6-lat"],"_links":{"self":[{"href":"http:\/\/klubmamgdynia.pl\/index.php\/wp-json\/wp\/v2\/product\/8783","targetHints":{"allow":["GET"]}}],"collection":[{"href":"http:\/\/klubmamgdynia.pl\/index.php\/wp-json\/wp\/v2\/product"}],"about":[{"href":"http:\/\/klubmamgdynia.pl\/index.php\/wp-json\/wp\/v2\/types\/product"}],"replies":[{"embeddable":true,"href":"http:\/\/klubmamgdynia.pl\/index.php\/wp-json\/wp\/v2\/comments?post=8783"}],"wp:featuredmedia":[{"embeddable":true,"href":"http:\/\/klubmamgdynia.pl\/index.php\/wp-json\/wp\/v2\/media\/8784"}],"wp:attachment":[{"href":"http:\/\/klubmamgdynia.pl\/index.php\/wp-json\/wp\/v2\/media?parent=8783"}],"wp:term":[{"taxonomy":"product_cat","embeddable":true,"href":"http:\/\/klubmamgdynia.pl\/index.php\/wp-json\/wp\/v2\/product_cat?post=8783"},{"taxonomy":"product_tag","embeddable":true,"href":"http:\/\/klubmamgdynia.pl\/index.php\/wp-json\/wp\/v2\/product_tag?post=8783"}],"curies":[{"name":"wp","href":"https:\/\/api.w.org\/{rel}","templated":true}]}}