{"id":8785,"date":"2015-09-28T14:28:13","date_gmt":"2015-09-28T12:28:13","guid":{"rendered":"http:\/\/klubmamgdynia.pl\/index.php\/produkt\/fotelik-samochodowy-britax-romer-kidfix-ii-xp-sict-ocean-blue-czarna-seria-15-36kg\/"},"modified":"2026-04-29T09:35:56","modified_gmt":"2026-04-29T07:35:56","slug":"fotelik-samochodowy-britax-romer-kidfix-ii-xp-sict-ocean-blue-czarna-seria-15-36kg","status":"publish","type":"product","link":"http:\/\/klubmamgdynia.pl\/index.php\/produkt\/fotelik-samochodowy-britax-romer-kidfix-ii-xp-sict-ocean-blue-czarna-seria-15-36kg\/","title":{"rendered":"Fotelik samochodowy Britax &amp; Romer Kidfix Ii Xp Sict Ocean Blue Czarna Seria 15-36Kg"},"content":{"rendered":"<p>Niemiecka marka Romer to jeden z pionier\u00f3w w\u015br\u00f3d producent\u00f3w fotelik\u00f3w samochodowych dost\u0119pnych na rynku. G\u0142\u00f3wny cel stanowi dla nich zapewnienie ma\u0142ym pasa\u017cerom najwy\u017cszego poziomu bezpiecze\u0144stwa, dlatego ich produkty posiadaj\u0105 wy\u0142\u0105cznie najlepsze rozwi\u0105zania z zakresu monta\u017cu, ochrony przed uderzeniami oraz komfortu jazdy. Nowa kolekcja BLACK SERIES charakteryzuje si\u0119 czarn\u0105 ram\u0105, kt\u00f3ra nadaje fotelikowi jeszcze wi\u0119cej szyku i stylowego wygl\u0105du. Model KidFix II XP SICT to ulepszona wersja modelu Kidfix XP SICT, kt\u00f3ry jako jedyny fotelik z grupy wagowej 15-36kg otrzyma\u0142 5 gwiazdek w testach ADAC! Wzbogacony o system SecureGuard, kt\u00f3rego zadaniem jest utrzymywanie pasa biodrowego na odpowiedniej wysoko\u015bci, zapewni twojemu dziecku jeszcze wi\u0119ksze bezpiecze\u0144stwo podczas jazdy. Mocno zabudowane \u015bciany boczne, uniwersalny monta\u017c, innowacyjne technologie zapewniaj\u0105ce bezpiecze\u0144stwo oraz materia\u0142y najlepszej jako\u015bci to tylko niekt\u00f3re z zalet tego modelu! Fotelik ro\u015bnie wraz z dzieckiem, dzi\u0119ki czemu pos\u0142u\u017cy maluchowi przez d\u0142ugi okres czasu (od oko\u0142o 4 do 12 lat). Jego du\u017cym atutem jest uniwersalny monta\u017c: za pomoc\u0105 zaczep\u00f3w Isofit (mi\u0119kki Isofix) lub trzypunktowych pas\u00f3w samochodowych. Takie rozwi\u0105zanie jest na prawd\u0119 przydatne dla rodzic\u00f3w, kt\u00f3rzy przewo\u017c\u0105 swoj\u0105 pociech\u0119 w r\u00f3\u017cnych modelach samochod\u00f3w. Dodatkowo fotelik posiada wska\u017aniki informuj\u0105ce o wpi\u0119ciu zaczep\u00f3w Isofix. Z tym modelem nie musisz martwi\u0107 si\u0119 o bezpiecze\u0144stwo swojego starszego malucha! Fotelik zosta\u0142 wzbogacony o nowoczesn\u0105 technologi\u0119 XP-PAD, kt\u00f3ra doskonale chroni szyj\u0119 oraz klatk\u0119 piersiow\u0105 dziecka podczas zderze\u0144 czo\u0142owych. G\u0142\u0119bokie \u015bciany boczne oraz mocno zabudowany zag\u0142\u00f3wek stanowi\u0105 bardzo dobre zabezpieczenie przed uderzeniami bocznymi, zapobiegaj\u0105c urazom bioder, klatki piersiowej oraz g\u0142owy. W foteliku zastosowano r\u00f3wnie\u017c najnowsze rozwi\u0105zanie marki Romer SecureGuard. Jest to specjalny uchwyt, kt\u00f3ry stanowi dodatkowy, czwarty punkt zaczepienia trzypunktowego pasa samochodowego. Dzi\u0119ki niemu pas biodrowy nie unosi si\u0119 na wysoko\u015b\u0107 brzucha, gdy dziecko si\u0119 porusza, lecz ca\u0142y czas pozostaje na prawid\u0142owym miejscu, co ma bardzo du\u017cy wp\u0142yw na bezpiecze\u0144stwo dziecka podczas jazdy. Dodatkowo fotelik zosta\u0142 wyposa\u017cony w innowacyjne, regulowane poduszki SICT, kt\u00f3re doskonale zabezpieczaj\u0105 g\u0142ow\u0119 przy zderzeniach bocznych. Fotelik ro\u015bnie wraz z dzieckiem! Posiada regulacj\u0119 wysoko\u015bci zag\u0142\u00f3wka, dzi\u0119ki czemu rodzic mo\u017ce w \u0142atwy spos\u00f3b dopasowa\u0107 oparcie do wzrostu dziecka. Siedzisko fotelika zosta\u0142o wy\u015bcielone mi\u0119kk\u0105, wytrzyma\u0142\u0105 i odporn\u0105 na zabrudzenia tapicerk\u0105, kt\u00f3ra zapewni dziecku najwy\u017cszy komfort podczas podr\u00f3\u017cy samochodem. Dodatkowo tapicerk\u0119 mo\u017cna w \u0142atwy i szybki spos\u00f3b zdj\u0105\u0107 do prania, co pozwoli na zachowanie jeszcze lepszej czysto\u015bci. Fotelik posiada prowadnice na pasy, kt\u00f3re sprawi\u0105, \u017ce pasy b\u0119d\u0105 dobrze poprowadzone, takie rozwi\u0105zanie u\u0142atwi prawid\u0142owe zapi\u0119cie malucha w foteliku. Zalety i cechy fotelika: skierowany dla dzieci od 15 do 36 kg (ok. 4 &#8211; 12 lat) uniwersalny monta\u017c: za pomoc\u0105 trzypunktowych pas\u00f3w samochodowych lub systemu Isofit (mi\u0119kki Isofix) g\u0142\u0119bokie \u015bciany boczne &#8211; bardzo dobra ochrona g\u0142owy, bark\u00f3w, klatki piersiowej oraz okolic bioder dziecka technologia XP-PAD &#8211; dodatkowo ochrona szyi i klatki piersiowej podczas zderze\u0144 czo\u0142owych niewielka waga fotelika &#8211; wygodny i szybki transport system SecureGuard &#8211; dodatkowy uchwyt utrzymuj\u0105cy pas biodrowy na prawid\u0142owej pozycji u\u017cyte materia\u0142y absorbuj\u0105 si\u0142\u0119 uderzenia podczas wypadku regulowane poduszki SICT: dodatkowa ochrona dla g\u0142owy dziecka przy zderzeniach bocznych, poduszk\u0119 wysuwa si\u0119 tylko z jednej strony (bli\u017cej drzwi samochodu) zag\u0142\u00f3wek z mo\u017cliwo\u015bci\u0105 regulacji wysoko\u015bci, zwi\u0119ksza ochron\u0119 g\u0142owy dziecka wska\u017anik informuj\u0105cy o wpi\u0119ciu zaczep\u00f3w Isofix \u0142atwy monta\u017c i demonta\u017c w samochodzie &#8211; prowadnice na pasy samochodowe montowany przodem do kierunku jazdy mi\u0119kka, trwa\u0142a oraz odporna na brud tapicerka tapicerk\u0119 mo\u017cna \u0142atwo zdj\u0105\u0107 i upra\u0107 w pralce mo\u017cliwo\u015b\u0107 dokupienia dedykowanych akcesori\u00f3w zapewnia jeszcze praktyczniejsze rozwi\u0105zania: letni pokrowiec na fotelik, dodatkowa tapicerka, organizer, os\u0142ona przeciws\u0142oneczna, wk\u0142adka termiczna, elastyczna poduszka SICT oraz ochraniacz na fotelik spe\u0142nia surowe normy bezpiecze\u0144stwa zgodnie z normami UE ECE R44 posiada pozytywne wyniki w mi\u0119dzynarodowych testach bezpiecze\u0144stwa ADAC (5 gwiazdek) fotelik posiada unikatowy numer seryjny, kt\u00f3ry potwierdza pochodzenie produktu od oficjalnego, polskiego dystrybutora produkowany w Europie Dane szczeg\u00f3\u0142owe: waga 7,3 kg wymiary: 54 cm x 39 cm x 67-85 cm Aukcja wystawiona automatycznie przez xSale<\/p>\n<h2>Fotelik samochodowy Britax &amp; Romer Kidfix Ii Xp Sict Ocean Blue Czarna Seria 15-36Kg Britax &amp; Romer<\/h2>\n<p>dzie\u0144 misia 2021, maska psi patrol do druku, pawe\u0142, \u015bmieszne zagadki dla dzieci 10 lat, asiunia &#8211; test z lektury pdf, list do miko\u0142aja wz\u00f3r pdf<\/p>\n<p>yyyyy<\/p>\n<p>&nbsp;<\/p>\n","protected":false},"excerpt":{"rendered":"<p>Niemiecka marka Romer to jeden z pionier\u00f3w w\u015br\u00f3d producent\u00f3w fotelik\u00f3w samochodowych dost\u0119pnych na rynku. G\u0142\u00f3wny cel stanowi dla nich zapewnienie ma\u0142ym pasa\u017cerom najwy\u017cszego poziomu bezpiecze\u0144stwa, dlatego ich produkty posiadaj\u0105 wy\u0142\u0105cznie najlepsze rozwi\u0105zania z zakresu monta\u017cu, ochrony przed uderzeniami oraz komfortu jazdy. Nowa kolekcja BLACK SERIES charakteryzuje si\u0119 czarn\u0105 ram\u0105, kt\u00f3ra nadaje fotelikowi jeszcze wi\u0119cej szyku [&hellip;]<\/p>\n","protected":false},"featured_media":8786,"comment_status":"closed","ping_status":"open","template":"","meta":[],"product_cat":[116,32],"product_tag":[669,594,703,757,693],"class_list":["post-8785","product","type-product","status-publish","has-post-thumbnail","hentry","product_cat-britax-romer","product_cat-foteliki-samochodowe","product_tag-kolorowanki","product_tag-podchwytliwe-zagadki-dla-dzieci","product_tag-prezent-dla-nastolatki","product_tag-test-z-lektury-ania-z-zielonego-wzgorza-klasa-6-z-odpowiedziami","product_tag-zagadki-dla-doroslych"],"_links":{"self":[{"href":"http:\/\/klubmamgdynia.pl\/index.php\/wp-json\/wp\/v2\/product\/8785","targetHints":{"allow":["GET"]}}],"collection":[{"href":"http:\/\/klubmamgdynia.pl\/index.php\/wp-json\/wp\/v2\/product"}],"about":[{"href":"http:\/\/klubmamgdynia.pl\/index.php\/wp-json\/wp\/v2\/types\/product"}],"replies":[{"embeddable":true,"href":"http:\/\/klubmamgdynia.pl\/index.php\/wp-json\/wp\/v2\/comments?post=8785"}],"wp:featuredmedia":[{"embeddable":true,"href":"http:\/\/klubmamgdynia.pl\/index.php\/wp-json\/wp\/v2\/media\/8786"}],"wp:attachment":[{"href":"http:\/\/klubmamgdynia.pl\/index.php\/wp-json\/wp\/v2\/media?parent=8785"}],"wp:term":[{"taxonomy":"product_cat","embeddable":true,"href":"http:\/\/klubmamgdynia.pl\/index.php\/wp-json\/wp\/v2\/product_cat?post=8785"},{"taxonomy":"product_tag","embeddable":true,"href":"http:\/\/klubmamgdynia.pl\/index.php\/wp-json\/wp\/v2\/product_tag?post=8785"}],"curies":[{"name":"wp","href":"https:\/\/api.w.org\/{rel}","templated":true}]}}