{"id":8787,"date":"2015-08-15T22:30:56","date_gmt":"2015-08-15T20:30:56","guid":{"rendered":"http:\/\/klubmamgdynia.pl\/index.php\/produkt\/nuk-butelka-z-wskaznikiem-temperatury-150ml\/"},"modified":"2026-05-17T22:43:06","modified_gmt":"2026-05-17T20:43:06","slug":"nuk-butelka-z-wskaznikiem-temperatury-150ml","status":"publish","type":"product","link":"http:\/\/klubmamgdynia.pl\/index.php\/produkt\/nuk-butelka-z-wskaznikiem-temperatury-150ml\/","title":{"rendered":"Nuk Butelka Z Wska\u017anikiem Temperatury 150Ml"},"content":{"rendered":"<p>Pierwszy wyb\u00f3r niemowl\u0105t, rodzic\u00f3w oraz ekspert\u00f3w!Butelka NUK First Choice+ ze wska\u017anikiem temperatury:\u2022 wska\u017anik temperatury NUK \u2022 wyj\u0105tkowo mi\u0119kki smoczek dostosowany do kszta\u0142tu jamy ustnej\u2022 testowana w szpitalach &#8211; dla optymalnego \u0142\u0105czenia karmienia piersi\u0105 i butelk\u0105*\u2022 antykolkowy system odpowietrzania pomaga zapobiega\u0107 kolce\u2022 wygodna do nape\u0142niania i czyszczenia &#8211; szeroki otw\u00f3r butelki\u2022 wykonana z polipropylenu (PP), pojemno\u015b\u0107 150 ml, nie zawiera bisfenolu A (BPA)\u2022 lateksowy smoczek, rozmiar 0-6 miesi\u0119cy, M (do mleka modyfikowanego)NOWO\u015a\u0106Wska\u017anik temperatury NUKAby mie\u0107 pewno\u015b\u0107, \u017ce pokarm podawany niemowl\u0119ciu nie b\u0119dzie zbyt gor\u0105cy, butelki NUK First Choice+* posiadaj\u0105 wska\u017anik temperatury NUK. Wska\u017anik wygl\u0105da jak termometr i jest umieszczony pomi\u0119dzy kreskami podzia\u0142ki. Wska\u017anik zmienia kolor pod wp\u0142ywem zmiany temperatury zawarto\u015bci butelki. Je\u017celi pokarm jest zbyt gor\u0105cy, wska\u017anik zmienia kolor z niebieskiego na bia\u0142y.Pokarm powinien by\u0107 podawany niemowl\u0119ciu w temperaturze cia\u0142a (37\u00b0= kolor b\u0142\u0119kitny).Prosimy o ponowne sprawdzenie temperatury bezpo\u015brednio przed podaniem dziecku butelki.*Poza butelkami szklanymi oraz z serii Disney&#8230;.<\/p>\n<h2>Nuk Butelka Z Wska\u017anikiem Temperatury 150Ml NUK<\/h2>\n<p>bajka o piesku do czytania, \u0142amig\u0142\u00f3wki logiczne, bajki dla dzieci do czytania, zabawy ruchowe dla dzieci, kolorowanka piesek do druku, planety do druku dla dzieci<\/p>\n<p>yyyyy<\/p>\n<p>&nbsp;<\/p>\n","protected":false},"excerpt":{"rendered":"<p>Pierwszy wyb\u00f3r niemowl\u0105t, rodzic\u00f3w oraz ekspert\u00f3w!Butelka NUK First Choice+ ze wska\u017anikiem temperatury:\u2022 wska\u017anik temperatury NUK \u2022 wyj\u0105tkowo mi\u0119kki smoczek dostosowany do kszta\u0142tu jamy ustnej\u2022 testowana w szpitalach &#8211; dla optymalnego \u0142\u0105czenia karmienia piersi\u0105 i butelk\u0105*\u2022 antykolkowy system odpowietrzania pomaga zapobiega\u0107 kolce\u2022 wygodna do nape\u0142niania i czyszczenia &#8211; szeroki otw\u00f3r butelki\u2022 wykonana z polipropylenu (PP), pojemno\u015b\u0107 [&hellip;]<\/p>\n","protected":false},"featured_media":8788,"comment_status":"closed","ping_status":"open","template":"","meta":[],"product_cat":[195,251],"product_tag":[851,673,847,621,868,741],"class_list":["post-8787","product","type-product","status-publish","has-post-thumbnail","hentry","product_cat-butelki","product_cat-nuk","product_tag-jak-narysowac-kota","product_tag-juz-blisko-koleda-tekst","product_tag-kolorowanki-pokemon","product_tag-prezenty-roczek","product_tag-quizy-dla-dzieci","product_tag-wlochy"],"_links":{"self":[{"href":"http:\/\/klubmamgdynia.pl\/index.php\/wp-json\/wp\/v2\/product\/8787","targetHints":{"allow":["GET"]}}],"collection":[{"href":"http:\/\/klubmamgdynia.pl\/index.php\/wp-json\/wp\/v2\/product"}],"about":[{"href":"http:\/\/klubmamgdynia.pl\/index.php\/wp-json\/wp\/v2\/types\/product"}],"replies":[{"embeddable":true,"href":"http:\/\/klubmamgdynia.pl\/index.php\/wp-json\/wp\/v2\/comments?post=8787"}],"wp:featuredmedia":[{"embeddable":true,"href":"http:\/\/klubmamgdynia.pl\/index.php\/wp-json\/wp\/v2\/media\/8788"}],"wp:attachment":[{"href":"http:\/\/klubmamgdynia.pl\/index.php\/wp-json\/wp\/v2\/media?parent=8787"}],"wp:term":[{"taxonomy":"product_cat","embeddable":true,"href":"http:\/\/klubmamgdynia.pl\/index.php\/wp-json\/wp\/v2\/product_cat?post=8787"},{"taxonomy":"product_tag","embeddable":true,"href":"http:\/\/klubmamgdynia.pl\/index.php\/wp-json\/wp\/v2\/product_tag?post=8787"}],"curies":[{"name":"wp","href":"https:\/\/api.w.org\/{rel}","templated":true}]}}