{"id":8789,"date":"2019-09-02T09:05:28","date_gmt":"2019-09-02T07:05:28","guid":{"rendered":"http:\/\/klubmamgdynia.pl\/index.php\/produkt\/oczyszczacz-powietrza-philips-ac2729-50\/"},"modified":"2026-04-26T12:17:19","modified_gmt":"2026-04-26T10:17:19","slug":"oczyszczacz-powietrza-philips-ac2729-50","status":"publish","type":"product","link":"http:\/\/klubmamgdynia.pl\/index.php\/produkt\/oczyszczacz-powietrza-philips-ac2729-50\/","title":{"rendered":"Oczyszczacz powietrza PHILIPS AC2729\/50"},"content":{"rendered":"<p>Kup i zarejestruj sw\u00f3j oczyszczacz lub nawil\u017cacz Philips i odbierz wymienny filtr za 1 z\u0142!Jak otrzyma\u0107 filtr za 1 z\u0142?1.\u00a0 Kup oczyszczacz lub nawil\u017cacz Philips u naszych partner\u00f3w\u00a0(lista sklep\u00f3w znajduje si\u0119 w regulaminie) i zarejestruj go na stronie philips.pl\/promocje2.\u00a0 W mailu zwrotnym otrzymasz specjalny kod zni\u017ckowy do dedykowanej strony zakupowej3.\u00a0 Po zakupie filtr zostanie wys\u0142any kurieremPromocja trwa od 14.02.2022 r. do 28.02.2023 r.                            <\/p>\n<p>                                Regulamin &#8211; Sprawd\u017a!<\/p>\n<h2>Oczyszczacz powietrza PHILIPS AC2729\/50 Philips<\/h2>\n<p>prezent na urodziny dla nastolatk\u00f3w, dzieci.pl, cytaty dla dzieci, milena, quizy dla dzieci, kolorowanki, dobrej nocy i sza, \u015bmieszne zagadki, miko\u0142ajek &#8211; test z odpowiedziami, bajki dla dzieci do czytania na dobranoc<\/p>\n<p>yyyyy<\/p>\n<p>&nbsp;<\/p>\n","protected":false},"excerpt":{"rendered":"<p>Kup i zarejestruj sw\u00f3j oczyszczacz lub nawil\u017cacz Philips i odbierz wymienny filtr za 1 z\u0142!Jak otrzyma\u0107 filtr za 1 z\u0142?1.\u00a0 Kup oczyszczacz lub nawil\u017cacz Philips u naszych partner\u00f3w\u00a0(lista sklep\u00f3w znajduje si\u0119 w regulaminie) i zarejestruj go na stronie philips.pl\/promocje2.\u00a0 W mailu zwrotnym otrzymasz specjalny kod zni\u017ckowy do dedykowanej strony zakupowej3.\u00a0 Po zakupie filtr zostanie wys\u0142any [&hellip;]<\/p>\n","protected":false},"featured_media":8790,"comment_status":"closed","ping_status":"open","template":"","meta":[],"product_cat":[1348,261],"product_tag":[844,619,749,659,649],"class_list":["post-8789","product","type-product","status-publish","has-post-thumbnail","hentry","product_cat-oczyszczacze-powietrza","product_cat-philips","product_tag-co-kupic-na-roczek","product_tag-iwo-imie","product_tag-najlepsze-zarty-na-prima-aprilis","product_tag-tupu-tup-po-sniegu-tekst","product_tag-zagadki-dla-nastolatkow"],"_links":{"self":[{"href":"http:\/\/klubmamgdynia.pl\/index.php\/wp-json\/wp\/v2\/product\/8789","targetHints":{"allow":["GET"]}}],"collection":[{"href":"http:\/\/klubmamgdynia.pl\/index.php\/wp-json\/wp\/v2\/product"}],"about":[{"href":"http:\/\/klubmamgdynia.pl\/index.php\/wp-json\/wp\/v2\/types\/product"}],"replies":[{"embeddable":true,"href":"http:\/\/klubmamgdynia.pl\/index.php\/wp-json\/wp\/v2\/comments?post=8789"}],"wp:featuredmedia":[{"embeddable":true,"href":"http:\/\/klubmamgdynia.pl\/index.php\/wp-json\/wp\/v2\/media\/8790"}],"wp:attachment":[{"href":"http:\/\/klubmamgdynia.pl\/index.php\/wp-json\/wp\/v2\/media?parent=8789"}],"wp:term":[{"taxonomy":"product_cat","embeddable":true,"href":"http:\/\/klubmamgdynia.pl\/index.php\/wp-json\/wp\/v2\/product_cat?post=8789"},{"taxonomy":"product_tag","embeddable":true,"href":"http:\/\/klubmamgdynia.pl\/index.php\/wp-json\/wp\/v2\/product_tag?post=8789"}],"curies":[{"name":"wp","href":"https:\/\/api.w.org\/{rel}","templated":true}]}}