{"id":8793,"date":"2017-01-04T16:13:02","date_gmt":"2017-01-04T15:13:02","guid":{"rendered":"http:\/\/klubmamgdynia.pl\/index.php\/produkt\/collecta-lampart-morski\/"},"modified":"2026-04-28T19:10:56","modified_gmt":"2026-04-28T17:10:56","slug":"collecta-lampart-morski","status":"publish","type":"product","link":"http:\/\/klubmamgdynia.pl\/index.php\/produkt\/collecta-lampart-morski\/","title":{"rendered":"Collecta Lampart Morski"},"content":{"rendered":"<p>LAMPART MORSKI to figurka kolekcjonerska firmy Collecta. Produkty tej firmy cechuje wysoka jako\u015b\u0107 wykonania oraz wiernie oddany kszta\u0142t oraz kolor zwierz\u0119cia. Ca\u0142a kolekcja obejmuje przesz\u0142o 553 gatunk\u00f3w, podzielonych na 9 kategorii i 4 grupy cenowe: S-small; M-medium; L-large; XL- X large; oraz figurki deluxe i akcesoria.<\/p>\n<h2>Collecta Lampart Morski Collecta<\/h2>\n<p>domki z rolek po papierze toaletowym, co na prezent dla 7 latki, cytat z kubusia puchatka o mi\u0142o\u015bci, natalia, kotki kolorowanka, zabawy na dzie\u0144 dziecka w szkole, zabawy ruchowe dla dzieci w przedszkolu, opis do zdj\u0119cia dziecka<\/p>\n<p>yyyyy<\/p>\n<p>&nbsp;<\/p>\n","protected":false},"excerpt":{"rendered":"<p>LAMPART MORSKI to figurka kolekcjonerska firmy Collecta. Produkty tej firmy cechuje wysoka jako\u015b\u0107 wykonania oraz wiernie oddany kszta\u0142t oraz kolor zwierz\u0119cia. Ca\u0142a kolekcja obejmuje przesz\u0142o 553 gatunk\u00f3w, podzielonych na 9 kategorii i 4 grupy cenowe: S-small; M-medium; L-large; XL- X large; oraz figurki deluxe i akcesoria. Collecta Lampart Morski Collecta domki z rolek po papierze [&hellip;]<\/p>\n","protected":false},"featured_media":8794,"comment_status":"closed","ping_status":"open","template":"","meta":[],"product_cat":[490,95],"product_tag":[831,681,862,798,632],"class_list":["post-8793","product","type-product","status-publish","has-post-thumbnail","hentry","product_cat-collecta","product_cat-figurki-makiety-i-zestawy","product_tag-bruno","product_tag-flagi-europy-quiz","product_tag-nasza-zima-zla-tekst","product_tag-prezenty-dla-nastolatki","product_tag-warszawa-atrakcje-dla-mlodziezy"],"_links":{"self":[{"href":"http:\/\/klubmamgdynia.pl\/index.php\/wp-json\/wp\/v2\/product\/8793","targetHints":{"allow":["GET"]}}],"collection":[{"href":"http:\/\/klubmamgdynia.pl\/index.php\/wp-json\/wp\/v2\/product"}],"about":[{"href":"http:\/\/klubmamgdynia.pl\/index.php\/wp-json\/wp\/v2\/types\/product"}],"replies":[{"embeddable":true,"href":"http:\/\/klubmamgdynia.pl\/index.php\/wp-json\/wp\/v2\/comments?post=8793"}],"wp:featuredmedia":[{"embeddable":true,"href":"http:\/\/klubmamgdynia.pl\/index.php\/wp-json\/wp\/v2\/media\/8794"}],"wp:attachment":[{"href":"http:\/\/klubmamgdynia.pl\/index.php\/wp-json\/wp\/v2\/media?parent=8793"}],"wp:term":[{"taxonomy":"product_cat","embeddable":true,"href":"http:\/\/klubmamgdynia.pl\/index.php\/wp-json\/wp\/v2\/product_cat?post=8793"},{"taxonomy":"product_tag","embeddable":true,"href":"http:\/\/klubmamgdynia.pl\/index.php\/wp-json\/wp\/v2\/product_tag?post=8793"}],"curies":[{"name":"wp","href":"https:\/\/api.w.org\/{rel}","templated":true}]}}