{"id":8795,"date":"2020-07-30T09:09:24","date_gmt":"2020-07-30T07:09:24","guid":{"rendered":"http:\/\/klubmamgdynia.pl\/index.php\/produkt\/nuk-zestaw-butelka-260ml-nature-sense-smoczek-silikon-6-18m-2szt-m-724847\/"},"modified":"2026-05-01T15:18:03","modified_gmt":"2026-05-01T13:18:03","slug":"nuk-zestaw-butelka-260ml-nature-sense-smoczek-silikon-6-18m-2szt-m-724847","status":"publish","type":"product","link":"http:\/\/klubmamgdynia.pl\/index.php\/produkt\/nuk-zestaw-butelka-260ml-nature-sense-smoczek-silikon-6-18m-2szt-m-724847\/","title":{"rendered":"Nuk Zestaw Butelka 260Ml Nature Sense + Smoczek Silikon 6-18M 2Szt. M 724847"},"content":{"rendered":"<p>Butelka NUK Nature Sense Beach z PP 260 ml, silikonkilka ma\u0142ych otwor\u00f3w, kt\u00f3re s\u0105 wzorowane na kanalikach mlecznych w piersi, zapewnia swobodny i naturalny wyp\u0142yw pokarmuszerokie, elastyczne oparcie dla warg i wyj\u0105tkowo mi\u0119kka ko\u0144c\u00f3wka smoczka &#8211; podobne do piersi mamyinnowacyjny Antykolkowy Odpowietrzacz pomaga zapobiega\u0107 po\u0142ykaniu powietrzabutelka wykonana z wysokiej jako\u015bci polipropylenu (PP) jest wytrzyma\u0142a i nie zawiera BPAdla dzieci od 6 do 18 miesi\u0119cy, M (6 ma\u0142ych otwor\u00f3w &#8211; do mleka modyfikowanego), pojemno\u015b\u0107 260 ml.R\u00f3\u017cne wzory. Produkty sprzedawane oddzielnie w zale\u017cno\u015bci od dost\u0119pno\u015bci. Przed zakupem prosimy o informacj\u0119, kt\u00f3ry wz\u00f3r zosta\u0142 wybrany. W przypadku nie podania wzoru towar zostanie wys\u0142any losowo.<\/p>\n<h2>Nuk Zestaw Butelka 260Ml Nature Sense + Smoczek Silikon 6-18M 2Szt. M 724847 NUK<\/h2>\n<p>wiersze o wio\u015bnie jana brzechwy, test znaki drogowe, bajki do czytania dla ch\u0142opc\u00f3w, kanapki na urodziny dziecka, gad\u017cety dla nastolatka, 1 listopada dzie\u0144 wszystkich \u015bwi\u0119tych kolorowanki, my little pony kolorowanki celestia, kolorowanki do druku, najlepsze zarty na prima aprilis, nela imi\u0119<\/p>\n<p>yyyyy<\/p>\n<p>&nbsp;<\/p>\n","protected":false},"excerpt":{"rendered":"<p>Butelka NUK Nature Sense Beach z PP 260 ml, silikonkilka ma\u0142ych otwor\u00f3w, kt\u00f3re s\u0105 wzorowane na kanalikach mlecznych w piersi, zapewnia swobodny i naturalny wyp\u0142yw pokarmuszerokie, elastyczne oparcie dla warg i wyj\u0105tkowo mi\u0119kka ko\u0144c\u00f3wka smoczka &#8211; podobne do piersi mamyinnowacyjny Antykolkowy Odpowietrzacz pomaga zapobiega\u0107 po\u0142ykaniu powietrzabutelka wykonana z wysokiej jako\u015bci polipropylenu (PP) jest wytrzyma\u0142a i [&hellip;]<\/p>\n","protected":false},"featured_media":8796,"comment_status":"closed","ping_status":"open","template":"","meta":[],"product_cat":[195,251],"product_tag":[584,591,675,746],"class_list":["post-8795","product","type-product","status-publish","has-post-thumbnail","hentry","product_cat-butelki","product_cat-nuk","product_tag-liwia","product_tag-quiz-o-minecraft","product_tag-test-z-lektury-kajko-i-kokosz-szkola-latania","product_tag-zagadki-typu-co-to-jest"],"_links":{"self":[{"href":"http:\/\/klubmamgdynia.pl\/index.php\/wp-json\/wp\/v2\/product\/8795","targetHints":{"allow":["GET"]}}],"collection":[{"href":"http:\/\/klubmamgdynia.pl\/index.php\/wp-json\/wp\/v2\/product"}],"about":[{"href":"http:\/\/klubmamgdynia.pl\/index.php\/wp-json\/wp\/v2\/types\/product"}],"replies":[{"embeddable":true,"href":"http:\/\/klubmamgdynia.pl\/index.php\/wp-json\/wp\/v2\/comments?post=8795"}],"wp:featuredmedia":[{"embeddable":true,"href":"http:\/\/klubmamgdynia.pl\/index.php\/wp-json\/wp\/v2\/media\/8796"}],"wp:attachment":[{"href":"http:\/\/klubmamgdynia.pl\/index.php\/wp-json\/wp\/v2\/media?parent=8795"}],"wp:term":[{"taxonomy":"product_cat","embeddable":true,"href":"http:\/\/klubmamgdynia.pl\/index.php\/wp-json\/wp\/v2\/product_cat?post=8795"},{"taxonomy":"product_tag","embeddable":true,"href":"http:\/\/klubmamgdynia.pl\/index.php\/wp-json\/wp\/v2\/product_tag?post=8795"}],"curies":[{"name":"wp","href":"https:\/\/api.w.org\/{rel}","templated":true}]}}