{"id":8797,"date":"2017-12-09T03:04:36","date_gmt":"2017-12-09T02:04:36","guid":{"rendered":"http:\/\/klubmamgdynia.pl\/index.php\/produkt\/nuk-nature-sense-120ml-0-6m-s-niebieski-liski\/"},"modified":"2026-05-17T22:38:32","modified_gmt":"2026-05-17T20:38:32","slug":"nuk-nature-sense-120ml-0-6m-s-niebieski-liski","status":"publish","type":"product","link":"http:\/\/klubmamgdynia.pl\/index.php\/produkt\/nuk-nature-sense-120ml-0-6m-s-niebieski-liski\/","title":{"rendered":"Nuk Nature Sense 120ml 0-6M S niebieski\/liski"},"content":{"rendered":"<p>NUK Nature SenseButelka antykolkowa szklana 120ml Soptymalne \u0142\u0105czenie karmienia piersi\u0105 i butelk\u0105naturalne odczucie podczas ssanianaturalny wyp\u0142yw pokarmu, kt\u00f3ry nie zaburza karmienia piersi\u0105kszta\u0142t smoczka korzystny dla rozwoju jamy ustnej dzieckakilka ma\u0142ych otwor\u00f3w, kt\u00f3re s\u0105 wzorowane na kanalikach mlecznych w piersi, zapewnia swobodny i naturalny wyp\u0142yw pokarmuszerokie, elastyczne oparcie dla warg i wyj\u0105tkowo mi\u0119kka ko\u0144c\u00f3wka smoczka &#8211; podobne do piersi mamyinnowacyjny antykolkowy odpowietrzacz pomaga zapobiega\u0107 po\u0142ykaniu powietrza Sprytne rozwi\u0105zanie!Butelka NUK Nature Sense jest przemy\u015blana w ka\u017cdym calu.Dzi\u0119ki wyj\u0105tkowej budowie nie potrzebujesz dodatkowego zabezpieczenia przed wylewaniem.Wystarczy w\u0142a\u015bciwie na\u0142o\u017cy\u0107 os\u0142onk\u0119 na smoczek i z butelki nie wyleje si\u0119 p\u0142yn.Dzi\u0119ki temu mo\u017cesz z jeszcze wi\u0119ksz\u0105 swobod\u0105 korzysta\u0107 z butelek NUK podczas spacer\u00f3w, zabawy, wyjazd\u00f3w.Nowe rozmiary smoczk\u00f3w Nature sense!Smoczki do butelek NUK Nature Sense s\u0105 dopasowane do indywidualnej si\u0142y ssania dziecka, 3 r\u00f3\u017cne warianty otwor\u00f3w pozwalaj\u0105 na dobranie optymalnego wyp\u0142ywu pokarmu.Smoczki maj\u0105 te\u017c r\u00f3\u017cn\u0105 liczb\u0119 ma\u0142ych otwor\u00f3w przep\u0142ywowych:S &#8211; do p\u0142yn\u00f3w (mleko mamy, herbatka, woda)M &#8211; do mleka modyfikowanegoL &#8211; do papekRozmiar smoczka powinien by\u0107 zawsze dostosowany do indywidualnego rozwoju dziecka.Opakowanie zawiera:1x butelka szklana Nature sense1x smoczek silikonowy S (3 ma\u0142ych otwory &#8211; do p\u0142yn\u00f3w)<\/p>\n<h2>Nuk Nature Sense 120ml 0-6M S niebieski\/liski NUK<\/h2>\n<p>psikusy na prima aprilis, test z dzieci z bullerbyn, dyplomy dla przedszkolak\u00f3w do wydrukowania, okolice wroc\u0142awia, lol surprise kolorowanki, kolorowanki dla dziewczynek do druku, bajki dla noworodka, imi\u0119 nela, oskar imie, cytaty na dzie\u0144 nauczyciela, bajki do czytania dla ch\u0142opc\u00f3w<\/p>\n<p>yyyyy<\/p>\n<p>&nbsp;<\/p>\n","protected":false},"excerpt":{"rendered":"<p>NUK Nature SenseButelka antykolkowa szklana 120ml Soptymalne \u0142\u0105czenie karmienia piersi\u0105 i butelk\u0105naturalne odczucie podczas ssanianaturalny wyp\u0142yw pokarmu, kt\u00f3ry nie zaburza karmienia piersi\u0105kszta\u0142t smoczka korzystny dla rozwoju jamy ustnej dzieckakilka ma\u0142ych otwor\u00f3w, kt\u00f3re s\u0105 wzorowane na kanalikach mlecznych w piersi, zapewnia swobodny i naturalny wyp\u0142yw pokarmuszerokie, elastyczne oparcie dla warg i wyj\u0105tkowo mi\u0119kka ko\u0144c\u00f3wka smoczka &#8211; [&hellip;]<\/p>\n","protected":false},"featured_media":8798,"comment_status":"closed","ping_status":"open","template":"","meta":[],"product_cat":[195,251],"product_tag":[802,673,729,628,809],"class_list":["post-8797","product","type-product","status-publish","has-post-thumbnail","hentry","product_cat-butelki","product_cat-nuk","product_tag-co-kupic-dziewczynce-na-roczek","product_tag-juz-blisko-koleda-tekst","product_tag-madre-bajki-dla-dzieci-do-czytania","product_tag-zagadka","product_tag-zagadki"],"_links":{"self":[{"href":"http:\/\/klubmamgdynia.pl\/index.php\/wp-json\/wp\/v2\/product\/8797","targetHints":{"allow":["GET"]}}],"collection":[{"href":"http:\/\/klubmamgdynia.pl\/index.php\/wp-json\/wp\/v2\/product"}],"about":[{"href":"http:\/\/klubmamgdynia.pl\/index.php\/wp-json\/wp\/v2\/types\/product"}],"replies":[{"embeddable":true,"href":"http:\/\/klubmamgdynia.pl\/index.php\/wp-json\/wp\/v2\/comments?post=8797"}],"wp:featuredmedia":[{"embeddable":true,"href":"http:\/\/klubmamgdynia.pl\/index.php\/wp-json\/wp\/v2\/media\/8798"}],"wp:attachment":[{"href":"http:\/\/klubmamgdynia.pl\/index.php\/wp-json\/wp\/v2\/media?parent=8797"}],"wp:term":[{"taxonomy":"product_cat","embeddable":true,"href":"http:\/\/klubmamgdynia.pl\/index.php\/wp-json\/wp\/v2\/product_cat?post=8797"},{"taxonomy":"product_tag","embeddable":true,"href":"http:\/\/klubmamgdynia.pl\/index.php\/wp-json\/wp\/v2\/product_tag?post=8797"}],"curies":[{"name":"wp","href":"https:\/\/api.w.org\/{rel}","templated":true}]}}