{"id":8799,"date":"2022-04-06T12:12:09","date_gmt":"2022-04-06T10:12:09","guid":{"rendered":"http:\/\/klubmamgdynia.pl\/index.php\/produkt\/lifefactory-butelka-szklana-z-ustnikiem-classic-cap-650ml-desert-rose\/"},"modified":"2026-04-30T04:43:26","modified_gmt":"2026-04-30T02:43:26","slug":"lifefactory-butelka-szklana-z-ustnikiem-classic-cap-650ml-desert-rose","status":"publish","type":"product","link":"http:\/\/klubmamgdynia.pl\/index.php\/produkt\/lifefactory-butelka-szklana-z-ustnikiem-classic-cap-650ml-desert-rose\/","title":{"rendered":"Lifefactory Butelka Szklana Z Ustnikiem Classic Cap 650Ml Desert Rose"},"content":{"rendered":"<p>Zdrowa alternatywa dla plastikowych butelek poid\u0142owych &#8211; szklane butelki zapobiegaj\u0105 najwi\u0119kszemu zagro\u017ceniu stwarzanemu przez plastikowe butelki poid\u0142owe: nie zawieraj\u0105 one bisfenolu A (BPA). W szczeg\u00f3lno\u015bci gor\u0105ce napoje i mycie par\u0105 wodn\u0105 BPA jest wykonane z poli(at), kt\u00f3ry carbon jest u\u017cywany do produkcji plastikowych butelek. Bisfenol A dostaje si\u0119 do pokarmu, r\u00f3wnie\u017c do pokarmu dla dzieci i mo\u017ce powodowa\u0107 zmiany w materiale genetycznym. Oczekuje si\u0119 r\u00f3wnie\u017c, \u017ce BPA zwi\u0119kszy ryzyko wyst\u0105pienia chor\u00f3b uk\u0142adu kr\u0105\u017cenia i cukrzycy u doros\u0142ych. Butelki szklane nie zawieraj\u0105 tej substancji i dlatego s\u0105 zdrowsz\u0105 alternatyw\u0105 dla ludzi. Higieniczne i nieszkodliwe &#8211; higieniczne i nieszkodliwe rozwi\u0105zanie dla rodzic\u00f3w i Babys oferuje odporne na temperatur\u0119 szk\u0142o borokrzemianowe szklanych Lifefactory butelek. Woda, mro\u017cona herbata, mleko i wszystkie inne napoje mog\u0105 by\u0107 przenoszone sport do butelek w drodze, na czas Sport i w czasie wolnym. Szk\u0142o, kt\u00f3re nie jest szkodliwe dla zdrowia, sprawia r\u00f3wnie\u017c, \u017ce Lifefactory butelki s\u0105 idealnym szklanym pojemnikiem na \u017cywno\u015b\u0107 dla dzieci. Szczeg\u00f3\u0142y dotycz\u0105ce produktu: butelka do picia Materia\u0142: odporne na temperatur\u0119 szk\u0142o borokrzemianowe Wolne od BPA i BPS Bezpieczne dla smaku neutral i zmywania w zmywarce do naczy\u0144 Rozmiar zawarto\u015bci: 475 ml. powieka Polipropylen bezftalanowy (PP#5) Wolne od PBA i BPS Higieniczne i bezpieczne Pier\u015bcie\u0144 uszczelniaj\u0105cy z certyfikowanego medycznie silikonu kurtka silikonowa Kolor: r\u00f3\u017cowy Wykonane z certyfikowanego medycznie silikonu. Bezp\u0142atne BPA i BPS Zapewnia dobry chwyt i chroni szk\u0142o.<\/p>\n<h2>Lifefactory Butelka Szklana Z Ustnikiem Classic Cap 650Ml Desert Rose Lifefactory<\/h2>\n<p>zaproszenia urodzinowe do wydruku chomikuj, stare bajki, nadia imi\u0119, znaczenie imienia milan, zagadki o zimie, test z lektury miko\u0142ajek do druku, zagadka o wio\u015bnie, gabriel imi\u0119, sentencja dla dziecka, szablony postacie do szopki do druku, pytania wielkanocne<\/p>\n<p>yyyyy<\/p>\n<p>&nbsp;<\/p>\n","protected":false},"excerpt":{"rendered":"<p>Zdrowa alternatywa dla plastikowych butelek poid\u0142owych &#8211; szklane butelki zapobiegaj\u0105 najwi\u0119kszemu zagro\u017ceniu stwarzanemu przez plastikowe butelki poid\u0142owe: nie zawieraj\u0105 one bisfenolu A (BPA). W szczeg\u00f3lno\u015bci gor\u0105ce napoje i mycie par\u0105 wodn\u0105 BPA jest wykonane z poli(at), kt\u00f3ry carbon jest u\u017cywany do produkcji plastikowych butelek. Bisfenol A dostaje si\u0119 do pokarmu, r\u00f3wnie\u017c do pokarmu dla dzieci [&hellip;]<\/p>\n","protected":false},"featured_media":8800,"comment_status":"closed","ping_status":"open","template":"","meta":[],"product_cat":[1733,215],"product_tag":[656,866,596,860],"class_list":["post-8799","product","type-product","status-publish","has-post-thumbnail","hentry","product_cat-lifefactory","product_cat-naczynia-i-sztucce-dla-dzieci","product_tag-kolorowanki-lol","product_tag-opis-do-zdjecia-dziecka-na-fb","product_tag-pomysly-na-prima-aprilis","product_tag-zagadki-logiczne-dla-doroslych"],"_links":{"self":[{"href":"http:\/\/klubmamgdynia.pl\/index.php\/wp-json\/wp\/v2\/product\/8799","targetHints":{"allow":["GET"]}}],"collection":[{"href":"http:\/\/klubmamgdynia.pl\/index.php\/wp-json\/wp\/v2\/product"}],"about":[{"href":"http:\/\/klubmamgdynia.pl\/index.php\/wp-json\/wp\/v2\/types\/product"}],"replies":[{"embeddable":true,"href":"http:\/\/klubmamgdynia.pl\/index.php\/wp-json\/wp\/v2\/comments?post=8799"}],"wp:featuredmedia":[{"embeddable":true,"href":"http:\/\/klubmamgdynia.pl\/index.php\/wp-json\/wp\/v2\/media\/8800"}],"wp:attachment":[{"href":"http:\/\/klubmamgdynia.pl\/index.php\/wp-json\/wp\/v2\/media?parent=8799"}],"wp:term":[{"taxonomy":"product_cat","embeddable":true,"href":"http:\/\/klubmamgdynia.pl\/index.php\/wp-json\/wp\/v2\/product_cat?post=8799"},{"taxonomy":"product_tag","embeddable":true,"href":"http:\/\/klubmamgdynia.pl\/index.php\/wp-json\/wp\/v2\/product_tag?post=8799"}],"curies":[{"name":"wp","href":"https:\/\/api.w.org\/{rel}","templated":true}]}}