{"id":88,"date":"2012-09-16T16:34:49","date_gmt":"2012-09-16T14:34:49","guid":{"rendered":"http:\/\/klubmamgdynia.pl\/index.php\/produkt\/fotelik-samochodowy-recaro-salia-125-kid-0-7lat-i-size-obrotowy\/"},"modified":"2026-04-06T00:41:58","modified_gmt":"2026-04-05T22:41:58","slug":"fotelik-samochodowy-recaro-salia-125-kid-0-7lat-i-size-obrotowy","status":"publish","type":"product","link":"http:\/\/klubmamgdynia.pl\/index.php\/produkt\/fotelik-samochodowy-recaro-salia-125-kid-0-7lat-i-size-obrotowy\/","title":{"rendered":"Fotelik samochodowy Recaro Salia 125 Kid 0-7Lat I-Size Obrotowy"},"content":{"rendered":"<p>Salia 125 KID &#8211; NOWO\u015a\u0106 2022! Wszystko czego potrzebujesz Ty i twoja rodzina. Fotelik RECARO Salia 125 KID imponuje zar\u00f3wno bezpiecze\u0144stwem dziecka w trakcie jazdy, jak i d\u0142ugo\u015bci\u0105 u\u017cytkowania, od 3 miesi\u0105ca a\u017c do 7 lat.<\/p>\n<h2>Fotelik samochodowy Recaro Salia 125 Kid 0-7Lat I-Size Obrotowy Recaro<\/h2>\n<p>impreza halloween 2021 dla dzieci, plac zabaw warszawa, tajemniczy ogr\u00f3d test z odpowiedziami, malgorzata znaczenie imienia, elzbieta imie, motto dla nauczyciela, kolorowanki star wars, zagadki typu co to jest, m\u0105dre prezenty dla 7 latki, rozalia imie, menu na urodziny dziecka, kolorowanki na andrzejki do wydruku, flagi europy quiz, test z lektury narnia lew czarownica i stara szafa, zagdki, miko\u0142ajkowe zabawy, kolorowanka lol surprise, bianka, minionki do druku, trudne zagadki dla doros\u0142ych<\/p>\n<p>yyyyy<\/p>\n<p>&nbsp;<\/p>\n","protected":false},"excerpt":{"rendered":"<p>Salia 125 KID &#8211; NOWO\u015a\u0106 2022! Wszystko czego potrzebujesz Ty i twoja rodzina. Fotelik RECARO Salia 125 KID imponuje zar\u00f3wno bezpiecze\u0144stwem dziecka w trakcie jazdy, jak i d\u0142ugo\u015bci\u0105 u\u017cytkowania, od 3 miesi\u0105ca a\u017c do 7 lat. Fotelik samochodowy Recaro Salia 125 Kid 0-7Lat I-Size Obrotowy Recaro impreza halloween 2021 dla dzieci, plac zabaw warszawa, tajemniczy [&hellip;]<\/p>\n","protected":false},"featured_media":89,"comment_status":"closed","ping_status":"open","template":"","meta":[],"product_cat":[32,58],"product_tag":[801,728,583,618],"class_list":["post-88","product","type-product","status-publish","has-post-thumbnail","hentry","product_cat-foteliki-samochodowe","product_cat-recaro","product_tag-bajki-terapeutyczne-o-emocjach","product_tag-bezwarunkowa-milosc-do-dziecka-cytaty","product_tag-kolysanki-dla-dzieci-tekst","product_tag-lato-lato-lato-czeka-tekst"],"_links":{"self":[{"href":"http:\/\/klubmamgdynia.pl\/index.php\/wp-json\/wp\/v2\/product\/88","targetHints":{"allow":["GET"]}}],"collection":[{"href":"http:\/\/klubmamgdynia.pl\/index.php\/wp-json\/wp\/v2\/product"}],"about":[{"href":"http:\/\/klubmamgdynia.pl\/index.php\/wp-json\/wp\/v2\/types\/product"}],"replies":[{"embeddable":true,"href":"http:\/\/klubmamgdynia.pl\/index.php\/wp-json\/wp\/v2\/comments?post=88"}],"wp:featuredmedia":[{"embeddable":true,"href":"http:\/\/klubmamgdynia.pl\/index.php\/wp-json\/wp\/v2\/media\/89"}],"wp:attachment":[{"href":"http:\/\/klubmamgdynia.pl\/index.php\/wp-json\/wp\/v2\/media?parent=88"}],"wp:term":[{"taxonomy":"product_cat","embeddable":true,"href":"http:\/\/klubmamgdynia.pl\/index.php\/wp-json\/wp\/v2\/product_cat?post=88"},{"taxonomy":"product_tag","embeddable":true,"href":"http:\/\/klubmamgdynia.pl\/index.php\/wp-json\/wp\/v2\/product_tag?post=88"}],"curies":[{"name":"wp","href":"https:\/\/api.w.org\/{rel}","templated":true}]}}