{"id":880,"date":"2024-12-30T17:34:19","date_gmt":"2024-12-30T16:34:19","guid":{"rendered":"http:\/\/klubmamgdynia.pl\/?post_type=product&#038;p=880"},"modified":"2026-04-28T21:28:25","modified_gmt":"2026-04-28T19:28:25","slug":"piekna-i-bestia-disney-dvd","status":"publish","type":"product","link":"http:\/\/klubmamgdynia.pl\/index.php\/produkt\/piekna-i-bestia-disney-dvd\/","title":{"rendered":"Pi\u0119kna i Bestia (Disney) [DVD]"},"content":{"rendered":"<p>Pi\u0119kna i Bestia<\/p>\n<p>Bella (Emma Watson) jest mieszkank\u0105 francuskiej wioski. Kiedy dowiaduje si\u0119, \u017ce jej ojciec Maurycy (Kevin Kline) zosta\u0142 uwi\u0119ziony w pa\u0142acu okrutnej bestii (Dan Stevens), postanawia odnale\u017a\u0107 jego siedzib\u0119. Dziewczyna oferuje mu swe \u017cycie, w zamian za \u017cycie ojca. Potw\u00f3r przystaje na propozycj\u0119. Ku zdziwieniu Belli, bestia nie wi\u0119zi jej w lochu. Zamiast tego dziewczyna zamieszkuje w pi\u0119knej komnacie pe\u0142nej zaczarowanych przedmiot\u00f3w, takich jak: zegar Trybik (Ian McKellen), \u015bwiecznik P\u0142omyk (Ewan McGregor), czy miote\u0142ka Puf Puf (Gugu Mbatha-Raw). Tymczasem Maurycy chc\u0105c uratowa\u0107 sw\u0105 c\u00f3rk\u0119, zwraca si\u0119 o pomoc do pewnego my\u015bliwego &#8211; Gastona (Luke Evans), kt\u00f3ry jest zakochany w Belli.\u00a0                            <\/p>\n<p>            Zwiastun<\/p>\n<h2>Pi\u0119kna i Bestia (Disney) [DVD] <\/h2>\n<p>dinozaur bajka, wroc\u0142aw dla dzieci, wiersz o wakacjach, ma\u0142y ksi\u0105\u017ce cytaty, traktor do druku, test z asiuni lektury, czytanki na dobranoc, wzruszaj\u0105ce teksty dla mamy, kolorowanki antystresowe, molo w brze\u017anie, \u017carty na prima aprilis dla mamy, zagadki dla dzieci 10-12 lat, atrakcje dla dzieci w warszawie dzi\u015b, quiz zemsta<\/p>\n<p>yyyyy<\/p>\n<p>&nbsp;<\/p>\n","protected":false},"excerpt":{"rendered":"<p>Pi\u0119kna i Bestia Bella (Emma Watson) jest mieszkank\u0105 francuskiej wioski. Kiedy dowiaduje si\u0119, \u017ce jej ojciec Maurycy (Kevin Kline) zosta\u0142 uwi\u0119ziony w pa\u0142acu okrutnej bestii (Dan Stevens), postanawia odnale\u017a\u0107 jego siedzib\u0119. Dziewczyna oferuje mu swe \u017cycie, w zamian za \u017cycie ojca. Potw\u00f3r przystaje na propozycj\u0119. Ku zdziwieniu Belli, bestia nie wi\u0119zi jej w lochu. Zamiast [&hellip;]<\/p>\n","protected":false},"featured_media":881,"comment_status":"closed","ping_status":"open","template":"","meta":[],"product_cat":[304],"product_tag":[680,732,793],"class_list":["post-880","product","type-product","status-publish","has-post-thumbnail","hentry","product_cat-filmy-dvd","product_tag-cytaty-z-malego-ksiecia","product_tag-prezent-dla-rocznego-chlopca","product_tag-zagadki-smieszne-podchwytliwe"],"_links":{"self":[{"href":"http:\/\/klubmamgdynia.pl\/index.php\/wp-json\/wp\/v2\/product\/880","targetHints":{"allow":["GET"]}}],"collection":[{"href":"http:\/\/klubmamgdynia.pl\/index.php\/wp-json\/wp\/v2\/product"}],"about":[{"href":"http:\/\/klubmamgdynia.pl\/index.php\/wp-json\/wp\/v2\/types\/product"}],"replies":[{"embeddable":true,"href":"http:\/\/klubmamgdynia.pl\/index.php\/wp-json\/wp\/v2\/comments?post=880"}],"wp:featuredmedia":[{"embeddable":true,"href":"http:\/\/klubmamgdynia.pl\/index.php\/wp-json\/wp\/v2\/media\/881"}],"wp:attachment":[{"href":"http:\/\/klubmamgdynia.pl\/index.php\/wp-json\/wp\/v2\/media?parent=880"}],"wp:term":[{"taxonomy":"product_cat","embeddable":true,"href":"http:\/\/klubmamgdynia.pl\/index.php\/wp-json\/wp\/v2\/product_cat?post=880"},{"taxonomy":"product_tag","embeddable":true,"href":"http:\/\/klubmamgdynia.pl\/index.php\/wp-json\/wp\/v2\/product_tag?post=880"}],"curies":[{"name":"wp","href":"https:\/\/api.w.org\/{rel}","templated":true}]}}