{"id":8801,"date":"2019-12-20T17:20:24","date_gmt":"2019-12-20T16:20:24","guid":{"rendered":"http:\/\/klubmamgdynia.pl\/index.php\/produkt\/papo-prosie\/"},"modified":"2026-05-01T00:41:05","modified_gmt":"2026-04-30T22:41:05","slug":"papo-prosie","status":"publish","type":"product","link":"http:\/\/klubmamgdynia.pl\/index.php\/produkt\/papo-prosie\/","title":{"rendered":"Papo Prosi\u0119"},"content":{"rendered":"<p>Wszystkie figurki Papo zosta\u0142y zaprojektowane i opracowane we Francji, w celu \u0142\u0105czenia nauki i zabawy dla dzieci. Figurki Papo s\u0105 \u017ar\u00f3d\u0142em rozrywki, pobudzaj\u0105 dzieci\u0119c\u0105 wyobra\u017ani\u0119, co jest wa\u017cne dla ich rozwoju.R\u00f3\u017cnorodno\u015b\u0107 postaci i wzajemne oddzia\u0142ywanie r\u00f3\u017cnych wszech\u015bwiat\u00f3w stymuluj\u0105 kreatywno\u015b\u0107 i wyobra\u017ani\u0119. Dlatego tak cz\u0119sto wykorzystywane s\u0105 w metodzie Montessori. Figurki s\u0105 r\u0119cznie malowane, z najwi\u0119ksz\u0105 dba\u0142o\u015bci\u0105 o szczeg\u00f3\u0142y.Dzi\u0119ki wysokiej jako\u015bci wykonania i realistycznemu odwzorowaniu figurki Papo s\u0105 bardzo popularne w\u015br\u00f3d wielu kolekcjoner\u00f3w i specjalist\u00f3w.Jednym z ci\u0105g\u0142ych i g\u0142\u00f3wnych priorytet\u00f3w od lat, jest jako\u015b\u0107 (jako\u015b\u0107 form i materia\u0142\u00f3w, z kt\u00f3rych s\u0105 wykonane). NAZWA PROSI\u0118 PRODUCENT PAPO EAN 3465000511364 Znajd\u017a podobne wed\u0142ug klucza: PAPO (427750)<\/p>\n<h2>Papo Prosi\u0119 Papo<\/h2>\n<p>imi\u0119 nadia, mi\u015b z filmu animowanego, kotek kolorowanka do druku, test z dynastii mizio\u0142k\u00f3w, karty pracy po ukrai\u0144sku, dla nastolatk\u00f3w prezenty, rzadkie imiona \u017ce\u0144skie polskie, gry planszowe dla nastolatk\u00f3w, flagi europy quiz, karnawa\u0142 maska karnawa\u0142owa szablon, jak zrobi\u0107 du\u017ce jajo wielkanocne, nauka zegara do druku pdf, pokemon kolorowanki do druku, stolice europy quiz, co kupi\u0107 nastolatkowi, jaki prezent na roczek, w\u0142ochy, prezenty dla m\u0142odzie\u017cy, wr\u00f3\u017cby andrzejkowe kolory, ostatni dzwonek tekst, quiz dla dzieci<\/p>\n<p>yyyyy<\/p>\n<p>&nbsp;<\/p>\n","protected":false},"excerpt":{"rendered":"<p>Wszystkie figurki Papo zosta\u0142y zaprojektowane i opracowane we Francji, w celu \u0142\u0105czenia nauki i zabawy dla dzieci. Figurki Papo s\u0105 \u017ar\u00f3d\u0142em rozrywki, pobudzaj\u0105 dzieci\u0119c\u0105 wyobra\u017ani\u0119, co jest wa\u017cne dla ich rozwoju.R\u00f3\u017cnorodno\u015b\u0107 postaci i wzajemne oddzia\u0142ywanie r\u00f3\u017cnych wszech\u015bwiat\u00f3w stymuluj\u0105 kreatywno\u015b\u0107 i wyobra\u017ani\u0119. Dlatego tak cz\u0119sto wykorzystywane s\u0105 w metodzie Montessori. Figurki s\u0105 r\u0119cznie malowane, z najwi\u0119ksz\u0105 [&hellip;]<\/p>\n","protected":false},"featured_media":8802,"comment_status":"closed","ping_status":"open","template":"","meta":[],"product_cat":[95,880],"product_tag":[817,788,712],"class_list":["post-8801","product","type-product","status-publish","has-post-thumbnail","hentry","product_cat-figurki-makiety-i-zestawy","product_cat-papo","product_tag-bajka-terapeutyczna-o-emocjach","product_tag-zagadki-krotkie","product_tag-zagadki-o-zwierzetach"],"_links":{"self":[{"href":"http:\/\/klubmamgdynia.pl\/index.php\/wp-json\/wp\/v2\/product\/8801","targetHints":{"allow":["GET"]}}],"collection":[{"href":"http:\/\/klubmamgdynia.pl\/index.php\/wp-json\/wp\/v2\/product"}],"about":[{"href":"http:\/\/klubmamgdynia.pl\/index.php\/wp-json\/wp\/v2\/types\/product"}],"replies":[{"embeddable":true,"href":"http:\/\/klubmamgdynia.pl\/index.php\/wp-json\/wp\/v2\/comments?post=8801"}],"wp:featuredmedia":[{"embeddable":true,"href":"http:\/\/klubmamgdynia.pl\/index.php\/wp-json\/wp\/v2\/media\/8802"}],"wp:attachment":[{"href":"http:\/\/klubmamgdynia.pl\/index.php\/wp-json\/wp\/v2\/media?parent=8801"}],"wp:term":[{"taxonomy":"product_cat","embeddable":true,"href":"http:\/\/klubmamgdynia.pl\/index.php\/wp-json\/wp\/v2\/product_cat?post=8801"},{"taxonomy":"product_tag","embeddable":true,"href":"http:\/\/klubmamgdynia.pl\/index.php\/wp-json\/wp\/v2\/product_tag?post=8801"}],"curies":[{"name":"wp","href":"https:\/\/api.w.org\/{rel}","templated":true}]}}