{"id":8803,"date":"2019-06-16T13:15:12","date_gmt":"2019-06-16T11:15:12","guid":{"rendered":"http:\/\/klubmamgdynia.pl\/index.php\/produkt\/stojak-tipi-do-kosza-mojzesza-white-childhome\/"},"modified":"2026-04-05T00:06:02","modified_gmt":"2026-04-04T22:06:02","slug":"stojak-tipi-do-kosza-mojzesza-white-childhome","status":"publish","type":"product","link":"http:\/\/klubmamgdynia.pl\/index.php\/produkt\/stojak-tipi-do-kosza-mojzesza-white-childhome\/","title":{"rendered":"Stojak Tipi Do Kosza Moj\u017cesza White Childhome"},"content":{"rendered":"<p>Stojak Tipi to produkt 2w1. Stela\u017c na kosz Moj\u017cesza kt\u00f3ry mo\u017cna z \u0142atwo\u015bci\u0105 przekszta\u0142ci\u0107 w stojak edukacyjny Tipi, wspieraj\u0105c w ten spos\u00f3b rozw\u00f3j motoryki swojego dziecka. Wystarczy zawiesi\u0107 na nim kilka zabawek, kt\u00f3re maluch b\u0119dzie ch\u0119tnie chwyta\u0142 i uderza\u0142 n\u00f3\u017ckami, bawi\u0105c si\u0119 i \u0107wicz\u0105c jednocze\u015bnie. Stojak na kosz Moj\u017cesza to pi\u0119kny, drewniany stela\u017c, na kt\u00f3rym \u0142atwo i bezpiecznie umie\u015bcisz jeden z koszy Childhome. Stojak zajmuje niewiele miejsca i b\u0119dzie prawdziw\u0105 ozdob\u0105 ka\u017cdego wn\u0119trza. wymiary: 87,0 x 52,0 x 60,0 cm por\u0119czny i \u0142atwy w przenoszeniu, dzi\u0119ki czemu zawsze mo\u017cesz by\u0107 w pobli\u017cu swojego dziecka. pasuje do koszy Moj\u017cesza Childhome. w zestawie: stojak drewniany, 2 zdejmowane ramiona i 2 klocki maskuj\u0105ce otwory uwaga*: aby przekszta\u0142ci\u0107 stojak na kosz Moj\u017cesza w si\u0142owni\u0119 dla niemowl\u0105t, usu\u0144 dwa zdejmowane ramiona podtrzymuj\u0105ce kosz. w zestawie 2 ma\u0142e klocki do zakrycia otwor\u00f3w. dost\u0119pne osobno: kosz Moj\u017cesza, zabawki gimnastyczne i mi\u0119kkie maty do zabawy sk\u0142ad: drewno bukowe norma EN: EN 1466: 2014 czy\u015bci\u0107 wilgotn\u0105 szmatk\u0105, osuszy\u0107.<\/p>\n<h2>Stojak Tipi Do Kosza Moj\u017cesza White Childhome Childhome<\/h2>\n<p>ilona, opisy rodzina, imie pola, karty matematyczne tabliczka mno\u017cenia do wydruku, maciej imie, aurora imi\u0119, jasmin imi\u0119, gabriela, nowe quizy do rozwi\u0105zania, zagadki wielkanocne do druku, kolorowanka lol, bajki dla dzieci za darmo, sentencja dla dziecka, opisy do zdj z dzieckiem, test magiczne drzewo czerwone krzes\u0142o, kalina imi\u0119, opowie\u015bci z narni test, bajka o biedronce<\/p>\n<p>yyyyy<\/p>\n<p>&nbsp;<\/p>\n","protected":false},"excerpt":{"rendered":"<p>Stojak Tipi to produkt 2w1. Stela\u017c na kosz Moj\u017cesza kt\u00f3ry mo\u017cna z \u0142atwo\u015bci\u0105 przekszta\u0142ci\u0107 w stojak edukacyjny Tipi, wspieraj\u0105c w ten spos\u00f3b rozw\u00f3j motoryki swojego dziecka. Wystarczy zawiesi\u0107 na nim kilka zabawek, kt\u00f3re maluch b\u0119dzie ch\u0119tnie chwyta\u0142 i uderza\u0142 n\u00f3\u017ckami, bawi\u0105c si\u0119 i \u0107wicz\u0105c jednocze\u015bnie. Stojak na kosz Moj\u017cesza to pi\u0119kny, drewniany stela\u017c, na kt\u00f3rym [&hellip;]<\/p>\n","protected":false},"featured_media":8804,"comment_status":"closed","ping_status":"open","template":"","meta":[],"product_cat":[949,473],"product_tag":[583,687,579],"class_list":["post-8803","product","type-product","status-publish","has-post-thumbnail","hentry","product_cat-akcesoria-do-mebli-dzieciecych","product_cat-childhome","product_tag-kolysanki-dla-dzieci-tekst","product_tag-podchwytliwe-zagadki-matematyczne","product_tag-quiz-opowiesci-z-narnii-lew-czarownica-i-stara-szafa"],"_links":{"self":[{"href":"http:\/\/klubmamgdynia.pl\/index.php\/wp-json\/wp\/v2\/product\/8803","targetHints":{"allow":["GET"]}}],"collection":[{"href":"http:\/\/klubmamgdynia.pl\/index.php\/wp-json\/wp\/v2\/product"}],"about":[{"href":"http:\/\/klubmamgdynia.pl\/index.php\/wp-json\/wp\/v2\/types\/product"}],"replies":[{"embeddable":true,"href":"http:\/\/klubmamgdynia.pl\/index.php\/wp-json\/wp\/v2\/comments?post=8803"}],"wp:featuredmedia":[{"embeddable":true,"href":"http:\/\/klubmamgdynia.pl\/index.php\/wp-json\/wp\/v2\/media\/8804"}],"wp:attachment":[{"href":"http:\/\/klubmamgdynia.pl\/index.php\/wp-json\/wp\/v2\/media?parent=8803"}],"wp:term":[{"taxonomy":"product_cat","embeddable":true,"href":"http:\/\/klubmamgdynia.pl\/index.php\/wp-json\/wp\/v2\/product_cat?post=8803"},{"taxonomy":"product_tag","embeddable":true,"href":"http:\/\/klubmamgdynia.pl\/index.php\/wp-json\/wp\/v2\/product_tag?post=8803"}],"curies":[{"name":"wp","href":"https:\/\/api.w.org\/{rel}","templated":true}]}}