{"id":8805,"date":"2019-05-02T02:35:15","date_gmt":"2019-05-02T00:35:15","guid":{"rendered":"http:\/\/klubmamgdynia.pl\/index.php\/produkt\/collecta-zwierzeta-prehistoryczne-dinozaur-mlody-stegozaur-88198\/"},"modified":"2026-05-17T22:38:04","modified_gmt":"2026-05-17T20:38:04","slug":"collecta-zwierzeta-prehistoryczne-dinozaur-mlody-stegozaur-88198","status":"publish","type":"product","link":"http:\/\/klubmamgdynia.pl\/index.php\/produkt\/collecta-zwierzeta-prehistoryczne-dinozaur-mlody-stegozaur-88198\/","title":{"rendered":"Collecta Zwierz\u0119ta Prehistoryczne Dinozaur M\u0142ody Stegozaur (88198)"},"content":{"rendered":"<p>Figurka m\u0142odego stegozaura.Stegozaury to ro\u015blino\u017cerne dinozaury z kostnymi p\u0142ytami na grzbiecie.Wymiary figurki oko\u0142o: 4 cm x 10,5 cmFigurki malowane s\u0105 r\u0119cznie z dba\u0142o\u015bci\u0105 o szczeg\u00f3\u0142y, mog\u0105 nieznacznie r\u00f3\u017cni\u0107 si\u0119 mi\u0119dzy sob\u0105.Zabawka przeznaczona dla dzieci powy\u017cej 3 lat.Wszystkie zabawki posiadaj\u0105 certyfikat CE &#8211; Znak ten jest wyznacznikiem wysokiej jako\u015bci produkt\u00f3w.Zabawki z tym znakiem s\u0105 bezpieczne, nie zawieraj\u0105 szkodliwych dla zdrowia barwnik\u00f3w i materia\u0142\u00f3w.<\/p>\n<h2>Collecta Zwierz\u0119ta Prehistoryczne Dinozaur M\u0142ody Stegozaur (88198) Collecta<\/h2>\n<p>kartki na dobranoc dla przyjaci\u00f3\u0142, quizy dla dzieci z bajek, cytaty korczak, stare wiersze dla dzieci, gaja imi\u0119, julian znaczenie imienia, dzie\u0144 nauczyciela teksty, kanapki dla dzieci, prezent dla ch\u0142opca 7 lat, przeczytaj mi wiersz, adriana imi\u0119, karty pracy do druku litery, quizy dla dzieci 7 lat, opis do zdj\u0119cia dziecka na fb, dzie\u0144 pluszowego misia 2021, wiersz o g\u00f3rniku, szlaczki, rymowane zagadki dla dzieci<\/p>\n<p>yyyyy<\/p>\n<p>&nbsp;<\/p>\n","protected":false},"excerpt":{"rendered":"<p>Figurka m\u0142odego stegozaura.Stegozaury to ro\u015blino\u017cerne dinozaury z kostnymi p\u0142ytami na grzbiecie.Wymiary figurki oko\u0142o: 4 cm x 10,5 cmFigurki malowane s\u0105 r\u0119cznie z dba\u0142o\u015bci\u0105 o szczeg\u00f3\u0142y, mog\u0105 nieznacznie r\u00f3\u017cni\u0107 si\u0119 mi\u0119dzy sob\u0105.Zabawka przeznaczona dla dzieci powy\u017cej 3 lat.Wszystkie zabawki posiadaj\u0105 certyfikat CE &#8211; Znak ten jest wyznacznikiem wysokiej jako\u015bci produkt\u00f3w.Zabawki z tym znakiem s\u0105 bezpieczne, nie [&hellip;]<\/p>\n","protected":false},"featured_media":8806,"comment_status":"closed","ping_status":"open","template":"","meta":[],"product_cat":[490,95],"product_tag":[833,729,601],"class_list":["post-8805","product","type-product","status-publish","has-post-thumbnail","hentry","product_cat-collecta","product_cat-figurki-makiety-i-zestawy","product_tag-bajki-dla-dzieci-do-czytania","product_tag-madre-bajki-dla-dzieci-do-czytania","product_tag-zagadki-co-to-jest"],"_links":{"self":[{"href":"http:\/\/klubmamgdynia.pl\/index.php\/wp-json\/wp\/v2\/product\/8805","targetHints":{"allow":["GET"]}}],"collection":[{"href":"http:\/\/klubmamgdynia.pl\/index.php\/wp-json\/wp\/v2\/product"}],"about":[{"href":"http:\/\/klubmamgdynia.pl\/index.php\/wp-json\/wp\/v2\/types\/product"}],"replies":[{"embeddable":true,"href":"http:\/\/klubmamgdynia.pl\/index.php\/wp-json\/wp\/v2\/comments?post=8805"}],"wp:featuredmedia":[{"embeddable":true,"href":"http:\/\/klubmamgdynia.pl\/index.php\/wp-json\/wp\/v2\/media\/8806"}],"wp:attachment":[{"href":"http:\/\/klubmamgdynia.pl\/index.php\/wp-json\/wp\/v2\/media?parent=8805"}],"wp:term":[{"taxonomy":"product_cat","embeddable":true,"href":"http:\/\/klubmamgdynia.pl\/index.php\/wp-json\/wp\/v2\/product_cat?post=8805"},{"taxonomy":"product_tag","embeddable":true,"href":"http:\/\/klubmamgdynia.pl\/index.php\/wp-json\/wp\/v2\/product_tag?post=8805"}],"curies":[{"name":"wp","href":"https:\/\/api.w.org\/{rel}","templated":true}]}}