{"id":8807,"date":"2011-01-19T21:14:36","date_gmt":"2011-01-19T20:14:36","guid":{"rendered":"http:\/\/klubmamgdynia.pl\/index.php\/produkt\/trifox-pinball-flipper-6507\/"},"modified":"2026-04-06T03:08:27","modified_gmt":"2026-04-06T01:08:27","slug":"trifox-pinball-flipper-6507","status":"publish","type":"product","link":"http:\/\/klubmamgdynia.pl\/index.php\/produkt\/trifox-pinball-flipper-6507\/","title":{"rendered":"Trifox Pinball Flipper 6507"},"content":{"rendered":"<p>Du\u017cy flipper-pinball z motywem zwierz\u0105t.Nale\u017cy poci\u0105gn\u0105\u0107 ga\u0142k\u0119, by wystrzeli\u0107 pi\u0142k\u0119, a potem spr\u00f3bowa\u0107 jak najd\u0142u\u017cej utrzyma\u0107 j\u0105 w grze za pomog\u0105 przycisk\u00f3w, kt\u00f3rymi si\u0119 kieruje pi\u0142k\u0119 mi\u0119dzy przeszkodami.Flipper zawiera metalowy dzwonek i jedn\u0105 bramk\u0119.Podczas grania napotkasz przeszkody, co doda wi\u0119cej ekscytacji!Wymiary: 24 x 21.5 x 3.5 cm<\/p>\n<h2>Trifox Pinball Flipper 6507 Trifox<\/h2>\n<p>wiersz na dobranoc dla dzieci, dzieci.pl, kolorowanki pikachu, ko\u0142ysanki dla dzieci + tekst, quiz konie, zagadki dla dzieci 10 12 lat z odpowiedziami, quiz o wio\u015bnie, darmowe bajki dla dzieci, cytaty dla dzieci, wyprawka warszawiaka 2021, kiedy dzieci chodza na halloween, zabawka na roczek, malowanka do druku<\/p>\n<p>yyyyy<\/p>\n<p>&nbsp;<\/p>\n","protected":false},"excerpt":{"rendered":"<p>Du\u017cy flipper-pinball z motywem zwierz\u0105t.Nale\u017cy poci\u0105gn\u0105\u0107 ga\u0142k\u0119, by wystrzeli\u0107 pi\u0142k\u0119, a potem spr\u00f3bowa\u0107 jak najd\u0142u\u017cej utrzyma\u0107 j\u0105 w grze za pomog\u0105 przycisk\u00f3w, kt\u00f3rymi si\u0119 kieruje pi\u0142k\u0119 mi\u0119dzy przeszkodami.Flipper zawiera metalowy dzwonek i jedn\u0105 bramk\u0119.Podczas grania napotkasz przeszkody, co doda wi\u0119cej ekscytacji!Wymiary: 24 x 21.5 x 3.5 cm Trifox Pinball Flipper 6507 Trifox wiersz na dobranoc [&hellip;]<\/p>\n","protected":false},"featured_media":8808,"comment_status":"closed","ping_status":"open","template":"","meta":[],"product_cat":[130,308],"product_tag":[680,583,638,732,715],"class_list":["post-8807","product","type-product","status-publish","has-post-thumbnail","hentry","product_cat-gry-dzieciece","product_cat-trifox","product_tag-cytaty-z-malego-ksiecia","product_tag-kolysanki-dla-dzieci-tekst","product_tag-miastodzieci","product_tag-prezent-dla-rocznego-chlopca","product_tag-zosia-samosia"],"_links":{"self":[{"href":"http:\/\/klubmamgdynia.pl\/index.php\/wp-json\/wp\/v2\/product\/8807","targetHints":{"allow":["GET"]}}],"collection":[{"href":"http:\/\/klubmamgdynia.pl\/index.php\/wp-json\/wp\/v2\/product"}],"about":[{"href":"http:\/\/klubmamgdynia.pl\/index.php\/wp-json\/wp\/v2\/types\/product"}],"replies":[{"embeddable":true,"href":"http:\/\/klubmamgdynia.pl\/index.php\/wp-json\/wp\/v2\/comments?post=8807"}],"wp:featuredmedia":[{"embeddable":true,"href":"http:\/\/klubmamgdynia.pl\/index.php\/wp-json\/wp\/v2\/media\/8808"}],"wp:attachment":[{"href":"http:\/\/klubmamgdynia.pl\/index.php\/wp-json\/wp\/v2\/media?parent=8807"}],"wp:term":[{"taxonomy":"product_cat","embeddable":true,"href":"http:\/\/klubmamgdynia.pl\/index.php\/wp-json\/wp\/v2\/product_cat?post=8807"},{"taxonomy":"product_tag","embeddable":true,"href":"http:\/\/klubmamgdynia.pl\/index.php\/wp-json\/wp\/v2\/product_tag?post=8807"}],"curies":[{"name":"wp","href":"https:\/\/api.w.org\/{rel}","templated":true}]}}