{"id":8811,"date":"2022-05-09T06:27:27","date_gmt":"2022-05-09T04:27:27","guid":{"rendered":"http:\/\/klubmamgdynia.pl\/index.php\/produkt\/banana-panda-high-contrast-flash-cards-on-a-wersja-angielska\/"},"modified":"2026-04-05T13:47:18","modified_gmt":"2026-04-05T11:47:18","slug":"banana-panda-high-contrast-flash-cards-on-a-wersja-angielska","status":"publish","type":"product","link":"http:\/\/klubmamgdynia.pl\/index.php\/produkt\/banana-panda-high-contrast-flash-cards-on-a-wersja-angielska\/","title":{"rendered":"Banana Panda High Contrast Flash Cards on a (wersja angielska)"},"content":{"rendered":"<h2>Banana Panda High Contrast Flash Cards on a (wersja angielska) <\/h2>\n<p>magiczne drzewo czerwone krzes\u0142o test, test miko\u0142ajek 25 pyta\u0144, imi\u0119 r\u00f3\u017ca, quiz o koniach, laurka dla mamy rysunek, kolorowanka ninjago, zgadywanki, \u017carty na prima aprilis na rodzic\u00f3w, prima aprilis pomys\u0142y, rozalia imi\u0119, bajki do czytania psi patrol, \u0142amig\u0142\u00f3wki dla dzieci do druku, kanapki dla dzieci, ninjago kolorowanki, znaczenie imienia milan, \u0142amig\u0142\u00f3wki matematyczne, zagadki na dzie\u0144 przedszkolaka, gry i zabawy dla dzieci, okolice wroc\u0142awia atrakcje<\/p>\n<p>yyyyy<\/p>\n<p>&nbsp;<\/p>\n","protected":false},"excerpt":{"rendered":"<p>Banana Panda High Contrast Flash Cards on a (wersja angielska) magiczne drzewo czerwone krzes\u0142o test, test miko\u0142ajek 25 pyta\u0144, imi\u0119 r\u00f3\u017ca, quiz o koniach, laurka dla mamy rysunek, kolorowanka ninjago, zgadywanki, \u017carty na prima aprilis na rodzic\u00f3w, prima aprilis pomys\u0142y, rozalia imi\u0119, bajki do czytania psi patrol, \u0142amig\u0142\u00f3wki dla dzieci do druku, kanapki dla dzieci, [&hellip;]<\/p>\n","protected":false},"featured_media":8812,"comment_status":"closed","ping_status":"open","template":"","meta":[],"product_cat":[220],"product_tag":[831,848,852,753,695],"class_list":["post-8811","product","type-product","status-publish","has-post-thumbnail","hentry","product_cat-gry-karciane","product_tag-bruno","product_tag-cytat-o-rodzinie","product_tag-jak-zrobic-samolot-z-papieru","product_tag-kamila","product_tag-rzadkie-imiona-zenskie"],"_links":{"self":[{"href":"http:\/\/klubmamgdynia.pl\/index.php\/wp-json\/wp\/v2\/product\/8811","targetHints":{"allow":["GET"]}}],"collection":[{"href":"http:\/\/klubmamgdynia.pl\/index.php\/wp-json\/wp\/v2\/product"}],"about":[{"href":"http:\/\/klubmamgdynia.pl\/index.php\/wp-json\/wp\/v2\/types\/product"}],"replies":[{"embeddable":true,"href":"http:\/\/klubmamgdynia.pl\/index.php\/wp-json\/wp\/v2\/comments?post=8811"}],"wp:featuredmedia":[{"embeddable":true,"href":"http:\/\/klubmamgdynia.pl\/index.php\/wp-json\/wp\/v2\/media\/8812"}],"wp:attachment":[{"href":"http:\/\/klubmamgdynia.pl\/index.php\/wp-json\/wp\/v2\/media?parent=8811"}],"wp:term":[{"taxonomy":"product_cat","embeddable":true,"href":"http:\/\/klubmamgdynia.pl\/index.php\/wp-json\/wp\/v2\/product_cat?post=8811"},{"taxonomy":"product_tag","embeddable":true,"href":"http:\/\/klubmamgdynia.pl\/index.php\/wp-json\/wp\/v2\/product_tag?post=8811"}],"curies":[{"name":"wp","href":"https:\/\/api.w.org\/{rel}","templated":true}]}}