{"id":8813,"date":"2017-02-02T18:10:13","date_gmt":"2017-02-02T17:10:13","guid":{"rendered":"http:\/\/klubmamgdynia.pl\/index.php\/produkt\/samsung-jet-60-turbo-vs15a6031r1\/"},"modified":"2026-04-30T06:45:40","modified_gmt":"2026-04-30T04:45:40","slug":"samsung-jet-60-turbo-vs15a6031r1","status":"publish","type":"product","link":"http:\/\/klubmamgdynia.pl\/index.php\/produkt\/samsung-jet-60-turbo-vs15a6031r1\/","title":{"rendered":"Samsung Jet 60 Turbo VS15A6031R1"},"content":{"rendered":"<h2>Samsung Jet 60 Turbo VS15A6031R1 Samsung<\/h2>\n<p>natan imi\u0119, kolorowanka do druku super zings, opis rodzina, zagadki dla sze\u015bciolatk\u00f3w, test z lektury miko\u0142ajek do druku, trudne zagadki matematyczne, zagadki o zwierzetach<\/p>\n<p>yyyyy<\/p>\n<p>&nbsp;<\/p>\n","protected":false},"excerpt":{"rendered":"<p>Samsung Jet 60 Turbo VS15A6031R1 Samsung natan imi\u0119, kolorowanka do druku super zings, opis rodzina, zagadki dla sze\u015bciolatk\u00f3w, test z lektury miko\u0142ajek do druku, trudne zagadki matematyczne, zagadki o zwierzetach yyyyy &nbsp;<\/p>\n","protected":false},"featured_media":8814,"comment_status":"closed","ping_status":"open","template":"","meta":[],"product_cat":[1359,1728],"product_tag":[734,855,785],"class_list":["post-8813","product","type-product","status-publish","has-post-thumbnail","hentry","product_cat-odkurzacze-pionowe","product_cat-samsung","product_tag-milan-imie","product_tag-nietypowe-imiona-zenskie","product_tag-prezent-dla-nastolatkow"],"_links":{"self":[{"href":"http:\/\/klubmamgdynia.pl\/index.php\/wp-json\/wp\/v2\/product\/8813","targetHints":{"allow":["GET"]}}],"collection":[{"href":"http:\/\/klubmamgdynia.pl\/index.php\/wp-json\/wp\/v2\/product"}],"about":[{"href":"http:\/\/klubmamgdynia.pl\/index.php\/wp-json\/wp\/v2\/types\/product"}],"replies":[{"embeddable":true,"href":"http:\/\/klubmamgdynia.pl\/index.php\/wp-json\/wp\/v2\/comments?post=8813"}],"wp:featuredmedia":[{"embeddable":true,"href":"http:\/\/klubmamgdynia.pl\/index.php\/wp-json\/wp\/v2\/media\/8814"}],"wp:attachment":[{"href":"http:\/\/klubmamgdynia.pl\/index.php\/wp-json\/wp\/v2\/media?parent=8813"}],"wp:term":[{"taxonomy":"product_cat","embeddable":true,"href":"http:\/\/klubmamgdynia.pl\/index.php\/wp-json\/wp\/v2\/product_cat?post=8813"},{"taxonomy":"product_tag","embeddable":true,"href":"http:\/\/klubmamgdynia.pl\/index.php\/wp-json\/wp\/v2\/product_tag?post=8813"}],"curies":[{"name":"wp","href":"https:\/\/api.w.org\/{rel}","templated":true}]}}