{"id":8815,"date":"2012-11-10T16:00:17","date_gmt":"2012-11-10T15:00:17","guid":{"rendered":"http:\/\/klubmamgdynia.pl\/index.php\/produkt\/alexander-maly-konstruktor-5w1-wiatrak-431-el-1700\/"},"modified":"2026-05-02T16:30:08","modified_gmt":"2026-05-02T14:30:08","slug":"alexander-maly-konstruktor-5w1-wiatrak-431-el-1700","status":"publish","type":"product","link":"http:\/\/klubmamgdynia.pl\/index.php\/produkt\/alexander-maly-konstruktor-5w1-wiatrak-431-el-1700\/","title":{"rendered":"Alexander Ma\u0142y Konstruktor 5w1 Wiatrak 431 el. 1700"},"content":{"rendered":"<p>Ma\u0142y Konstruktor \u2013 5w1 WiatrakWyj\u0105tkowy zestaw konstrukcyjny sk\u0142adaj\u0105cy si\u0119 431 element\u00f3w w postaci kolorowych blaszek, \u015brubek, nasadek, element\u00f3w z tworzywa typu ko\u0142a. Dzi\u0119ki zawartym w zestawie narz\u0119dziom mo\u017cna samodzielnie zbudowa\u0107 wiatrak oraz 4 inne maszyny: \u017curaw portowy, samolot, czo\u0142g i wy\u015bcig\u00f3wk\u0119. Zestaw do samodzielnego monta\u017cu, rozwijaj\u0105cy zdolno\u015bci manualne oraz wyobra\u017ani\u0119 przestrzenn\u0105. Ka\u017cdy model sk\u0142ada si\u0119 z element\u00f3w metalowych o r\u00f3\u017cnej wielko\u015bci i kszta\u0142tach, a tak\u017ce jest wzbogacony kolorowymi elementami z tworzyw sztucznych. Dzi\u0119ki do\u0142\u0105czonemu zestawowi narz\u0119dzi, mo\u017cna zbudowa\u0107 wyj\u0105tkowy pojazd zgodnie ze wskazaniami instrukcji lub wedle w\u0142asnej wyobra\u017ani. To idealny wst\u0119p do rozbudzenia w dziecku pasji in\u017cyniera. Zabawka kt\u00f3ra \u0142\u0105czy pokolenia, zach\u0119caj\u0105c do wsp\u00f3lnego majsterkowania. Po z\u0142o\u017ceniu pojazd mo\u017ce s\u0142u\u017cy\u0107 zar\u00f3wno do zabawy jak i by\u0107 eksponowany w celach kolekcjonerskich.Zawarto\u015b\u0107 opakowania431 element\u00f3w zabawki, narz\u0119dzia do monta\u017cu, instrukcja.                            <\/p>\n<p>Nagrody                            <\/p>\n<p>Seria \u201e Ma\u0142y Konstruktor\u201d to tw\u00f3rcze zabawki do samodzielnego monta\u017cu. Ka\u017cdy model sk\u0142ada si\u0119 z metalowych element\u00f3w r\u00f3\u017cnej wielko\u015bci i r\u00f3\u017cnych kszta\u0142t\u00f3w, a tak\u017ce jest wzbogacony kolorowymi elementami ze sztucznych tworzyw. Zestaw zawiera narz\u0119dzie, pomocne dziecku w sk\u0142adaniu modelu. Do ka\u017cdej zabawki jest do\u0142\u0105czona szczeg\u00f3\u0142owa instrukcja, krok po kroku t\u0142umacz\u0105ca, jak zbudowa\u0107 pojazd.Jednak elementy zestaw\u00f3w mo\u017cna ze sob\u0105 dowolnie \u0142\u0105czy\u0107, tworz\u0105c w\u0142asne konstrukcje.Zabawki z tej serii rozwijaj\u0105: zdolno\u015bci manualne, wyobra\u017ani\u0119 przestrzenn\u0105, umiej\u0119tno\u015bci techniczne, cierpliwo\u015b\u0107, systematyczno\u015b\u0107, pomagaj\u0105 kszta\u0142towa\u0107 proces zapami\u0119tywania.To idealny spos\u00f3b na rozbudzenie w dziecku technicznych zainteresowa\u0144.Du\u017c\u0105 warto\u015bci\u0105 zabawek, na kt\u00f3r\u0105 zwracaj\u0105 uwag\u0119 rodzice przysz\u0142ych konstruktor\u00f3w jest fakt, \u017ce nie s\u0105 ona jednorazowe. Raz z\u0142o\u017cony \u2013 wed\u0142ug instrukcji \u2013 model, mo\u017cna roz\u0142o\u017cy\u0107 i ponownie skr\u0119ci\u0107 wed\u0142ug w\u0142asnego pomys\u0142u. Wystarczy odrobina dzieci\u0119cej fantazji.Poza tym pojazdy s\u0105 bardzo solidne, dzi\u0119ki czemu mo\u017cna si\u0119 znakomicie bawi\u0107 z\u0142o\u017conym modelem. Jest on odporny na uderzenia, ma ruchome ko\u0142a i inne elementy, w\u0142a\u015bciwe dla danego pojazdu (np. \u0142y\u017cka w koparce, rami\u0119 z hakiem w d\u017awigu czy rozk\u0142adana drabina w stra\u017cackim wozie).                            <\/p>\n<p>Zobacz film\u00a0                            <\/p>\n<p>Produkty                            <\/p>\n<p>            Alexander Ma\u0142y Konstruktor Diggy 2309 el. 221<\/p>\n<p>            Alexander Ma\u0142y Konstruktor Bolid 2311 el. 201<\/p>\n<p>            Opinia od a&#8230;12022-09-28<\/p>\n<p>                M\u0105dra i rozwijaj\u0105ca zabawka. <\/p>\n<p>            Alexander Ma\u0142y Konstruktor Tanky 231 el. 219<\/p>\n<p>            Alexander Ma\u0142y Konstruktor Dety 2308<\/p>\n<p>            Alexander Ma\u0142y Konstruktor Jay 2307 el. 185<\/p>\n<p>            Opinia od k&#8230;92021-11-27<\/p>\n<p>                Bardzo fajne klocki<\/p>\n<p>            Alexander Ma\u0142y Konstruktor Ratrak 2306 el. 215<\/p>\n<p>            Opinia od a&#8230;12020-12-17<\/p>\n<p>                Polecam <\/p>\n<p>            Alexander Ma\u0142y Konstruktor Lorry 2305 el. 195<\/p>\n<p>            Alexander Ma\u0142y Konstruktor Kramy 2304 el.193<\/p>\n<p>            SES Zestaw konstrukcyjny &#8211; metalowe zwierz\u0119ta<\/p>\n<p>            Alexander Ma\u0142y Konstruktor Emily 195 el. 1930<\/p>\n<p>            Alexander Ma\u0142y Konstruktor Jacob 245 el. 1929<\/p>\n<p>            Opinia od k&#8230;32021-04-14<\/p>\n<p>                Wszystko zgodnie z opisem <\/p>\n<p>            Alexander Ma\u0142y Konstruktor Betty 207 el. 1926<\/p>\n<p>            Opinia od i&#8230;s2022-06-21<\/p>\n<p>                Po<\/p>\n<p>            Alexander Ma\u0142y Konstruktor Grader 243 el. 1710<\/p>\n<p>            Opinia od k&#8230;w2021-12-21<\/p>\n<p>                Ok<\/p>\n<p>            Alexander Ma\u0142y Konstruktor Buzzer 210 el. 1918<\/p>\n<p>            Alexander Ma\u0142y Konstruktor Big Boss 202 el. 1919<\/p>\n<p>            Alexander Ma\u0142y Konstruktor Fred 284 el. 1925<\/p>\n<p>            Alexander Ma\u0142y Konstruktor Helen 301 el. 1931<\/p>\n<p>            Opinia od K&#8230;t2022-07-27<\/p>\n<p>                Polecam<\/p>\n<p>            Alexander Ma\u0142y Konstruktor Junior 3w1 Ci\u0119\u017car\u00f3wka 95 el. 1938<\/p>\n<p>            Opinia od Jacek2019-01-03<\/p>\n<p>                Dobrze si\u0119 sk\u0142ada i fajnie wygl\u0105da. Niewielkie niedostatki w rysunkach obrazuj\u0105cych kolejne etapy sk\u0142adania. Oznaczenie 4+ na pewno nie dotyczy samodzielnego skr\u0119cania konstrukcji przez czterolatk\u00f3w. To zabawa raczej dla co najmniej sze\u015bciolatk\u00f3w. Ale bawi\u0107 skr\u0119conym pojazdem czterolatkowie ju\u017c mog\u0105.<\/p>\n<p>            Alexander Ma\u0142y Konstruktor Junior 3w1 Bolid 107 el. 1941<\/p>\n<p>            Alexander Ma\u0142y Konstruktor Junior 3w1 \u015amig\u0142owiec 80 el. 1944<\/p>\n<p>            Opinia od erjot2019-01-02<\/p>\n<p>                Dobra, polska, kreatywna zabawka w przyst\u0119pnej cenie.<\/p>\n<p>            Alexander Ma\u0142y Konstruktor Kosmos Argon Alex 381737<\/p>\n<p>            Alexander Ma\u0142y Konstruktor Farmer 299 el. 1216<\/p>\n<p>            Opinia od A&#8230;a2017-11-29<\/p>\n<p>                Zabawka kupiona na prezent, bardzo dobra cena, du\u017cy wyb\u00f3r pojazd\u00f3w do sk\u0142adania. Nie jest to Lego, ale za t\u0119 cen\u0119 jest ok.<\/p>\n<p>            Alexander Ma\u0142y Konstruktor Warrior 201 el. 1917<\/p>\n<p>            Alexander Ma\u0142y Konstruktor Bad Boy 201 el. 1920 <\/p>\n<p>            Alexander Ma\u0142y Konstruktor Stinky 192 el. 1927<\/p>\n<p>            Alexander Ma\u0142y Konstruktor Crusher 199 el. 1915<\/p>\n<p>            Opinia od p&#8230;w2021-01-05<\/p>\n<p>                Bardzo fajnym trudny w z\u0142o\u017ceniu ale dla dzieci w wieku jak pisz\u0119 czyli jest niesamowicie ucz\u0105cy i buduje wyobra\u017ani\u0119 i pomys\u0142owo\u015b\u0107<\/p>\n<p>            Alexander Ma\u0142y Konstruktor Predator 211 el. 1916<\/p>\n<p>            Opinia od e&#8230;a2020-06-01<\/p>\n<p>                Du\u017co zabawy dla ma\u0142ych i du\u017cych. Jest wyzwanie. Kto nie zna produktu niech si\u0119 szybko zapozna. Polecam, warto.<\/p>\n<p>            Alexander Ma\u0142y Konstruktor William 180 el. 1928<\/p>\n<p>            Alexander Ma\u0142y Konstruktor 5w1 Wie\u017ca Eiffla 615 el. 1701<\/p>\n<p>            Opinia od b&#8230;12020-12-27<\/p>\n<p>                Dobry zakup. Trwa\u0142e elementy. Mega zestaw<\/p>\n<p>            Alexander Ma\u0142y Konstruktor Junior 3w1 W\u00f3zek Wid\u0142owy 88 el. 1942<\/p>\n<p>            Opinia od c&#8230;k2021-08-16<\/p>\n<p>                  Ok<\/p>\n<p>            Alexander Ma\u0142y Konstruktor 5w1 Manta 443 el. 1703<\/p>\n<p>            Opinia od Pawel P2018-12-27<\/p>\n<p>                Dla chlopaka malego majsterkowicza super sprawa.<\/p>\n<p>            Alexander Ma\u0142y Konstruktor Fred &amp; Betty 491 el. 1932<\/p>\n<p>            Opinia od m&#8230;22021-01-18<\/p>\n<p>                Trwa\u0142y produkt, mocny, d\u0142ugo wytrzyma<\/p>\n<p>            Alexander Ma\u0142y Konstruktor Fred &amp; Helen 585 el. 1937<\/p>\n<p>            Opinia od e&#8230;a2021-01-10<\/p>\n<p>                super polecam<\/p>\n<p>            Alexander Ma\u0142y Konstruktor Fred &amp; Stinky 476 el. 1933<\/p>\n<p>            Opinia od d&#8230;42021-08-26<\/p>\n<p>                bardzo dobra zabawa<\/p>\n<p>            Alexander Ma\u0142y Konstruktor Fred &amp; Jacob 530 el. 1935<\/p>\n<p>            Opinia od m&#8230;22021-01-18<\/p>\n<p>                Trwa\u0142y produkt, mocny, d\u0142ugo wytrzyma<\/p>\n<p>            Alexander Ma\u0142y Konstruktor Fred &amp; William 464 el. 1934<\/p>\n<p>            Alexander Ma\u0142y Konstruktor Fred &amp; Emily 479 el. 1936<\/p>\n<p>            Alexander Ma\u0142y Konstruktor 5w1 Noah 434 el. 1924<\/p>\n<p>            Opinia od Irena2020-01-13<\/p>\n<p>                Produkt rewelacja, dziecko kombinuje i w\u0142\u0105cza my\u015blenie \u017ceby wyszed\u0142 pojazd. Wielki plus \u017ce to zestaw 5w1 i w ka\u017cdej chwili mo\u017ce co\u015b innego skr\u0119ci\u0107. Polecam kazdemu<\/p>\n<p>            Alexander Ma\u0142y Konstruktor Titan 213 el. 1901<\/p>\n<p>            Alexander Ma\u0142y Konstruktor Dyna 234 el. 1709<\/p>\n<p>            Alexander Ma\u0142y Konstruktor Junior 3w1 Teren\u00f3wka 91 el. 1943<\/p>\n<p>            Opinia od a&#8230;y2020-06-26<\/p>\n<p>                Polecam <\/p>\n<p>            Alexander Maly Konstruktor Junior 3w1 D\u017awig 102 el. 1940<\/p>\n<p>            Opinia od anna2019-10-26<\/p>\n<p>                Zabawa zar\u00f3wno dla ma\u0142ych  i du\u017cych. Dziecko mo\u017ce uk\u0142adac wg instrukcji albo uk\u0142ada\u0107 wg wlasnych pomys\u0142ow.<br \/>\nPolecam jak najbardziej<\/p>\n<p>            Alexander Ma\u0142y Konstruktor Junior 3w1 Rajd\u00f3wka 90 el. 1939<\/p>\n<p>            Opinia od U\u017cytkownik Ceneo2019-05-14<\/p>\n<p>                4,5\/5<\/p>\n<p>            Alexander Spin Master Meccano Klocki Konstrukcyjne Transporter<\/p>\n<p>            Alexander Ma\u0142y Konstruktor Ranger 354 el. 1213<\/p>\n<p>            Opinia od j2016-12-22<\/p>\n<p>                super zaskoczenie, du\u017co element\u00f3w, du\u017ce opakowanie<\/p>\n<p>            Alexander Ma\u0142y Konstruktor Premium Truck 1141 el. 1634<\/p>\n<p>            Opinia od m&#8230;a2021-01-18<\/p>\n<p>                Kreatywne oraz inne od pozosta\u0142ych metalowe klocki, przykr\u0119cane na \u015brubki. Mo\u017cna z nich u\u0142o\u017cy\u0107 du\u017cy samoch\u00f3d ci\u0119\u017carowy lub mniejsze konstrukcje. Trzech ch\u0142opak\u00f3w w wieku 8, 6 oraz 4 lata doskonale si\u0119 nimi bawi\u0142o.<\/p>\n<p>            Alexander Ma\u0142y Konstruktor Junior Wy\u015bcig\u00f3wka 55 el. 1923<\/p>\n<p>            Opinia od Ewa2018-12-30<\/p>\n<p>                Sk\u0142aniaj\u0105ce do my\u015blenia zaj\u0119cie przy budowaniu modelu. Polecam.<\/p>\n<p>            Alexander Ma\u0142y Konstruktor Junior Samolot 50 el. 1921<\/p>\n<p>            Opinia od U\u017cytkownik Ceneo2020-05-21<\/p>\n<p>                Ja posiadam zestaw z helikopterem. Dobra jako\u015b\u0107 materia\u0142\u00f3w. Wyprodukowane w Polsce to du\u017ca zaleta. Jak brakuje jakiego\u015b elementu to firma Alexander wysy\u0142a bez problemowo. Og\u00f3lnie polecam!<\/p>\n<p>            Alexander Ma\u0142y Konstruktor Junior Helikopter 60 el. 1922<\/p>\n<p>            Opinia od U\u017cytkownik Ceneo2018-07-30<\/p>\n<p>                W tej serii zdumiewaj\u0105 nas pomys\u0142y, \u017ce ma\u0142ym nak\u0142adem si\u0142y i za pomoc\u0105 du\u017cych lecz nielicznych klock\u00f3w mo\u017cna skr\u0119ci\u0107 naprawd\u0119 wspania\u0142y obiekt, kt\u00f3ry nie tylko dobrze wygl\u0105da, ale r\u00f3wnie\u017c posiada ruchome cz\u0119\u015bci. \u0179r\u00f3d\u0142em przyjemnego odczucia jest r\u00f3wnie\u017c naturalne drewno, kt\u00f3re jako szlachetny materia\u0142 zawsze jest mi\u0142e w dotyku.<\/p>\n<p>Wcze\u015bniej&#8230;<\/p>\n<p>            Alexander Ma\u0142y Konstruktor Cobra 296 el. 1211<\/p>\n<p>            Opinia od Gra\u017cyna2018-11-10<\/p>\n<p>                super  zabawka dla ch\u0142opc\u00f3w rozwijaj\u0105ca my\u015blenie przestrzenne,kombinatoryka,zdolno\u015bci manualne <\/p>\n<p>            Alexander Ma\u0142y Konstruktor Hunter 280 el. 1212<\/p>\n<p>            Alexander Ma\u0142y Konstruktor Helper 370 el. 1215<\/p>\n<p>            Opinia od Anna2017-12-09<\/p>\n<p>                Estetyczne i mocne opakowanie, du\u017ca ilo\u015b\u0107 element\u00f3w zadowoli ka\u017cdego ma\u0142ego majsterkowicza. Cz\u0119\u015bci trwa\u0142e i dobrze dopasowane, nie sprawi\u0142y problem\u00f3w przy monta\u017cu. Polecam.<\/p>\n<p>            Alexander Ma\u0142y Konstruktor Super Truck 871 el. 1635<\/p>\n<p>            Opinia od rachel_hudson2018-02-16<\/p>\n<p>                polecam \u015bwietna zabawa w dobrej jako\u015bci<\/p>\n<p>            Alexander Ma\u0142y Konstruktor Poldek 840 el. 1706<\/p>\n<p>            Opinia od U\u017cytkownik Ceneo2018-09-21<\/p>\n<p>                Ostatni z modeli wchodz\u0105cych w sk\u0142ad \u201eKultowych Aut PRL\u201d, do epoki sentymentu nie mamy, ale do pojazd\u00f3w na pewno, tym bardziej, \u017ce by\u0142y to pierwsze samochody, kt\u00f3rymi wozili nas rodzice czy dziadkowie. Teraz unikaty, pokazuj\u0105ce si\u0119 na zlotach pojazd\u00f3w zabytkowych. Historia motoryzacji na ko\u0142ach, mechaniczne eksponaty muzeum, za kt\u00f3rymi obracamy&#8230;<\/p>\n<p>            Alexander Ma\u0142y Konstruktor Kaszlak 732 el. 1705<\/p>\n<p>            Opinia od Radek 2019-01-09<\/p>\n<p>                Zabawka nie koniecznie dla ch\u0142opc\u00f3w. Dla nieco m\u0142odszych potrzebna pomoc starszego rodze\u0144stwa lub rodzica. <\/p>\n<p>            Alexander Ma\u0142y Konstruktor Z\u0142ot\u00f3wa 930 el. 1704<\/p>\n<p>            Opinia od s&#8230;a2020-12-09<\/p>\n<p>                Bardzo dobry produkt<\/p>\n<p>            Alexander Ma\u0142y Konstruktor Steamer Ciuchcia 74 el. 1562<\/p>\n<p>            Alexander Ma\u0142y Konstruktor Junior 54 el. 1561<\/p>\n<p>            Opinia od Marta2018-01-08<\/p>\n<p>                Dla mi\u0142o\u015bnik\u00f3w konstruowania zabawka jak znalaz\u0142. Potrzebna czasami pomoc doros\u0142ego, ale dobra zabawa jest zapewniona<\/p>\n<p>            Alexander Ma\u0142y Konstruktor Sting Motorower 57 el. 1560<\/p>\n<p>            Opinia od abujaczek2019-12-28<\/p>\n<p>                Dziecko zachwycone<\/p>\n<p>            Alexander Ma\u0142y Konstruktor Brutus Quad 52 el. 1559<\/p>\n<p>            Alexander Ma\u0142y Konstruktor Miner Koparka 81 el. 1558<\/p>\n<p>            Alexander Ma\u0142y Konstruktor Helios Helikopter 96 el. 1557 <\/p>\n<p>            Opinia od isa_belle2018-12-07<\/p>\n<p>                super<\/p>\n<p>            Alexander Ma\u0142y Konstruktor Expert Furgon 96 el. 1556<\/p>\n<p>            Opinia od abujaczek2019-12-28<\/p>\n<p>                Super zabawka<\/p>\n<p>            Alexander Ma\u0142y Konstruktor Hero 148 el. 1555<\/p>\n<p>            Opinia od Milena 2019-03-19<\/p>\n<p>                Bardzo polecam, super wykonane, rozwijaj\u0105 wyobra\u017ani\u0119 i jeszcze w przyst\u0119pnej cenie. <\/p>\n<p>            Alexander Ma\u0142y Konstruktor Samurai 87 el. 1554<\/p>\n<p>            Alexander Ma\u0142y Konstruktor Speedy 81 el. 1553<\/p>\n<p>            Alexander Ma\u0142y Konstruktor John 112 el. 1552<\/p>\n<p>            Opinia od Milena2019-03-19<\/p>\n<p>                Super wykonane bardzo polecam. Dziecko zachwycone. <\/p>\n<p>            Alexander Ma\u0142y Konstruktor Samolot Raven 90 el. 1551<\/p>\n<p>            Opinia od Marta2018-01-08<\/p>\n<p>                Dla mi\u0142o\u015bnik\u00f3w konstruowania zabawka jak znalaz\u0142. Potrzebna czasami pomoc doros\u0142ego, ale dobra zabawa jest zapewniona<\/p>\n<p>            Alexander Ma\u0142y Konstruktor Retro Bulldog 268 el. 1616<\/p>\n<p>            Alexander Ma\u0142y Konstruktor Hulk 189 el. 1626<\/p>\n<p>            Opinia od j&#8230;12020-12-10<\/p>\n<p>                Polecam <\/p>\n<p>            Alexander Ma\u0142y Konstruktor Musca 220 el. 1502<\/p>\n<p>            Opinia od Raf2017-12-05<\/p>\n<p>                Dzieciak z obrazkowej instrukcji skr\u0119ca metalowe elementy \u015brubkami i ma z tego frajd\u0119. <\/p>\n<p>            Alexander Ma\u0142y Konstruktor Vespula 237 el. 1503<\/p>\n<p>            Opinia od U\u017cytkownik Ceneo2019-07-22<\/p>\n<p>                4,0\/5<\/p>\n<p>            Alexander Ma\u0142y Konstruktor Bob 181 el. 1625<\/p>\n<p>            Opinia od U\u017cytkownik Ceneo2018-12-04<\/p>\n<p>                Super<\/p>\n<p>            Alexander Ma\u0142y konstruktor Apis 226 el. 1501<\/p>\n<p>            Opinia od Raf2017-12-05<\/p>\n<p>                Produkt jak wida\u0107 na opakowaniu. Metalowe elementy skr\u0119ca si\u0119 \u015brubkami. <\/p>\n<p>            Alexander Ma\u0142y Konstruktor Hammer 174 el. 1629<\/p>\n<p>            Alexander Ma\u0142y Konstruktor &#8211; Stra\u017c Po\u017carna 998 314 el. 1623<\/p>\n<p>            Opinia od Karol2016-12-28<\/p>\n<p>                Bardzo dobra jako\u015b\u0107 wykonania element\u00f3w, nie ma zadzior\u00f3w jak czasem si\u0119 zdarza u innych producent\u00f3w. Stopie\u0144 trudno\u015bci z\u0142o\u017cenia na pewno wi\u0119kszy ni\u017c zwyk\u0142e klocki. Po z\u0142o\u017ceniu model bardzo trwa\u0142y. Ruchoma drabina. Og\u00f3lnie fajna zabawka.<\/p>\n<p>            Alexander Ma\u0142y Konstruktor Forest 194 el. 1628<\/p>\n<p>            Opinia od alla292017-11-29<\/p>\n<p>                wszystko ok<\/p>\n<p>            Alexander Ma\u0142y Konstruktor Pogotowie 329 el. 1624<\/p>\n<p>            Opinia od ireks692016-12-30<\/p>\n<p>                Elementy dobrze pasowa\u0142y do siebie po z\u0142o\u017ceniu. Kilka \u015brubek, podk\u0142adek i nakr\u0119tek wi\u0119cej. Dobra zabawa dla dziecka i rodzic\u00f3w<\/p>\n<p>            Alexander Ma\u0142y Konstruktor Atlas 211 el. 1627<\/p>\n<p>            Opinia od U\u017cytkownik Ceneo2020-12-06<\/p>\n<p>                Og\u00f3lnie zabawka na du\u017cy plus. Dziecko samo raczej nie z\u0142o\u017cy jej. Jak dla mnie jedyny minus to instrukcja &#8211; pokazuje monta\u017c k\u00f3\u0142 na pocz\u0105tku (niestety taki monta\u017c utrudnia dalsze sk\u0142adanie) ko\u0142a nale\u017cy montowa\u0107 jako ostatni element. Przy \u015bciskaniu k\u00f3\u0142 aby r\u00f3wno dolega\u0142o nale\u017cy z wyczuciem to robi\u0107 gdy\u017c bolec mo\u017ce przebi\u0107 na wylot \u015brodek ko\u0142a&#8230;<\/p>\n<p>            Alexander Ma\u0142y Konstruktor Kosmos Krypton<\/p>\n<p>            Opinia od U\u017cytkownik Ceneo2017-03-24<\/p>\n<p>                Ciekawa propozycja zabawki do rozwijania umiej\u0119tno\u015bci manualnych i kreatywno\u015bci, dobra jako\u015b\u0107<\/p>\n<p>            Alexander Ma\u0142y Konstruktor Goliath 288 el. 1214<\/p>\n<p>            Alexander Ma\u0142y Konstruktor Wywrotka Terra 287 el. 1207<\/p>\n<p>            Alexander Ma\u0142y konstruktor Chwytak Grasper 135 el. 1100<\/p>\n<p>            Opinia od basia2018-03-15<\/p>\n<p>                pozytywnie oceniam, zgodny z oczekiwaniami<\/p>\n<p>            Alexander Ma\u0142y konstruktor Grizzly 320 el. 1218<\/p>\n<p>            Opinia od MartaM2019-12-19<\/p>\n<p>                Bardzo kreatywna zabawka<\/p>\n<p>            Alexander Ma\u0142y Konstruktor Patrol 280 el. 1204<\/p>\n<p>            Alexander Ma\u0142y Konstruktor Cadet 317 el. 1202<\/p>\n<p>            Opinia od Karol2016-12-28<\/p>\n<p>                Bardzo dobra jako\u015b\u0107 wykonania element\u00f3w, nie ma zadzior\u00f3w jak czasem si\u0119 zdarza u innych producent\u00f3w. Stopie\u0144 trudno\u015bci z\u0142o\u017cenia na pewno wi\u0119kszy ni\u017c zwyk\u0142e klocki. Po z\u0142o\u017ceniu model bardzo trwa\u0142y. Og\u00f3lnie fajna zabawka.<\/p>\n<p>            Alexander Ma\u0142y Konstruktor Kasirga 271 el. 1201<\/p>\n<p>            Opinia od Karol2016-12-28<\/p>\n<p>                Bardzo dobra jako\u015b\u0107 wykonania element\u00f3w, nie ma zadzior\u00f3w jak czasem si\u0119 zdarza u innych producent\u00f3w. Stopie\u0144 trudno\u015bci z\u0142o\u017cenia na pewno wi\u0119kszy ni\u017c zwyk\u0142e klocki. Po z\u0142o\u017ceniu model bardzo trwa\u0142y. Og\u00f3lnie fajna zabawka.<\/p>\n<p>            Alexander Ma\u0142y Konstruktor P\u0142ug Husky 296 el. 1205<\/p>\n<p>            Opinia od k&#8230;32021-04-14<\/p>\n<p>                Wszystko zgodnie z opisem <\/p>\n<p>            Alexander Ma\u0142y Konstruktor D\u017awig Hercules 294 el. 1209<\/p>\n<p>            Opinia od Karolka2016-12-19<\/p>\n<p>                Generalnie produkt kupiony na prezent, ale prezentuje si\u0119 rewelacyjnie.<\/p>\n<p>            Alexander Ma\u0142y Konstruktor Tow Joe Ci\u0119\u017car\u00f3wka 156 el. 1110<\/p>\n<p>            Opinia od bartek_Wroc\u0142aw2015-01-09<\/p>\n<p>                Produkt oceniam wysoko. Rozwija umys\u0142 i wyobra\u017ani\u0119 dziecka. Zosta\u0142 zakupiony dla 7-letniego ch\u0142opca kt\u00f3ry skr\u0119ca zgodnie z instrukcj\u0105 model, ale r\u00f3wnie\u017c wymy\u015bla inne konstrukcje. Rozwija wyobra\u017ani\u0119 i manualne zdolno\u015bci, Polecam.<\/p>\n<p>            Alexander Ma\u0142y Konstruktor Explorer 124 el. 1107<\/p>\n<p>            Opinia od Agnieszka2020-01-13<\/p>\n<p>                Zgodna z oczekiwaniami.<\/p>\n<p>            Alexander Ma\u0142y Konstruktor Store Master 143 el. 1105<\/p>\n<p>            Alexander Ma\u0142y Konstruktor Air Scout 129 el. 1103<\/p>\n<p>            Opinia od Anna2020-01-03<\/p>\n<p>                Ciekawa propozycja dla dzieci. 12-letni syn zachwycony, chocia\u017c to nie LEGO. Sam skr\u0119ci\u0142, wykona\u0142 i chce wi\u0119cej. To chyba najlepsza rekomendacja. <\/p>\n<p>            Alexander Ma\u0142y konstruktor Fighter 162 el. 1111<\/p>\n<p>            Opinia od kroszyk2017-12-19<\/p>\n<p>                Spe\u0142nia oczekiwania<\/p>\n<p>            Alexander Ma\u0142y Konstruktor Racer 166 el. 1109<\/p>\n<p>            Opinia od r&#8230;o2020-12-11<\/p>\n<p>                super zabawka \ud83d\ude42<\/p>\n<p>            Alexander Ma\u0142y konstruktor Cruiser 125 el. 1108<\/p>\n<p>            Opinia od Ala2015-05-29<\/p>\n<p>                Bardzo fajna pozycja dla ma\u0142ego konstruktora. nie wyobra\u017cam sobie jednak, \u017ceby pojazd samodzielnie sk\u0142ada\u0142 8 latek.<br \/>\nosobie doros\u0142ej zaj\u0119\u0142o to 1,5 godziny z 4 momentami zw\u0105tpienia;) bardzo trudno dopasowa\u0107 kluczy\u0107, a do niekt\u00f3rych wkr\u0119t\u00f3w (czy jak to si\u0119 zwie) bardzo trudno si\u0119 dosta\u0107 w efekcie z\u0142o\u017cony przeze mnie pojazd by\u0142 bardzo ruchomy&#8230;..<\/p>\n<p>            Alexander Ma\u0142y Konstruktor D\u017cip 1106<\/p>\n<p>            Opinia od Ala2015-05-29<\/p>\n<p>                Bardzo fajna pozycja dla ma\u0142ego konstruktora. nie wyobra\u017cam sobie jednak, \u017ceby pojazd samodzielnie sk\u0142ada\u0142 8 latek.<br \/>\nosobie doros\u0142ej zaj\u0119\u0142o to 1,5 godziny z 4 momentami zw\u0105tpienia;) bardzo trudno dopasowa\u0107 kluczy\u0107, a do niekt\u00f3rych wkr\u0119t\u00f3w (czy jak to si\u0119 zwie) bardzo trudno si\u0119 dosta\u0107 w efekcie z\u0142o\u017cony przeze mnie pojazd by\u0142 bardzo ruchomy&#8230;..<\/p>\n<p>            Alexander Ma\u0142y Konstruktor Helikopter Raptor 145 el. 1102<\/p>\n<p>            Opinia od a&#8230;t2021-01-14<\/p>\n<p>                Polecam<\/p>\n<p>            Alexander Ma\u0142y konstruktor Whopper Walec 138 el. 1101<\/p>\n<p>            Opinia od Maria2019-01-01<\/p>\n<p>                super zabawa dla majsterkowicza<\/p>\n<p>            Alexander Ma\u0142y Konstruktor Walec 1101<\/p>\n<p>            Alexander Ma\u0142y Konstruktor Wy\u015bcig\u00f3wka GA-1109<\/p>\n<p>            Opinia od U\u017cytkownik Ceneo2019-08-02<\/p>\n<p>                4,0\/5<\/p>\n<p>            Alexander Ma\u0142y Konstruktor P\u0142ug \u015anie\u017cny 0568 el. 75<\/p>\n<p>            Alexander Ma\u0142y konstruktor Bison 348 el. 1217<\/p>\n<p>            Opinia od mania2017-12-18<\/p>\n<p>                fajny pomys\u0142 na prezent<\/p>\n<h2>Alexander Ma\u0142y Konstruktor 5w1 Wiatrak 431 el. 1700 Alexander<\/h2>\n<p>kr\u00f3tkie bajki dla dzieci, prima aprilis zarty, szlaczki dla dzieci, krotkie zagadki, paj\u0105czek na rowerze test, bajka o dinozaurach do czytania<\/p>\n<p>yyyyy<\/p>\n<p>&nbsp;<\/p>\n","protected":false},"excerpt":{"rendered":"<p>Ma\u0142y Konstruktor \u2013 5w1 WiatrakWyj\u0105tkowy zestaw konstrukcyjny sk\u0142adaj\u0105cy si\u0119 431 element\u00f3w w postaci kolorowych blaszek, \u015brubek, nasadek, element\u00f3w z tworzywa typu ko\u0142a. Dzi\u0119ki zawartym w zestawie narz\u0119dziom mo\u017cna samodzielnie zbudowa\u0107 wiatrak oraz 4 inne maszyny: \u017curaw portowy, samolot, czo\u0142g i wy\u015bcig\u00f3wk\u0119. Zestaw do samodzielnego monta\u017cu, rozwijaj\u0105cy zdolno\u015bci manualne oraz wyobra\u017ani\u0119 przestrzenn\u0105. Ka\u017cdy model sk\u0142ada si\u0119 [&hellip;]<\/p>\n","protected":false},"featured_media":8816,"comment_status":"closed","ping_status":"open","template":"","meta":[],"product_cat":[246,72],"product_tag":[722,652,811,805],"class_list":["post-8815","product","type-product","status-publish","has-post-thumbnail","hentry","product_cat-alexander","product_cat-mali-naukowcy","product_tag-cytaty-o-przyjazni","product_tag-otto","product_tag-zagadki-logiczne-dla-dzieci","product_tag-znaczenie-imienia-alan"],"_links":{"self":[{"href":"http:\/\/klubmamgdynia.pl\/index.php\/wp-json\/wp\/v2\/product\/8815","targetHints":{"allow":["GET"]}}],"collection":[{"href":"http:\/\/klubmamgdynia.pl\/index.php\/wp-json\/wp\/v2\/product"}],"about":[{"href":"http:\/\/klubmamgdynia.pl\/index.php\/wp-json\/wp\/v2\/types\/product"}],"replies":[{"embeddable":true,"href":"http:\/\/klubmamgdynia.pl\/index.php\/wp-json\/wp\/v2\/comments?post=8815"}],"wp:featuredmedia":[{"embeddable":true,"href":"http:\/\/klubmamgdynia.pl\/index.php\/wp-json\/wp\/v2\/media\/8816"}],"wp:attachment":[{"href":"http:\/\/klubmamgdynia.pl\/index.php\/wp-json\/wp\/v2\/media?parent=8815"}],"wp:term":[{"taxonomy":"product_cat","embeddable":true,"href":"http:\/\/klubmamgdynia.pl\/index.php\/wp-json\/wp\/v2\/product_cat?post=8815"},{"taxonomy":"product_tag","embeddable":true,"href":"http:\/\/klubmamgdynia.pl\/index.php\/wp-json\/wp\/v2\/product_tag?post=8815"}],"curies":[{"name":"wp","href":"https:\/\/api.w.org\/{rel}","templated":true}]}}