{"id":8817,"date":"2011-04-27T17:01:57","date_gmt":"2011-04-27T15:01:57","guid":{"rendered":"http:\/\/klubmamgdynia.pl\/index.php\/produkt\/magic-the-gathering-streets-of-new-capenna-collector-booster\/"},"modified":"2026-04-27T10:22:58","modified_gmt":"2026-04-27T08:22:58","slug":"magic-the-gathering-streets-of-new-capenna-collector-booster","status":"publish","type":"product","link":"http:\/\/klubmamgdynia.pl\/index.php\/produkt\/magic-the-gathering-streets-of-new-capenna-collector-booster\/","title":{"rendered":"Magic the Gathering Streets of New Capenna Collector Booster"},"content":{"rendered":"<p>Magic the Gathering: Streets of New Capenna Collector BoosterMagic the Gathering: Streets of New Capenna to zupe\u0142nie nowy \u015bwiat do odkrycia. W mie\u015bcie zbudowanym przez anio\u0142y, \u017c\u0105dz\u0105 teraz demony. Do\u0142\u0105cz do jednej z pi\u0119ciu rodzin gangsterskich i walcz o wp\u0142ywy w mie\u015bcie. Ka\u017cda rodzina jest zupe\u0142nie inna ale wszystkie walcz\u0105 o pe\u0142ne przej\u0119cie miasta.Streets of New Capenna to zupe\u0142nie nowe karty i mo\u017cliwo\u015bci na ulepszenie swojej tali.Do\u0142\u0105cz do walki o dominacj\u0119 w mie\u015bcie anio\u0142\u00f3w.Wydanie: angielskie<\/p>\n<h2>Magic the Gathering Streets of New Capenna Collector Booster Wizards of the Coast<\/h2>\n<p>urodziny dziecka pomys\u0142y, ela znaczenie imienia, el\u017cbieta imi\u0119, radiowe nuty niech zyja wakacje, pch\u0142y na noc, matylda imi\u0119, wierszyk o marzannie, najlepsze zarty na prima aprilis, mi\u0142osz imi\u0119, trudne zagadki na inteligencje, prezent dla dziecka na roczek, podchwytliwe zagadki na inteligencj\u0119, zagadki dla dzieci 7 lat, jeremi imi\u0119, co kupi\u0107 nastolatce na urodziny, atrakcje dla dzieci wielkopolska, zagadki o psach, r\u00f3\u017ca imie, prezent dla m\u0142odzie\u017cy, starodawne \u017cyczenia bo\u017conarodzeniowe, testy katarynka<\/p>\n<p>yyyyy<\/p>\n<p>&nbsp;<\/p>\n","protected":false},"excerpt":{"rendered":"<p>Magic the Gathering: Streets of New Capenna Collector BoosterMagic the Gathering: Streets of New Capenna to zupe\u0142nie nowy \u015bwiat do odkrycia. W mie\u015bcie zbudowanym przez anio\u0142y, \u017c\u0105dz\u0105 teraz demony. Do\u0142\u0105cz do jednej z pi\u0119ciu rodzin gangsterskich i walcz o wp\u0142ywy w mie\u015bcie. Ka\u017cda rodzina jest zupe\u0142nie inna ale wszystkie walcz\u0105 o pe\u0142ne przej\u0119cie miasta.Streets of [&hellip;]<\/p>\n","protected":false},"featured_media":8818,"comment_status":"closed","ping_status":"open","template":"","meta":[],"product_cat":[220,397],"product_tag":[789,797,868,771,757],"class_list":["post-8817","product","type-product","status-publish","has-post-thumbnail","hentry","product_cat-gry-karciane","product_cat-wizards-of-the-coast","product_tag-kaczuszka","product_tag-kiekrz","product_tag-quizy-dla-dzieci","product_tag-stolice-europy-quiz","product_tag-test-z-lektury-ania-z-zielonego-wzgorza-klasa-6-z-odpowiedziami"],"_links":{"self":[{"href":"http:\/\/klubmamgdynia.pl\/index.php\/wp-json\/wp\/v2\/product\/8817","targetHints":{"allow":["GET"]}}],"collection":[{"href":"http:\/\/klubmamgdynia.pl\/index.php\/wp-json\/wp\/v2\/product"}],"about":[{"href":"http:\/\/klubmamgdynia.pl\/index.php\/wp-json\/wp\/v2\/types\/product"}],"replies":[{"embeddable":true,"href":"http:\/\/klubmamgdynia.pl\/index.php\/wp-json\/wp\/v2\/comments?post=8817"}],"wp:featuredmedia":[{"embeddable":true,"href":"http:\/\/klubmamgdynia.pl\/index.php\/wp-json\/wp\/v2\/media\/8818"}],"wp:attachment":[{"href":"http:\/\/klubmamgdynia.pl\/index.php\/wp-json\/wp\/v2\/media?parent=8817"}],"wp:term":[{"taxonomy":"product_cat","embeddable":true,"href":"http:\/\/klubmamgdynia.pl\/index.php\/wp-json\/wp\/v2\/product_cat?post=8817"},{"taxonomy":"product_tag","embeddable":true,"href":"http:\/\/klubmamgdynia.pl\/index.php\/wp-json\/wp\/v2\/product_tag?post=8817"}],"curies":[{"name":"wp","href":"https:\/\/api.w.org\/{rel}","templated":true}]}}