{"id":882,"date":"2013-06-03T08:41:58","date_gmt":"2013-06-03T06:41:58","guid":{"rendered":"http:\/\/klubmamgdynia.pl\/index.php\/produkt\/ks-kids-lalka-malowanka-julia-ka10691\/"},"modified":"2026-04-29T21:45:45","modified_gmt":"2026-04-29T19:45:45","slug":"ks-kids-lalka-malowanka-julia-ka10691","status":"publish","type":"product","link":"http:\/\/klubmamgdynia.pl\/index.php\/produkt\/ks-kids-lalka-malowanka-julia-ka10691\/","title":{"rendered":"K&#8217;s Kids Lalka malowanka Julia (KA10691)"},"content":{"rendered":"<p>Jest zabawa, co powinna na ni\u0105 ubra\u0107 Julia?Dzi\u0119ki tej lalce dziecko mo\u017ce stworzy\u0107 w\u0142asny ubi\u00f3r za pomoc\u0105 wodnego mazaka. Poprzez malowanie zabawki dziecko kszta\u0142tuje swoje umiej\u0119tno\u015bci motoryczne, pobudza zmys\u0142 wzroku i dotyku, rozwija pomys\u0142owo\u015b\u0107 jak r\u00f3wnie\u017c kreatywno\u015b\u0107.Cel: Przytulanie.Metoda: Wayne stanie si\u0119 idealnym przyjacielem dziecka. Przytulanie lalki uczy dziecko opieki nad innymi oraz rozwijania pozytywnych relacji.Cel: Nauka cz\u0119\u015bci twarzy i cia\u0142a.Metoda: Naucz dziecko rozpoznawania cz\u0119\u015bci twarzy i cia\u0142a.Cel: Wskazywanie cz\u0119\u015bci cia\u0142a i twarzy.Metoda: Wym\u00f3w cz\u0119\u015b\u0107 cia\u0142a lub twarzy i zach\u0119\u0107 dziecko do wskazania jej na lalce.Cel: \u0106wiczenie motoryki ma\u0142ej &#8211; nauka trzymania w d\u0142oni mazaka.Metoda: W zostawie z lalk\u0105 jest r\u00f3znie\u017c mazak. Zach\u0119\u0107 dziecko do trzymania mazaka w d\u0142oni w celu rozwijania motoryki ma\u0142ej.Cel: \u0106wiczenie koordynacji wzrokowo-ruchowej i rozwijanie kreatywno\u015bci.Metoda: Zach\u0119\u0107 dziecko do malowania mazakiem po lalce. Pozw\u00f3l mu malowa\u0107 r\u00f3\u017cne wzory zar\u00f3wno cienk\u0105 jak i grub\u0105 ko\u0144c\u00f3wk\u0105 mazaka.Cel: Malowanie stroj\u00f3w sportowych, do szko\u0142y, do chodzenia po domu oraz wyj\u015bciowych.Metoda: Zach\u0119\u0107 dziecko do stworzenia r\u00f3\u017cnego rodzaju stroj\u00f3w, w zale\u017cno\u015bci od okazji.Cel: Malowanie stroj\u00f3w na r\u00f3\u017cne okazje.Metoda: Wym\u00f3w motyw lub okazj\u0119 i pozw\u00f3l dziecku namalowa\u0107 ubranie zgodne z wypowiedzianym motywem lub okazj\u0105.<\/p>\n<h2>Ks Kids Lalka malowanka Julia (KA10691) Ks Kids<\/h2>\n<p>testy z lektury opowie\u015bci z narnii lew czarownica i stara szafa, ozdoby wielkanocne kt\u00f3re mog\u0105 zrobi\u0107 dzieci, \u017cyczenia wielkanocne dla dzieci kr\u00f3tkie, ach \u015bpij kochanie tekst, quiz dla dzieci, prezent na dzien dziecka 7 lat, kolysanki tekst, zaproszenie na urodziny dziecka tekst do druku, warszawa z dzieckiem, halloween warszawa 2021 dzieci, cytaty o wychowaniu i nauczaniu<\/p>\n<p>yyyyy<\/p>\n<p>&nbsp;<\/p>\n","protected":false},"excerpt":{"rendered":"<p>Jest zabawa, co powinna na ni\u0105 ubra\u0107 Julia?Dzi\u0119ki tej lalce dziecko mo\u017ce stworzy\u0107 w\u0142asny ubi\u00f3r za pomoc\u0105 wodnego mazaka. Poprzez malowanie zabawki dziecko kszta\u0142tuje swoje umiej\u0119tno\u015bci motoryczne, pobudza zmys\u0142 wzroku i dotyku, rozwija pomys\u0142owo\u015b\u0107 jak r\u00f3wnie\u017c kreatywno\u015b\u0107.Cel: Przytulanie.Metoda: Wayne stanie si\u0119 idealnym przyjacielem dziecka. Przytulanie lalki uczy dziecko opieki nad innymi oraz rozwijania pozytywnych relacji.Cel: [&hellip;]<\/p>\n","protected":false},"featured_media":883,"comment_status":"closed","ping_status":"open","template":"","meta":[],"product_cat":[305,65],"product_tag":[728,702,729,818],"class_list":["post-882","product","type-product","status-publish","has-post-thumbnail","hentry","product_cat-ks-kids","product_cat-lalki","product_tag-bezwarunkowa-milosc-do-dziecka-cytaty","product_tag-co-kupic-na-roczek-dla-dziewczynki","product_tag-madre-bajki-dla-dzieci-do-czytania","product_tag-oliwier"],"_links":{"self":[{"href":"http:\/\/klubmamgdynia.pl\/index.php\/wp-json\/wp\/v2\/product\/882","targetHints":{"allow":["GET"]}}],"collection":[{"href":"http:\/\/klubmamgdynia.pl\/index.php\/wp-json\/wp\/v2\/product"}],"about":[{"href":"http:\/\/klubmamgdynia.pl\/index.php\/wp-json\/wp\/v2\/types\/product"}],"replies":[{"embeddable":true,"href":"http:\/\/klubmamgdynia.pl\/index.php\/wp-json\/wp\/v2\/comments?post=882"}],"wp:featuredmedia":[{"embeddable":true,"href":"http:\/\/klubmamgdynia.pl\/index.php\/wp-json\/wp\/v2\/media\/883"}],"wp:attachment":[{"href":"http:\/\/klubmamgdynia.pl\/index.php\/wp-json\/wp\/v2\/media?parent=882"}],"wp:term":[{"taxonomy":"product_cat","embeddable":true,"href":"http:\/\/klubmamgdynia.pl\/index.php\/wp-json\/wp\/v2\/product_cat?post=882"},{"taxonomy":"product_tag","embeddable":true,"href":"http:\/\/klubmamgdynia.pl\/index.php\/wp-json\/wp\/v2\/product_tag?post=882"}],"curies":[{"name":"wp","href":"https:\/\/api.w.org\/{rel}","templated":true}]}}