{"id":8823,"date":"2013-07-02T15:12:23","date_gmt":"2013-07-02T13:12:23","guid":{"rendered":"http:\/\/klubmamgdynia.pl\/index.php\/produkt\/canpol-babies-sliniak-zmywalny-z-kieszonka-hello-little-9-232_bei\/"},"modified":"2026-05-17T22:08:23","modified_gmt":"2026-05-17T20:08:23","slug":"canpol-babies-sliniak-zmywalny-z-kieszonka-hello-little-9-232_bei","status":"publish","type":"product","link":"http:\/\/klubmamgdynia.pl\/index.php\/produkt\/canpol-babies-sliniak-zmywalny-z-kieszonka-hello-little-9-232_bei\/","title":{"rendered":"CANPOL BABIES \u015aLINIAK ZMYWALNY Z KIESZONK\u0104 HELLO LITTLE (9\/232_BEI)"},"content":{"rendered":"<p>\u015aliniaczek skutecznie chroni ubranie dziecka przed zabrudzeniem w trakcie jedzenia. Wyposa\u017cony jest w du\u017c\u0105 kiesze\u0144, kt\u00f3ra zatrzymuje resztki pokarmu, a wykonany jest z mi\u0119kkiego i \u0142atwo zmywalnego tworzywa. \u015aliniaki charakteryzuj\u0105 si\u0119 autorskimi kolorowymi wzorami. Wygodne zapi\u0119cie na rzep.W\u0142a\u015bciwo\u015bci:Wygodne zapi\u0119cie na rzep,Wywijana kiesze\u0144 -wy\u0142apuje spadaj\u0105ce okruszki,Autorskie, kolorowe wzory,Mi\u0119kkie i \u0142atwo zmywalne tworzywo -zabezpiecza ubranie przed zabrudzeniem podczas posi\u0142k\u00f3w i zabawy dziecka.Sk\u0142ad: 80% EVA, 20% PEVA.Przeznaczony dla dzieci powy\u017cej 6. miesi\u0105ca \u017cycia.W opakowaniu jest 1 sztuka \u015bliniaka.<\/p>\n<h2>CANPOL BABIES \u015aLINIAK ZMYWALNY Z KIESZONK\u0104 HELLO LITTLE (9\/232_BEI) Canpol babies<\/h2>\n<p>dzieci.pl, karaluchy pod poduchy, iwo, po\u0142\u0105cz kropki do druku<\/p>\n<p>yyyyy<\/p>\n<p>&nbsp;<\/p>\n","protected":false},"excerpt":{"rendered":"<p>\u015aliniaczek skutecznie chroni ubranie dziecka przed zabrudzeniem w trakcie jedzenia. Wyposa\u017cony jest w du\u017c\u0105 kiesze\u0144, kt\u00f3ra zatrzymuje resztki pokarmu, a wykonany jest z mi\u0119kkiego i \u0142atwo zmywalnego tworzywa. \u015aliniaki charakteryzuj\u0105 si\u0119 autorskimi kolorowymi wzorami. Wygodne zapi\u0119cie na rzep.W\u0142a\u015bciwo\u015bci:Wygodne zapi\u0119cie na rzep,Wywijana kiesze\u0144 -wy\u0142apuje spadaj\u0105ce okruszki,Autorskie, kolorowe wzory,Mi\u0119kkie i \u0142atwo zmywalne tworzywo -zabezpiecza ubranie przed zabrudzeniem [&hellip;]<\/p>\n","protected":false},"featured_media":8824,"comment_status":"closed","ping_status":"open","template":"","meta":[],"product_cat":[68,1100],"product_tag":[786,641,712,694],"class_list":["post-8823","product","type-product","status-publish","has-post-thumbnail","hentry","product_cat-canpol-babies","product_cat-sliniaki-i-fartuszki","product_tag-prezent-na-1-urodziny","product_tag-trudne-zagadki-logiczne","product_tag-zagadki-o-zwierzetach","product_tag-zagadki-swiateczne-dla-dzieci"],"_links":{"self":[{"href":"http:\/\/klubmamgdynia.pl\/index.php\/wp-json\/wp\/v2\/product\/8823","targetHints":{"allow":["GET"]}}],"collection":[{"href":"http:\/\/klubmamgdynia.pl\/index.php\/wp-json\/wp\/v2\/product"}],"about":[{"href":"http:\/\/klubmamgdynia.pl\/index.php\/wp-json\/wp\/v2\/types\/product"}],"replies":[{"embeddable":true,"href":"http:\/\/klubmamgdynia.pl\/index.php\/wp-json\/wp\/v2\/comments?post=8823"}],"wp:featuredmedia":[{"embeddable":true,"href":"http:\/\/klubmamgdynia.pl\/index.php\/wp-json\/wp\/v2\/media\/8824"}],"wp:attachment":[{"href":"http:\/\/klubmamgdynia.pl\/index.php\/wp-json\/wp\/v2\/media?parent=8823"}],"wp:term":[{"taxonomy":"product_cat","embeddable":true,"href":"http:\/\/klubmamgdynia.pl\/index.php\/wp-json\/wp\/v2\/product_cat?post=8823"},{"taxonomy":"product_tag","embeddable":true,"href":"http:\/\/klubmamgdynia.pl\/index.php\/wp-json\/wp\/v2\/product_tag?post=8823"}],"curies":[{"name":"wp","href":"https:\/\/api.w.org\/{rel}","templated":true}]}}