{"id":8825,"date":"2017-02-27T09:50:22","date_gmt":"2017-02-27T08:50:22","guid":{"rendered":"http:\/\/klubmamgdynia.pl\/index.php\/produkt\/canpol-babies-smoczek-uspokajajacy-silikonowy-6-18m-okragly-night-dreams-niebieski-22-640\/"},"modified":"2026-04-04T01:36:47","modified_gmt":"2026-04-03T23:36:47","slug":"canpol-babies-smoczek-uspokajajacy-silikonowy-6-18m-okragly-night-dreams-niebieski-22-640","status":"publish","type":"product","link":"http:\/\/klubmamgdynia.pl\/index.php\/produkt\/canpol-babies-smoczek-uspokajajacy-silikonowy-6-18m-okragly-night-dreams-niebieski-22-640\/","title":{"rendered":"CANPOL BABIES SMOCZEK USPOKAJAJ\u0104CY SILIKONOWY 6-18M OKR\u0104G\u0141Y NIGHT DREAMS NIEBIESKI (22\/640)"},"content":{"rendered":"<p>Canpol babies smoczek uspokajaj\u0105cy silikonowy 6-18m okr\u0105g\u0142y NIGHT DREAMS (22\/640)<\/p>\n<p>Smoczek uspokajaj\u0105cy NIGHT DREAMS wykonany jest z najwy\u017cszej jako\u015bci, bezzapachowego i bezsmakowego silikonu. Wyposa\u017cony w gumk\u0119 o okr\u0105g\u0142ym kszta\u0142cie zapewnia swobodne oddychanie i po\u0142ykanie \u015bliny. Specjalne otwory wentylacyjne na tarczce gwarantuj\u0105 swobodny przep\u0142yw powietrza i zapobiegaj\u0105 podra\u017cnieniom delikatnej sk\u00f3ry dziecka. \u015awiec\u0105ca tarczka u\u0142atwia znalezienie smoczka w ciemno\u015bci, a wygodny uchwyt u\u0142atwia podawanie dziecku smoczka oraz pozwala na przymocowanie \u0142a\u0144cuszka. Dost\u0119pny w kilku kolorach. Przeznaczony dla dzieci w wieku 6-18 miesi\u0119cy.                            <\/p>\n<p>Nie zawiera BPA                            <\/p>\n<p>Nie do u\u017cytku w zmywarce                            <\/p>\n<p>Nie do u\u017cytku w mikrofali                            <\/p>\n<p>Mo\u017cna dezynfekowa\u0107 we wrz\u0105cej wodzie                            <\/p>\n<p>Proponowany wiek: 6-18m                            <\/p>\n<p>\u015awiec\u0105c\u0105 tarczka &#8211; u\u0142atwia znalezienie smoczka noc\u0105                            <\/p>\n<p>Gumka wyprodukowana z silikonu &#8211; ca\u0142kowicie przezroczysta i bezsmakowa.                            <\/p>\n<p>Wentylowana tarczka &#8211; zapewnia swobodny przep\u0142yw powietrza, co zapobiega podra\u017cnieniom.                            <\/p>\n<p>Wygodny uchwyt &#8211; u\u0142atwia podawanie dziecku smoczka oraz powala na przymocowanie \u0142a\u0144cuszka.                            <\/p>\n<p>Dodatkowe informacjeSmoczek dost\u0119pny w 3 rozmiarach:22\/639 0-6 miesi\u0119cy22\/640 6-18 miesi\u0119cy22\/641 powy\u017cej 18 miesi\u0119cy.W opakowaniu 1 sztuka.Produkt nie zawiera BPA.Nie do u\u017cytku w zmywarce i mikrofali. Mo\u017cna dezynfekowa\u0107 i wyparza\u0107.                            <\/p>\n<p>Jak u\u017cywa\u0107Smoczek utrzymuj w czysto\u015bci. Przed pierwszym u\u017cyciem smoczek wygotuj w gor\u0105cej wodzie przez 5 minut. Nast\u0119pnie po sch\u0142odzeniu wyci\u015bnij pozosta\u0142\u0105 w smoczku wod\u0119. Dla zachowania higieny myj regularnie smoczek pod ciep\u0142\u0105 bie\u017c\u0105c\u0105 wod\u0105. Przynajmniej raz dziennie i za ka\u017cdym razem, gdy smoczek wypadnie poza \u0142\u00f3\u017ceczko czy w\u00f3zek wyparz go w gor\u0105cej wodzie. Nie nadaje si\u0119 do u\u017cytku w zmywarce i mikrofali. Mo\u017cna dezynfekowa\u0107 i wyparza\u0107. Do mycia nie u\u017cywaj antybakteryjnych ani \u015bciernych \u015brodk\u00f3w czyszcz\u0105cych. Ich zbyt wysokie st\u0119\u017cenie mo\u017ce z czasem spowodowa\u0107 uszkodzenie element\u00f3w plastikowych. Nie pozostawiaj smoczka w bezpo\u015brednim nara\u017ceniu na promienie s\u0142oneczne, w pobli\u017cu \u017ar\u00f3de\u0142 ciep\u0142a lub w substancji dezynfekuj\u0105cej (roztw\u00f3r \u201edezynfekuj\u0105cy\u201d) d\u0142u\u017cej ni\u017c jest to zalecane, poniewa\u017c mo\u017ce to spowodowa\u0107 os\u0142abienie gumki.Uwaga! Nigdy nie bierz smoczka malca do swoich ust! Mo\u017cesz zarazi\u0107 dziecko infekcj\u0105. Nigdy nie zanurzaj smoczka w miodzie, cukrze lub innym s\u0142odkim p\u0142ynie, gdy\u017c w ten spos\u00f3b nara\u017casz dziecko na rozw\u00f3j pr\u00f3chnicy i inne choroby jamy ustnej. Smoczki przechowuj w czystym i suchym pojemniku do smoczk\u00f3w. Smoczek z matow\u0105 lub pop\u0119kan\u0105 gumk\u0105 wymie\u0144 na nowy, zanim dziecko odgryzie jej fragment i si\u0119 zad\u0142awi. Przed ka\u017cdym u\u017cyciem dok\u0142adnie sprawd\u017a produkt. Rozci\u0105gnij smoczek we wszystkich kierunkach. W przypadku jakichkolwiek uszkodze\u0144 wyrzu\u0107 produkt. Je\u017celi dziecko ma ju\u017c z\u0105bki i korzysta ze smoczka, regularnie sprawdzaj czy gumka nie jest nadgryziona. Aby zapewni\u0107 maluszkowi komfort i bezpiecze\u0144stwo, wymieniaj mu smoczek co 1-2 miesi\u0105ce. Je\u017celi zdarzy si\u0119 sytuacja, \u017ce dziecko umie\u015bci ca\u0142y smoczek do uspokajania w jamie ustnej NIE NALE\u017bY WPADA\u0106 W PANIK\u0118. Smoczek do uspokajania jest tak skonstruowany, \u017ce nie mo\u017ce zosta\u0107 po\u0142kni\u0119ty przez dziecko. Gdy tylko zauwa\u017cysz, \u017ce maluch w\u0142o\u017cy\u0142 ca\u0142y smoczek do buzi usu\u0144 go z jego ust najdelikatniej jak to mo\u017cliwe.Zalecamy odstawienie smoczka u dzieci w wieku 3 lat.<\/p>\n<h2>CANPOL BABIES SMOCZEK USPOKAJAJ\u0104CY SILIKONOWY 6-18M OKR\u0104G\u0141Y NIGHT DREAMS NIEBIESKI (22\/640) Canpol babies<\/h2>\n<p>najlepsze place zabaw warszawa, milan imi\u0119, god\u0142o polski do druku, prezent dla 7 letniej dziewczynki, kolorowanka do malowania farbami, zabawka na roczek dla dziewczynki, kolorowanki z bajek, \u0142amig\u0142\u00f3wki matematyczne, ozdoby wielkanocne z dzie\u0107mi, wzruszaj\u0105ce s\u0142owa dla przyjaciela, kolorowanki \u015bwi\u0105teczne do druku pdf, zagadki co to jest, zaproszenie na urodziny, bajki do czytania dla niemowl\u0105t, fajne prezenty dla nastolatk\u00f3w, zagadki dla 8 latka, peppa do czytania, zagadki o zawodach, wiersz o wakacjach<\/p>\n<p>yyyyy<\/p>\n<p>&nbsp;<\/p>\n","protected":false},"excerpt":{"rendered":"<p>Canpol babies smoczek uspokajaj\u0105cy silikonowy 6-18m okr\u0105g\u0142y NIGHT DREAMS (22\/640) Smoczek uspokajaj\u0105cy NIGHT DREAMS wykonany jest z najwy\u017cszej jako\u015bci, bezzapachowego i bezsmakowego silikonu. Wyposa\u017cony w gumk\u0119 o okr\u0105g\u0142ym kszta\u0142cie zapewnia swobodne oddychanie i po\u0142ykanie \u015bliny. Specjalne otwory wentylacyjne na tarczce gwarantuj\u0105 swobodny przep\u0142yw powietrza i zapobiegaj\u0105 podra\u017cnieniom delikatnej sk\u00f3ry dziecka. \u015awiec\u0105ca tarczka u\u0142atwia znalezienie smoczka [&hellip;]<\/p>\n","protected":false},"featured_media":8826,"comment_status":"closed","ping_status":"open","template":"","meta":[],"product_cat":[68,255],"product_tag":[706,853,794,782,714,715],"class_list":["post-8825","product","type-product","status-publish","has-post-thumbnail","hentry","product_cat-canpol-babies","product_cat-smoczki-uspokajajace","product_tag-imie-kuba","product_tag-kolorowanki-do-druku-dla-doroslych","product_tag-test-opowiesci-z-narnii-lew-czarownica-i-stara-szafa-do-druku","product_tag-zagadki-dla-dzieci-z-odpowiedziami","product_tag-zagadki-logiczne","product_tag-zosia-samosia"],"_links":{"self":[{"href":"http:\/\/klubmamgdynia.pl\/index.php\/wp-json\/wp\/v2\/product\/8825","targetHints":{"allow":["GET"]}}],"collection":[{"href":"http:\/\/klubmamgdynia.pl\/index.php\/wp-json\/wp\/v2\/product"}],"about":[{"href":"http:\/\/klubmamgdynia.pl\/index.php\/wp-json\/wp\/v2\/types\/product"}],"replies":[{"embeddable":true,"href":"http:\/\/klubmamgdynia.pl\/index.php\/wp-json\/wp\/v2\/comments?post=8825"}],"wp:featuredmedia":[{"embeddable":true,"href":"http:\/\/klubmamgdynia.pl\/index.php\/wp-json\/wp\/v2\/media\/8826"}],"wp:attachment":[{"href":"http:\/\/klubmamgdynia.pl\/index.php\/wp-json\/wp\/v2\/media?parent=8825"}],"wp:term":[{"taxonomy":"product_cat","embeddable":true,"href":"http:\/\/klubmamgdynia.pl\/index.php\/wp-json\/wp\/v2\/product_cat?post=8825"},{"taxonomy":"product_tag","embeddable":true,"href":"http:\/\/klubmamgdynia.pl\/index.php\/wp-json\/wp\/v2\/product_tag?post=8825"}],"curies":[{"name":"wp","href":"https:\/\/api.w.org\/{rel}","templated":true}]}}