{"id":8827,"date":"2014-10-18T13:57:22","date_gmt":"2014-10-18T11:57:22","guid":{"rendered":"http:\/\/klubmamgdynia.pl\/index.php\/produkt\/papo-albatros\/"},"modified":"2026-04-20T13:26:38","modified_gmt":"2026-04-20T11:26:38","slug":"papo-albatros","status":"publish","type":"product","link":"http:\/\/klubmamgdynia.pl\/index.php\/produkt\/papo-albatros\/","title":{"rendered":"Papo Albatros"},"content":{"rendered":"<p>Wszystkie figurki Papo zosta\u0142y zaprojektowane i opracowane we Francji, w celu \u0142\u0105czenia nauki i zabawy dla dzieci. Figurki Papo s\u0105 \u017ar\u00f3d\u0142em rozrywki, pobudzaj\u0105 dzieci\u0119c\u0105 wyobra\u017ani\u0119, co jest wa\u017cne dla ich rozwoju.R\u00f3\u017cnorodno\u015b\u0107 postaci i wzajemne oddzia\u0142ywanie r\u00f3\u017cnych wszech\u015bwiat\u00f3w stymuluj\u0105 kreatywno\u015b\u0107 i wyobra\u017ani\u0119. Dlatego tak cz\u0119sto wykorzystywane s\u0105 w metodzie Montessori. Figurki s\u0105 r\u0119cznie malowane, z najwi\u0119ksz\u0105 dba\u0142o\u015bci\u0105 o szczeg\u00f3\u0142y.Dzi\u0119ki wysokiej jako\u015bci wykonania i realistycznemu odwzorowaniu figurki Papo s\u0105 bardzo popularne w\u015br\u00f3d wielu kolekcjoner\u00f3w i specjalist\u00f3w.Jednym z ci\u0105g\u0142ych i g\u0142\u00f3wnych priorytet\u00f3w od lat, jest jako\u015b\u0107 (jako\u015b\u0107 form i materia\u0142\u00f3w, z kt\u00f3rych s\u0105 wykonane). NAZWA ALBATROS PRODUCENT PAPO WIEK 3+ EAN 3465000560386 Znajd\u017a podobne wed\u0142ug klucza: PAPO (427491)<\/p>\n<h2>Papo Albatros Papo<\/h2>\n<p>krecik bajka, kuba imi\u0119, rozrywka dla dzieci, imiona dla ch\u0142opc\u00f3w, prezent dla rocznego ch\u0142opca, rymowanki o pisankach, tupcio chrupcio bajka do czytania, fajne \u017carty na prima aprilis, pies rysunek, quiz o flagach europy, zagadki na inteligencj\u0119 z odpowiedziami, malowanie kamieni, ma\u0142y ksi\u0105\u017c\u0119 cytaty o przyja\u017ani, \u017c\u0105rty na prima aprilis, myszka miki kolorowanka, cytaty dla dzieci, do druku dla dzieci, ozdoby wielkanocne kt\u00f3re mog\u0105 zrobi\u0107 dzieci, opisy rodzina, zagadki dla starszych dzieci, proste dekoracje \u015bwi\u0105teczne dla dzieci<\/p>\n<p>yyyyy<\/p>\n<p>&nbsp;<\/p>\n","protected":false},"excerpt":{"rendered":"<p>Wszystkie figurki Papo zosta\u0142y zaprojektowane i opracowane we Francji, w celu \u0142\u0105czenia nauki i zabawy dla dzieci. Figurki Papo s\u0105 \u017ar\u00f3d\u0142em rozrywki, pobudzaj\u0105 dzieci\u0119c\u0105 wyobra\u017ani\u0119, co jest wa\u017cne dla ich rozwoju.R\u00f3\u017cnorodno\u015b\u0107 postaci i wzajemne oddzia\u0142ywanie r\u00f3\u017cnych wszech\u015bwiat\u00f3w stymuluj\u0105 kreatywno\u015b\u0107 i wyobra\u017ani\u0119. Dlatego tak cz\u0119sto wykorzystywane s\u0105 w metodzie Montessori. Figurki s\u0105 r\u0119cznie malowane, z najwi\u0119ksz\u0105 [&hellip;]<\/p>\n","protected":false},"featured_media":8828,"comment_status":"closed","ping_status":"open","template":"","meta":[],"product_cat":[95,880],"product_tag":[862,678,620,604,746],"class_list":["post-8827","product","type-product","status-publish","has-post-thumbnail","hentry","product_cat-figurki-makiety-i-zestawy","product_cat-papo","product_tag-nasza-zima-zla-tekst","product_tag-prezent-na-roczek-dla-dziewczynki","product_tag-quiz-opowiesci-z-narnii","product_tag-zagadki-trudne","product_tag-zagadki-typu-co-to-jest"],"_links":{"self":[{"href":"http:\/\/klubmamgdynia.pl\/index.php\/wp-json\/wp\/v2\/product\/8827","targetHints":{"allow":["GET"]}}],"collection":[{"href":"http:\/\/klubmamgdynia.pl\/index.php\/wp-json\/wp\/v2\/product"}],"about":[{"href":"http:\/\/klubmamgdynia.pl\/index.php\/wp-json\/wp\/v2\/types\/product"}],"replies":[{"embeddable":true,"href":"http:\/\/klubmamgdynia.pl\/index.php\/wp-json\/wp\/v2\/comments?post=8827"}],"wp:featuredmedia":[{"embeddable":true,"href":"http:\/\/klubmamgdynia.pl\/index.php\/wp-json\/wp\/v2\/media\/8828"}],"wp:attachment":[{"href":"http:\/\/klubmamgdynia.pl\/index.php\/wp-json\/wp\/v2\/media?parent=8827"}],"wp:term":[{"taxonomy":"product_cat","embeddable":true,"href":"http:\/\/klubmamgdynia.pl\/index.php\/wp-json\/wp\/v2\/product_cat?post=8827"},{"taxonomy":"product_tag","embeddable":true,"href":"http:\/\/klubmamgdynia.pl\/index.php\/wp-json\/wp\/v2\/product_tag?post=8827"}],"curies":[{"name":"wp","href":"https:\/\/api.w.org\/{rel}","templated":true}]}}