{"id":8829,"date":"2015-09-23T09:06:07","date_gmt":"2015-09-23T07:06:07","guid":{"rendered":"http:\/\/klubmamgdynia.pl\/index.php\/produkt\/meyco-daszek-uni-soft-yellow\/"},"modified":"2026-04-25T03:07:20","modified_gmt":"2026-04-25T01:07:20","slug":"meyco-daszek-uni-soft-yellow","status":"publish","type":"product","link":"http:\/\/klubmamgdynia.pl\/index.php\/produkt\/meyco-daszek-uni-soft-yellow\/","title":{"rendered":"Meyco Daszek Uni Soft Yellow"},"content":{"rendered":"<p>Szczeg\u00f3\u0142y produktu: Materia\u0142: 20% bawe\u0142na, 80% poliester Mycie r\u0119czne Nie nadaje si\u0119 do suszenia w suszarce b\u0119bnowej Mo\u017cna prasowa\u0107<\/p>\n<h2>Meyco Daszek Uni Soft Yellow <\/h2>\n<p>roczek prezenty, kolorowanka konie, papuga kolorowanka, quiz bajki, kolorowanki lol, rozalia imi\u0119<\/p>\n<p>yyyyy<\/p>\n<p>&nbsp;<\/p>\n","protected":false},"excerpt":{"rendered":"<p>Szczeg\u00f3\u0142y produktu: Materia\u0142: 20% bawe\u0142na, 80% poliester Mycie r\u0119czne Nie nadaje si\u0119 do suszenia w suszarce b\u0119bnowej Mo\u017cna prasowa\u0107 Meyco Daszek Uni Soft Yellow roczek prezenty, kolorowanka konie, papuga kolorowanka, quiz bajki, kolorowanki lol, rozalia imi\u0119 yyyyy &nbsp;<\/p>\n","protected":false},"featured_media":8830,"comment_status":"closed","ping_status":"open","template":"","meta":[],"product_cat":[949],"product_tag":[776,786,783,843,713],"class_list":["post-8829","product","type-product","status-publish","has-post-thumbnail","hentry","product_cat-akcesoria-do-mebli-dzieciecych","product_tag-dobrej-nocy","product_tag-prezent-na-1-urodziny","product_tag-prezenty-na-roczek-dla-chlopca","product_tag-smieszne-zagadki-dla-dzieci","product_tag-zagadki-logiczne-z-odpowiedziami"],"_links":{"self":[{"href":"http:\/\/klubmamgdynia.pl\/index.php\/wp-json\/wp\/v2\/product\/8829","targetHints":{"allow":["GET"]}}],"collection":[{"href":"http:\/\/klubmamgdynia.pl\/index.php\/wp-json\/wp\/v2\/product"}],"about":[{"href":"http:\/\/klubmamgdynia.pl\/index.php\/wp-json\/wp\/v2\/types\/product"}],"replies":[{"embeddable":true,"href":"http:\/\/klubmamgdynia.pl\/index.php\/wp-json\/wp\/v2\/comments?post=8829"}],"wp:featuredmedia":[{"embeddable":true,"href":"http:\/\/klubmamgdynia.pl\/index.php\/wp-json\/wp\/v2\/media\/8830"}],"wp:attachment":[{"href":"http:\/\/klubmamgdynia.pl\/index.php\/wp-json\/wp\/v2\/media?parent=8829"}],"wp:term":[{"taxonomy":"product_cat","embeddable":true,"href":"http:\/\/klubmamgdynia.pl\/index.php\/wp-json\/wp\/v2\/product_cat?post=8829"},{"taxonomy":"product_tag","embeddable":true,"href":"http:\/\/klubmamgdynia.pl\/index.php\/wp-json\/wp\/v2\/product_tag?post=8829"}],"curies":[{"name":"wp","href":"https:\/\/api.w.org\/{rel}","templated":true}]}}