{"id":8835,"date":"2022-03-15T08:28:02","date_gmt":"2022-03-15T07:28:02","guid":{"rendered":"http:\/\/klubmamgdynia.pl\/index.php\/produkt\/marmozeta-lwia\/"},"modified":"2026-04-06T11:31:49","modified_gmt":"2026-04-06T09:31:49","slug":"marmozeta-lwia","status":"publish","type":"product","link":"http:\/\/klubmamgdynia.pl\/index.php\/produkt\/marmozeta-lwia\/","title":{"rendered":"Marmozeta lwia"},"content":{"rendered":"<p>Marmozeta lwia gatunek po\u0142udniowoameryka\u0144skiej ma\u0142py szerokonosej. Zamieszkuje lasy deszczowe po\u0142udniowo-wschodniej Brazylii. Zasi\u0119g wyst\u0119powania gatunku jest ograniczany z powodu fragmentacji i zmniejszania area\u0142u las\u00f3w.Na podstawie Wikipedii.Wszystkie figurki Papo zosta\u0142y zaprojektowane i opracowane we Francji, w celu \u0142\u0105czenia nauki i zabawy dla dzieci. Figurki Papo s\u0105 \u017ar\u00f3d\u0142em rozrywki, pobudzaj\u0105 dzieci\u0119c\u0105 wyobra\u017ani\u0119, co jest wa\u017cne dla ich rozwoju.R\u00f3\u017cnorodno\u015b\u0107 postaci i wzajemne od&#8230;<\/p>\n<h2>Marmozeta lwia Papo<\/h2>\n<p>szablony do wyklejania plastelin\u0105, dyplomy dla dzieci do druku, cytat o przyja\u017ani, wielkanocne zagadki, opowie\u015bci z narnii lew czarownica i stara szafa test do wydruku, kiekrz, postacie z bajek, quiz o wio\u015bnie, kolorowanki dla dziewczyn, litery kolorowanka, opis do zdj\u0119cia dziecka, kolorowanki do druku dla dziewczyn, kolorowanka lego friends<\/p>\n<p>yyyyy<\/p>\n<p>&nbsp;<\/p>\n","protected":false},"excerpt":{"rendered":"<p>Marmozeta lwia gatunek po\u0142udniowoameryka\u0144skiej ma\u0142py szerokonosej. Zamieszkuje lasy deszczowe po\u0142udniowo-wschodniej Brazylii. Zasi\u0119g wyst\u0119powania gatunku jest ograniczany z powodu fragmentacji i zmniejszania area\u0142u las\u00f3w.Na podstawie Wikipedii.Wszystkie figurki Papo zosta\u0142y zaprojektowane i opracowane we Francji, w celu \u0142\u0105czenia nauki i zabawy dla dzieci. Figurki Papo s\u0105 \u017ar\u00f3d\u0142em rozrywki, pobudzaj\u0105 dzieci\u0119c\u0105 wyobra\u017ani\u0119, co jest wa\u017cne dla ich rozwoju.R\u00f3\u017cnorodno\u015b\u0107 [&hellip;]<\/p>\n","protected":false},"featured_media":8836,"comment_status":"closed","ping_status":"open","template":"","meta":[],"product_cat":[95,880],"product_tag":[825,838,582,783,708],"class_list":["post-8835","product","type-product","status-publish","has-post-thumbnail","hentry","product_cat-figurki-makiety-i-zestawy","product_cat-papo","product_tag-bajka-na-dobranoc-do-czytania","product_tag-bajki-dla-dzieci-na-dobranoc","product_tag-nauka-pisania-literek-do-wydruku-pdf","product_tag-prezenty-na-roczek-dla-chlopca","product_tag-zabawy-ruchowe-dla-dzieci"],"_links":{"self":[{"href":"http:\/\/klubmamgdynia.pl\/index.php\/wp-json\/wp\/v2\/product\/8835","targetHints":{"allow":["GET"]}}],"collection":[{"href":"http:\/\/klubmamgdynia.pl\/index.php\/wp-json\/wp\/v2\/product"}],"about":[{"href":"http:\/\/klubmamgdynia.pl\/index.php\/wp-json\/wp\/v2\/types\/product"}],"replies":[{"embeddable":true,"href":"http:\/\/klubmamgdynia.pl\/index.php\/wp-json\/wp\/v2\/comments?post=8835"}],"wp:featuredmedia":[{"embeddable":true,"href":"http:\/\/klubmamgdynia.pl\/index.php\/wp-json\/wp\/v2\/media\/8836"}],"wp:attachment":[{"href":"http:\/\/klubmamgdynia.pl\/index.php\/wp-json\/wp\/v2\/media?parent=8835"}],"wp:term":[{"taxonomy":"product_cat","embeddable":true,"href":"http:\/\/klubmamgdynia.pl\/index.php\/wp-json\/wp\/v2\/product_cat?post=8835"},{"taxonomy":"product_tag","embeddable":true,"href":"http:\/\/klubmamgdynia.pl\/index.php\/wp-json\/wp\/v2\/product_tag?post=8835"}],"curies":[{"name":"wp","href":"https:\/\/api.w.org\/{rel}","templated":true}]}}