{"id":8837,"date":"2016-02-19T19:40:36","date_gmt":"2016-02-19T18:40:36","guid":{"rendered":"http:\/\/klubmamgdynia.pl\/index.php\/produkt\/papo-mors\/"},"modified":"2026-04-05T04:50:41","modified_gmt":"2026-04-05T02:50:41","slug":"papo-mors","status":"publish","type":"product","link":"http:\/\/klubmamgdynia.pl\/index.php\/produkt\/papo-mors\/","title":{"rendered":"Papo Mors"},"content":{"rendered":"<p>Wszystkie figurki Papo zosta\u0142y zaprojektowane i opracowane we Francji, w celu \u0142\u0105czenia nauki i zabawy dla dzieci. Figurki Papo s\u0105 \u017ar\u00f3d\u0142em rozrywki, pobudzaj\u0105 dzieci\u0119c\u0105 wyobra\u017ani\u0119, co jest wa\u017cne dla ich rozwoju.R\u00f3\u017cnorodno\u015b\u0107 postaci i wzajemne oddzia\u0142ywanie r\u00f3\u017cnych wszech\u015bwiat\u00f3w stymuluj\u0105 kreatywno\u015b\u0107 i wyobra\u017ani\u0119. Dlatego tak cz\u0119sto wykorzystywane s\u0105 w metodzie Montessori.Figurki s\u0105 r\u0119cznie malowane, z najwi\u0119ksz\u0105 dba\u0142o\u015bci\u0105 o szczeg\u00f3\u0142y.Dzi\u0119ki wysokiej jako\u015bci wykonania i realistycznemu odwzorowaniu figurki Papo s\u0105 bardzo popularne w\u015br\u00f3d wielu kolekcjoner\u00f3w i specjalist\u00f3w.Jednym z ci\u0105g\u0142ych i g\u0142\u00f3wnych priorytet\u00f3w od lat, jest jako\u015b\u0107 (jako\u015b\u0107 form i materia\u0142\u00f3w, z kt\u00f3rych s\u0105 wykonane).<\/p>\n<h2>Papo Mors Papo<\/h2>\n<p>ninjago kolorowanki, bajki dla dzieci na dobranoc do czytania, zagadki na inteligencje, szablony papierowe lalki do ubierania do wydruku, m\u0105dre bajki dla dzieci do czytania, tekst kolysanek, co kupi\u0107 nastolatce na \u015bwi\u0119ta, test narnia lew czarownica i stara szafa, andrzejki dekoracje do druku, co na prezent dla nastolatk\u00f3w, warszawa atrakcje dla m\u0142odzie\u017cy, gaja imi\u0119, maska spiderman, do druku dla dzieci, warszawa dzieci<\/p>\n<p>yyyyy<\/p>\n<p>&nbsp;<\/p>\n","protected":false},"excerpt":{"rendered":"<p>Wszystkie figurki Papo zosta\u0142y zaprojektowane i opracowane we Francji, w celu \u0142\u0105czenia nauki i zabawy dla dzieci. Figurki Papo s\u0105 \u017ar\u00f3d\u0142em rozrywki, pobudzaj\u0105 dzieci\u0119c\u0105 wyobra\u017ani\u0119, co jest wa\u017cne dla ich rozwoju.R\u00f3\u017cnorodno\u015b\u0107 postaci i wzajemne oddzia\u0142ywanie r\u00f3\u017cnych wszech\u015bwiat\u00f3w stymuluj\u0105 kreatywno\u015b\u0107 i wyobra\u017ani\u0119. Dlatego tak cz\u0119sto wykorzystywane s\u0105 w metodzie Montessori.Figurki s\u0105 r\u0119cznie malowane, z najwi\u0119ksz\u0105 dba\u0142o\u015bci\u0105 [&hellip;]<\/p>\n","protected":false},"featured_media":8838,"comment_status":"closed","ping_status":"open","template":"","meta":[],"product_cat":[95,880],"product_tag":[658,867,679,615],"class_list":["post-8837","product","type-product","status-publish","has-post-thumbnail","hentry","product_cat-figurki-makiety-i-zestawy","product_cat-papo","product_tag-alan-znaczenie-imienia","product_tag-kolorowanki-dla-dziewczynek","product_tag-zabawki-na-roczek-dla-dziewczynki","product_tag-znane-misie-z-filmow-animowanych"],"_links":{"self":[{"href":"http:\/\/klubmamgdynia.pl\/index.php\/wp-json\/wp\/v2\/product\/8837","targetHints":{"allow":["GET"]}}],"collection":[{"href":"http:\/\/klubmamgdynia.pl\/index.php\/wp-json\/wp\/v2\/product"}],"about":[{"href":"http:\/\/klubmamgdynia.pl\/index.php\/wp-json\/wp\/v2\/types\/product"}],"replies":[{"embeddable":true,"href":"http:\/\/klubmamgdynia.pl\/index.php\/wp-json\/wp\/v2\/comments?post=8837"}],"wp:featuredmedia":[{"embeddable":true,"href":"http:\/\/klubmamgdynia.pl\/index.php\/wp-json\/wp\/v2\/media\/8838"}],"wp:attachment":[{"href":"http:\/\/klubmamgdynia.pl\/index.php\/wp-json\/wp\/v2\/media?parent=8837"}],"wp:term":[{"taxonomy":"product_cat","embeddable":true,"href":"http:\/\/klubmamgdynia.pl\/index.php\/wp-json\/wp\/v2\/product_cat?post=8837"},{"taxonomy":"product_tag","embeddable":true,"href":"http:\/\/klubmamgdynia.pl\/index.php\/wp-json\/wp\/v2\/product_tag?post=8837"}],"curies":[{"name":"wp","href":"https:\/\/api.w.org\/{rel}","templated":true}]}}