{"id":8839,"date":"2024-11-18T23:43:00","date_gmt":"2024-11-18T22:43:00","guid":{"rendered":"http:\/\/klubmamgdynia.pl\/?post_type=product&#038;p=8839"},"modified":"2026-05-01T01:11:35","modified_gmt":"2026-04-30T23:11:35","slug":"hot-wheels-samochodzik-premium-fastfurious-70-chevy-nova-grk50","status":"publish","type":"product","link":"http:\/\/klubmamgdynia.pl\/index.php\/produkt\/hot-wheels-samochodzik-premium-fastfurious-70-chevy-nova-grk50\/","title":{"rendered":"Hot Wheels Samochodzik Premium Fast&amp;Furious 70 Chevy Nova Grk50"},"content":{"rendered":"<p>Hot Wheels PremiumSamochodziki Hot Wheels z serii Fast &amp; Furious70 Chevy Nova SSFast &amp; Furious\u2122 to pe\u0142na akcji globalna seria filmowa oparta na szybko\u015bci, przyspieszonych wyczynach kaskaderskich i superdo\u0142adowanych samochodach.Kolekcja Fast &amp; Furious\u2122 w skali 1:64 oferuje ekscytuj\u0105ce kolory i przyci\u0105gaj\u0105ce wzrok projekty.Szczeg\u00f3\u0142y i grafika s\u0105 stylowe i wierne serii Fast &amp; Furious\u2122Idealny dla kolekcjoner\u00f3w, entuzjast\u00f3w samochod\u00f3w i fan\u00f3w Fast &amp; Furious\u2122!Podkr\u0119\u0107 emocje kolekcj\u0105 pojazd\u00f3w Hot Wheels\u00ae inspirowanych seri\u0105 Fast &amp; Furious\u2122.Ka\u017cdy do\u0142adowany pojazd w skali 1:64 jest gotowy do akcji zaraz po wyj\u0119ciu z opakowania! Rozbud\u017a ich potrzeb\u0119 szybko\u015bci i rywalizacji dzi\u0119ki tej kultowej kolekcji!Stylowe dekory tych wielkoekranowych replik s\u0105 idealne do zabawy lub wy\u015bwietlania.Fani wy\u015bcig\u00f3w ulicznych, muscle car\u00f3w, ci\u0119\u017car\u00f3wek, czo\u0142g\u00f3w i zwolennicy fenomenu Fast &amp; Furious\u2122 b\u0119d\u0105 chcieli zebra\u0107 je wszystkie!Hot Wheels\u00ae Fast &amp; Furious\u2122 Kolekcja pojazd\u00f3w w skali 1:64 z Fast Films Zawiera 1 samoch\u00f3d Hot Wheels\u00ae w skali 1:64.<\/p>\n<h2>Hot Wheels Samochodzik Premium Fast&amp;Furious 70 Chevy Nova Grk50 Hot Wheels<\/h2>\n<p>quiz kajko i kokosz szko\u0142a latania, ma\u0142y ksi\u0105\u017c\u0119 &#8211; test z odpowiedziami, kolorowanka \u015bwinka peppa, quiz opowie\u015bci z narnii lew czarownica i stara szafa, prezent dla 16 latki, choinka kolorowanka szablon, jak zrobi\u0107 wulkan, test czerwone krzes\u0142o, zabawy dla 6 latk\u00f3w, laurka dla mamy rysunek, prezent dla rocznego ch\u0142opca, maska karnawa\u0142owa pdf, warszawa dla dzieci, bajki do czytania dla niemowl\u0105t, kolorowanka my little pony, atrakcje dla dzieci wroc\u0142aw i okolice<\/p>\n<p>yyyyy<\/p>\n<p>&nbsp;<\/p>\n","protected":false},"excerpt":{"rendered":"<p>Hot Wheels PremiumSamochodziki Hot Wheels z serii Fast &amp; Furious70 Chevy Nova SSFast &amp; Furious\u2122 to pe\u0142na akcji globalna seria filmowa oparta na szybko\u015bci, przyspieszonych wyczynach kaskaderskich i superdo\u0142adowanych samochodach.Kolekcja Fast &amp; Furious\u2122 w skali 1:64 oferuje ekscytuj\u0105ce kolory i przyci\u0105gaj\u0105ce wzrok projekty.Szczeg\u00f3\u0142y i grafika s\u0105 stylowe i wierne serii Fast &amp; Furious\u2122Idealny dla kolekcjoner\u00f3w, [&hellip;]<\/p>\n","protected":false},"featured_media":8840,"comment_status":"closed","ping_status":"open","template":"","meta":[],"product_cat":[83,150],"product_tag":[610,848,749,840,741],"class_list":["post-8839","product","type-product","status-publish","has-post-thumbnail","hentry","product_cat-auta-i-inne-pojazdy-do-zabawy","product_cat-hot-wheels","product_tag-co-na-prezent-dla-nastolatkow","product_tag-cytat-o-rodzinie","product_tag-najlepsze-zarty-na-prima-aprilis","product_tag-stare-bajki","product_tag-wlochy"],"_links":{"self":[{"href":"http:\/\/klubmamgdynia.pl\/index.php\/wp-json\/wp\/v2\/product\/8839","targetHints":{"allow":["GET"]}}],"collection":[{"href":"http:\/\/klubmamgdynia.pl\/index.php\/wp-json\/wp\/v2\/product"}],"about":[{"href":"http:\/\/klubmamgdynia.pl\/index.php\/wp-json\/wp\/v2\/types\/product"}],"replies":[{"embeddable":true,"href":"http:\/\/klubmamgdynia.pl\/index.php\/wp-json\/wp\/v2\/comments?post=8839"}],"wp:featuredmedia":[{"embeddable":true,"href":"http:\/\/klubmamgdynia.pl\/index.php\/wp-json\/wp\/v2\/media\/8840"}],"wp:attachment":[{"href":"http:\/\/klubmamgdynia.pl\/index.php\/wp-json\/wp\/v2\/media?parent=8839"}],"wp:term":[{"taxonomy":"product_cat","embeddable":true,"href":"http:\/\/klubmamgdynia.pl\/index.php\/wp-json\/wp\/v2\/product_cat?post=8839"},{"taxonomy":"product_tag","embeddable":true,"href":"http:\/\/klubmamgdynia.pl\/index.php\/wp-json\/wp\/v2\/product_tag?post=8839"}],"curies":[{"name":"wp","href":"https:\/\/api.w.org\/{rel}","templated":true}]}}