{"id":8841,"date":"2022-01-11T13:26:14","date_gmt":"2022-01-11T12:26:14","guid":{"rendered":"http:\/\/klubmamgdynia.pl\/index.php\/produkt\/remington-ac7200w\/"},"modified":"2026-04-06T02:45:05","modified_gmt":"2026-04-06T00:45:05","slug":"remington-ac7200w","status":"publish","type":"product","link":"http:\/\/klubmamgdynia.pl\/index.php\/produkt\/remington-ac7200w\/","title":{"rendered":"REMINGTON AC7200W"},"content":{"rendered":"<p>Z ustawieniem Supercare wysuszysz w\u0142osy szybko, jednocze\u015bnie dbaj\u0105c o optymaln\u0105 temperatur\u0119 stylizacji. Wytrzyma\u0142y silnik o mocy 2200 W sprawia, \u017ce podmuch powietrza p\u0119dzi z pr\u0119dko\u015bci\u0105 a\u017c 130 km\/h, susz\u0105c Twoje w\u0142osy dos\u0142ownie w kilka chwil.<\/p>\n<h2>REMINGTON AC7200W Remington<\/h2>\n<p>ka\u0142u\u017cy\u015bci, zagadki dla dzieci z odpowiedziami, posz\u0142a ola na spacerek, list do gwiazdora, stare piosenki, ma\u0142y ksi\u0105\u017ce cytaty o przyja\u017ani, olaf znaczenie imienia, kajko i kokosz szko\u0142a latania test z odpowiedziami, cicha noc po angielsku tekst, test z tajemniczego ogrodu, kalina imi\u0119, kanapki dla dzieci, malowanki dla dzieci, zadania logiczne dla dzieci, mateusz imi\u0119, testy na znaki drogowe, zagadki dla dzieci 10 12 lat z odpowiedziami, szopka do druku, prima aprilis w szkole, pewna \u017caba by\u0142a s\u0142aba, bajki do czytania dla niemowl\u0105t<\/p>\n<p>yyyyy<\/p>\n<p>&nbsp;<\/p>\n","protected":false},"excerpt":{"rendered":"<p>Z ustawieniem Supercare wysuszysz w\u0142osy szybko, jednocze\u015bnie dbaj\u0105c o optymaln\u0105 temperatur\u0119 stylizacji. Wytrzyma\u0142y silnik o mocy 2200 W sprawia, \u017ce podmuch powietrza p\u0119dzi z pr\u0119dko\u015bci\u0105 a\u017c 130 km\/h, susz\u0105c Twoje w\u0142osy dos\u0142ownie w kilka chwil. REMINGTON AC7200W Remington ka\u0142u\u017cy\u015bci, zagadki dla dzieci z odpowiedziami, posz\u0142a ola na spacerek, list do gwiazdora, stare piosenki, ma\u0142y ksi\u0105\u017ce [&hellip;]<\/p>\n","protected":false},"featured_media":8842,"comment_status":"closed","ping_status":"open","template":"","meta":[],"product_cat":[1745,262],"product_tag":[837,649,714],"class_list":["post-8841","product","type-product","status-publish","has-post-thumbnail","hentry","product_cat-remington","product_cat-suszarki-do-wlosow","product_tag-cicha-noc-po-angielsku","product_tag-zagadki-dla-nastolatkow","product_tag-zagadki-logiczne"],"_links":{"self":[{"href":"http:\/\/klubmamgdynia.pl\/index.php\/wp-json\/wp\/v2\/product\/8841","targetHints":{"allow":["GET"]}}],"collection":[{"href":"http:\/\/klubmamgdynia.pl\/index.php\/wp-json\/wp\/v2\/product"}],"about":[{"href":"http:\/\/klubmamgdynia.pl\/index.php\/wp-json\/wp\/v2\/types\/product"}],"replies":[{"embeddable":true,"href":"http:\/\/klubmamgdynia.pl\/index.php\/wp-json\/wp\/v2\/comments?post=8841"}],"wp:featuredmedia":[{"embeddable":true,"href":"http:\/\/klubmamgdynia.pl\/index.php\/wp-json\/wp\/v2\/media\/8842"}],"wp:attachment":[{"href":"http:\/\/klubmamgdynia.pl\/index.php\/wp-json\/wp\/v2\/media?parent=8841"}],"wp:term":[{"taxonomy":"product_cat","embeddable":true,"href":"http:\/\/klubmamgdynia.pl\/index.php\/wp-json\/wp\/v2\/product_cat?post=8841"},{"taxonomy":"product_tag","embeddable":true,"href":"http:\/\/klubmamgdynia.pl\/index.php\/wp-json\/wp\/v2\/product_tag?post=8841"}],"curies":[{"name":"wp","href":"https:\/\/api.w.org\/{rel}","templated":true}]}}