{"id":8843,"date":"2024-07-01T21:22:27","date_gmt":"2024-07-01T19:22:27","guid":{"rendered":"http:\/\/klubmamgdynia.pl\/?post_type=product&#038;p=8843"},"modified":"2026-05-17T22:23:31","modified_gmt":"2026-05-17T20:23:31","slug":"grundig-hd-2509-r","status":"publish","type":"product","link":"http:\/\/klubmamgdynia.pl\/index.php\/produkt\/grundig-hd-2509-r\/","title":{"rendered":"Grundig HD 2509 R"},"content":{"rendered":"<p>Suszarka podr\u00f3\u017cna do w\u0142os\u00f3w HD 2509Moc: 1500 WWykorzystanie na ca\u0142ym \u015bwiecieSk\u0142adany, mi\u0119kki w dotyku uchwyt2 poziomy temperatury\/przep\u0142ywu powietrzaSuszarki Grundig to idealny sprz\u0119t do ka\u017cdej formy stylizacji. Szeroka gama r\u00f3\u017cnych urz\u0105dze\u0144 i konstrukcji ma zawsze jedn\u0105 wsp\u00f3ln\u0105 cech\u0119: doskona\u0142e rezultaty.Uwaga! Opis tego produktu zosta\u0142 przet\u0142umaczony automatycznie. Je\u015bli mo\u017cemy poprawi\u0107 go dzi\u0119ki Tobie, prosimy o kontakt.Wyposa\u017cenie: Dysza o w\u0105skim st\u0119\u017ceniuSk\u0142adany uchwyt &#8211; mi\u0119kki w dotykuOszcz\u0119dzaj\u0105cy miejsce, a zatem idealny do baga\u017cu podr\u00f3\u017cnego lub sportowegoZastosowanie na ca\u0142ym \u015bwiecie dzi\u0119ki prze\u0142\u0105czanemu napi\u0119ciu sieciowemu mi\u0119dzy 115-120 V \/ a 230 &#8211; 240 V.Niezwykle lekkieP\u0119telka do zawieszaniaDane techniczne: D\u0142ugo\u015b\u0107 kabla: 1.80 m \u00b7 D\u0142ugo\u015b\u0107 produktu: 80 mm \u00b7 Kolor producenta: srebrny, pomara\u0144czowy \u00b7 Moc: 1500 W \u00b7 Napi\u0119cie robocze: 115-120V230 &#8211; 240 V \u00b7 Stopnie dmuchawy: 2 \u00b7 Stopnie ogrzewania: 2 \u00b7 Szeroko\u015b\u0107 produktu: 175 mm \u00b7 Waga: 350 g \u00b7 Wysoko\u015b\u0107 produktu: 230 mmDostawa obejmuje: Suszarka do w\u0142os\u00f3w, Instrukcja.<\/p>\n<h2>Grundig HD 2509 R Grundig<\/h2>\n<p>sentencje o przyja\u017ani, czasdzieci krak\u00f3w, cytaty o przyjazni, kolorowanki na dzie\u0144 mamy, zaproszenie na urodziny dziecka do druku, czytanki na dobranoc, kolorowanka spongebob, imi\u0119 leon, kolorowanka sky, test z lektury spos\u00f3b na alcybiadesa, jak narysowa\u0107 pikachu, kolorowanki do druku konie, opis do zdj\u0119cia z dzieckiem<\/p>\n<p>yyyyy<\/p>\n<p>&nbsp;<\/p>\n","protected":false},"excerpt":{"rendered":"<p>Suszarka podr\u00f3\u017cna do w\u0142os\u00f3w HD 2509Moc: 1500 WWykorzystanie na ca\u0142ym \u015bwiecieSk\u0142adany, mi\u0119kki w dotyku uchwyt2 poziomy temperatury\/przep\u0142ywu powietrzaSuszarki Grundig to idealny sprz\u0119t do ka\u017cdej formy stylizacji. Szeroka gama r\u00f3\u017cnych urz\u0105dze\u0144 i konstrukcji ma zawsze jedn\u0105 wsp\u00f3ln\u0105 cech\u0119: doskona\u0142e rezultaty.Uwaga! Opis tego produktu zosta\u0142 przet\u0142umaczony automatycznie. Je\u015bli mo\u017cemy poprawi\u0107 go dzi\u0119ki Tobie, prosimy o kontakt.Wyposa\u017cenie: Dysza [&hellip;]<\/p>\n","protected":false},"featured_media":8844,"comment_status":"closed","ping_status":"open","template":"","meta":[],"product_cat":[1746,262],"product_tag":[819,583,701,820],"class_list":["post-8843","product","type-product","status-publish","has-post-thumbnail","hentry","product_cat-grundig","product_cat-suszarki-do-wlosow","product_tag-co-kupic-nastolatce-na-swieta","product_tag-kolysanki-dla-dzieci-tekst","product_tag-zgadywanki-dla-dzieci","product_tag-ziemia-wyspa-zielona-tekst"],"_links":{"self":[{"href":"http:\/\/klubmamgdynia.pl\/index.php\/wp-json\/wp\/v2\/product\/8843","targetHints":{"allow":["GET"]}}],"collection":[{"href":"http:\/\/klubmamgdynia.pl\/index.php\/wp-json\/wp\/v2\/product"}],"about":[{"href":"http:\/\/klubmamgdynia.pl\/index.php\/wp-json\/wp\/v2\/types\/product"}],"replies":[{"embeddable":true,"href":"http:\/\/klubmamgdynia.pl\/index.php\/wp-json\/wp\/v2\/comments?post=8843"}],"wp:featuredmedia":[{"embeddable":true,"href":"http:\/\/klubmamgdynia.pl\/index.php\/wp-json\/wp\/v2\/media\/8844"}],"wp:attachment":[{"href":"http:\/\/klubmamgdynia.pl\/index.php\/wp-json\/wp\/v2\/media?parent=8843"}],"wp:term":[{"taxonomy":"product_cat","embeddable":true,"href":"http:\/\/klubmamgdynia.pl\/index.php\/wp-json\/wp\/v2\/product_cat?post=8843"},{"taxonomy":"product_tag","embeddable":true,"href":"http:\/\/klubmamgdynia.pl\/index.php\/wp-json\/wp\/v2\/product_tag?post=8843"}],"curies":[{"name":"wp","href":"https:\/\/api.w.org\/{rel}","templated":true}]}}