{"id":8845,"date":"2015-02-02T00:04:06","date_gmt":"2015-02-01T23:04:06","guid":{"rendered":"http:\/\/klubmamgdynia.pl\/index.php\/produkt\/britax-pokrowiec-advansafix-iv-dark-grey\/"},"modified":"2026-04-06T21:27:54","modified_gmt":"2026-04-06T19:27:54","slug":"britax-pokrowiec-advansafix-iv-dark-grey","status":"publish","type":"product","link":"http:\/\/klubmamgdynia.pl\/index.php\/produkt\/britax-pokrowiec-advansafix-iv-dark-grey\/","title":{"rendered":"Britax Pokrowiec Advansafix IV Dark Grey"},"content":{"rendered":"<p>Pokrowiec komfortowy nie tylko nadaje Twojemu fotelikowi ponadczasowy wygl\u0105d, ale r\u00f3wnie\u017c oferuje Twojemu potomstwu wiele komfortu. Pokrowiec mo\u017cna pra\u0107 w pralce w temperaturze 40\/60\u00b0C i mo\u017cna go r\u00f3wnie\u017c \u0142atwo naci\u0105gn\u0105\u0107 na zwyk\u0142y pokrowiec na siedzenie. Zapewnia to najlepsz\u0105 mo\u017cliw\u0105 ochron\u0119, je\u015bli co\u015b zostanie rozlane po drodze. Mi\u0119kki d\u017cersej ma wysok\u0105 zawarto\u015b\u0107 bawe\u0142ny i jest certyfikowany zgodnie z Oeko-Tex Standard 100 &#8211; idealny dla delikatnej sk\u00f3ry dziecka. Odpowiedni dla Britax R\u00f6mer Fotelik dzieci\u0119cy Advansafix IV. Dane techniczne: Materia\u0142: 65% bawe\u0142na i 35% poliester Instrukcje dotycz\u0105ce piel\u0119gnacji: Mo\u017cna pra\u0107 w temperaturze 40\/60\u00b0C (mo\u017cna pra\u0107 w pralce) Zawarte w dostawie: Komfortowy pokrowiec Fotelik dzieci\u0119cy jest dost\u0119pny oddzielnie.<\/p>\n<h2>Britax Pokrowiec Advansafix IV Dark Grey Britax &amp; Romer<\/h2>\n<p>anio\u0142ki do druku, kolorowanki dla ch\u0142opc\u00f3w, kolorowanki minionki, quizy \u015bwi\u0105teczne bo\u017ce narodzenie, przys\u0142owia o rodzinie, dzie\u0144 nauczyciela teksty, halloween dla dzieci warszawa 2021, ka\u0142u\u017cy\u015bci, gad\u017cety dla nastolatka, gry edukacyjne dla dzieci online za darmo, maski karnawa\u0142owe dla dzieci szablony, kawal na prima aprilis, zabawy dla 5-6 latk\u00f3w<\/p>\n<p>yyyyy<\/p>\n<p>&nbsp;<\/p>\n","protected":false},"excerpt":{"rendered":"<p>Pokrowiec komfortowy nie tylko nadaje Twojemu fotelikowi ponadczasowy wygl\u0105d, ale r\u00f3wnie\u017c oferuje Twojemu potomstwu wiele komfortu. Pokrowiec mo\u017cna pra\u0107 w pralce w temperaturze 40\/60\u00b0C i mo\u017cna go r\u00f3wnie\u017c \u0142atwo naci\u0105gn\u0105\u0107 na zwyk\u0142y pokrowiec na siedzenie. Zapewnia to najlepsz\u0105 mo\u017cliw\u0105 ochron\u0119, je\u015bli co\u015b zostanie rozlane po drodze. Mi\u0119kki d\u017cersej ma wysok\u0105 zawarto\u015b\u0107 bawe\u0142ny i jest certyfikowany [&hellip;]<\/p>\n","protected":false},"featured_media":8846,"comment_status":"closed","ping_status":"open","template":"","meta":[],"product_cat":[1125,116],"product_tag":[702,680,697,645],"class_list":["post-8845","product","type-product","status-publish","has-post-thumbnail","hentry","product_cat-akcesoria-samochodowe-dla-dzieci","product_cat-britax-romer","product_tag-co-kupic-na-roczek-dla-dziewczynki","product_tag-cytaty-z-malego-ksiecia","product_tag-krotkie-bajki-do-czytania","product_tag-latwe-zagadki"],"_links":{"self":[{"href":"http:\/\/klubmamgdynia.pl\/index.php\/wp-json\/wp\/v2\/product\/8845","targetHints":{"allow":["GET"]}}],"collection":[{"href":"http:\/\/klubmamgdynia.pl\/index.php\/wp-json\/wp\/v2\/product"}],"about":[{"href":"http:\/\/klubmamgdynia.pl\/index.php\/wp-json\/wp\/v2\/types\/product"}],"replies":[{"embeddable":true,"href":"http:\/\/klubmamgdynia.pl\/index.php\/wp-json\/wp\/v2\/comments?post=8845"}],"wp:featuredmedia":[{"embeddable":true,"href":"http:\/\/klubmamgdynia.pl\/index.php\/wp-json\/wp\/v2\/media\/8846"}],"wp:attachment":[{"href":"http:\/\/klubmamgdynia.pl\/index.php\/wp-json\/wp\/v2\/media?parent=8845"}],"wp:term":[{"taxonomy":"product_cat","embeddable":true,"href":"http:\/\/klubmamgdynia.pl\/index.php\/wp-json\/wp\/v2\/product_cat?post=8845"},{"taxonomy":"product_tag","embeddable":true,"href":"http:\/\/klubmamgdynia.pl\/index.php\/wp-json\/wp\/v2\/product_tag?post=8845"}],"curies":[{"name":"wp","href":"https:\/\/api.w.org\/{rel}","templated":true}]}}