{"id":8849,"date":"2017-09-04T04:43:58","date_gmt":"2017-09-04T02:43:58","guid":{"rendered":"http:\/\/klubmamgdynia.pl\/index.php\/produkt\/dyson-supersonic-hd01fu\/"},"modified":"2026-04-05T21:52:32","modified_gmt":"2026-04-05T19:52:32","slug":"dyson-supersonic-hd01fu","status":"publish","type":"product","link":"http:\/\/klubmamgdynia.pl\/index.php\/produkt\/dyson-supersonic-hd01fu\/","title":{"rendered":"DYSON SUPERSONIC HD01FU"},"content":{"rendered":"<p>Szybkie suszenie Precyzyjny i silny strumie\u0144 powietrza dzi\u0119ki wydajnemu, sterowanemu cyfrowo silnikowi Dyson V9 i technologii Air Multiplier\u2122. Czujnik temperatury chroni przed ekstremalnymi uszkodzeniami termicznymi i pozwala zachowa\u0107 po\u0142ysk w\u0142osa Inteligentny system regulacji temperatury mierzy temperatur\u0119 powietrza 20 razy na sekund\u0119. Zaprojektowana z my\u015bl\u0105 o r\u00f3wnowadze Pierwsza suszarka do w\u0142os\u00f3w, w kt\u00f3rej silnik nie znajduje si\u0119 w g\u0142owicy, lecz w r\u0105czce. Zoptymalizowana akustyka Sterowany cyfrowo silnik Dyson V9 o du\u017cej mocy zosta\u0142 zoptymalizowany pod k\u0105tem uzyskania nies\u0142yszalnej cz\u0119stotliwo\u015bci. Jest on r\u00f3wnie\u017c otoczony systemem redukcji drga\u0144. Nasadki magnetyczne Pierwsza suszarka do w\u0142os\u00f3w z magnetycznymi nasadkami, kt\u00f3re mo\u017cna \u0142atwo wymienia\u0107 i obraca\u0107. Technologia CoolTouch Dzi\u0119ki technologii Heat Shield powierzchnie nasadek pozostaj\u0105 ch\u0142odne &#8212; nawet podczas stylizacji z bliskiej odleg\u0142o\u015bci. 2 lata gwarancji Z bezp\u0142atn\u0105 us\u0142ug\u0105 odbioru i dostawy firmy Dyson. Zestaw szczotek z okr\u0105g\u0142\u0105 szczotk\u0105 i grzebieniem rozpl\u0105tuj\u0105cym w\u0142osy Ekskluzywny fuksjowy kolor na Dzie\u0144 Matki<\/p>\n<h2>DYSON SUPERSONIC HD01FU Dyson<\/h2>\n<p>co kupic 7 latkowi pod choinke, zagadki dla dzieci 7-8 lat, zagadki wielkanocne przedszkole, impreza halloween 2021 dla dzieci, tezeusz, imi\u0119 nadia, kolorowanki do druku dla dziewczynek, krok jak narysowa\u0107 konia, dzien matki cytaty, pola imi\u0119, gry ruchowe dla dzieci, zagadki dla ma\u0142ych dzieci, traktor do druku, mira imi\u0119<\/p>\n<p>yyyyy<\/p>\n<p>&nbsp;<\/p>\n","protected":false},"excerpt":{"rendered":"<p>Szybkie suszenie Precyzyjny i silny strumie\u0144 powietrza dzi\u0119ki wydajnemu, sterowanemu cyfrowo silnikowi Dyson V9 i technologii Air Multiplier\u2122. Czujnik temperatury chroni przed ekstremalnymi uszkodzeniami termicznymi i pozwala zachowa\u0107 po\u0142ysk w\u0142osa Inteligentny system regulacji temperatury mierzy temperatur\u0119 powietrza 20 razy na sekund\u0119. Zaprojektowana z my\u015bl\u0105 o r\u00f3wnowadze Pierwsza suszarka do w\u0142os\u00f3w, w kt\u00f3rej silnik nie znajduje [&hellip;]<\/p>\n","protected":false},"featured_media":8850,"comment_status":"closed","ping_status":"open","template":"","meta":[],"product_cat":[1747,262],"product_tag":[792,730,649],"class_list":["post-8849","product","type-product","status-publish","has-post-thumbnail","hentry","product_cat-dyson","product_cat-suszarki-do-wlosow","product_tag-cytaty-o-mamie","product_tag-karyna","product_tag-zagadki-dla-nastolatkow"],"_links":{"self":[{"href":"http:\/\/klubmamgdynia.pl\/index.php\/wp-json\/wp\/v2\/product\/8849","targetHints":{"allow":["GET"]}}],"collection":[{"href":"http:\/\/klubmamgdynia.pl\/index.php\/wp-json\/wp\/v2\/product"}],"about":[{"href":"http:\/\/klubmamgdynia.pl\/index.php\/wp-json\/wp\/v2\/types\/product"}],"replies":[{"embeddable":true,"href":"http:\/\/klubmamgdynia.pl\/index.php\/wp-json\/wp\/v2\/comments?post=8849"}],"wp:featuredmedia":[{"embeddable":true,"href":"http:\/\/klubmamgdynia.pl\/index.php\/wp-json\/wp\/v2\/media\/8850"}],"wp:attachment":[{"href":"http:\/\/klubmamgdynia.pl\/index.php\/wp-json\/wp\/v2\/media?parent=8849"}],"wp:term":[{"taxonomy":"product_cat","embeddable":true,"href":"http:\/\/klubmamgdynia.pl\/index.php\/wp-json\/wp\/v2\/product_cat?post=8849"},{"taxonomy":"product_tag","embeddable":true,"href":"http:\/\/klubmamgdynia.pl\/index.php\/wp-json\/wp\/v2\/product_tag?post=8849"}],"curies":[{"name":"wp","href":"https:\/\/api.w.org\/{rel}","templated":true}]}}