{"id":8851,"date":"2013-07-21T23:23:32","date_gmt":"2013-07-21T21:23:32","guid":{"rendered":"http:\/\/klubmamgdynia.pl\/index.php\/produkt\/neno-butelka-do-karmienia-neno-bottle-150ml\/"},"modified":"2026-04-06T03:11:18","modified_gmt":"2026-04-06T01:11:18","slug":"neno-butelka-do-karmienia-neno-bottle-150ml","status":"publish","type":"product","link":"http:\/\/klubmamgdynia.pl\/index.php\/produkt\/neno-butelka-do-karmienia-neno-bottle-150ml\/","title":{"rendered":"Neno Butelka Do Karmienia Neno Bottle 150Ml"},"content":{"rendered":"<p>Butelka do karmienia Neno Bottle 150 Bezpieczna butelka do karmienia niemowl\u0105t Neno Bottle 150 mo\u017ce by\u0107 wykorzystana do karmienia dzieci ju\u017c od ich pierwszych dni. Smoczek i butelka s\u0105 bezpieczne dla noworodk\u00f3w. PASUJE DO KA\u017bDEGO LAKTATORA NENO Wszystkie laktatory marki Neno zaprojektowano tak, by korzysta\u0142y z butelek tego samego rozmiaru \u2013 czyli Neno Bottle 150. Przysz\u0142e urz\u0105dzenia tej marki r\u00f3wnie\u017c projektujemy z my\u015bl\u0105 o u\u017cyciu z butelkami tego rozmiaru. DLA MA\u0141YCH DZIECI Butelka Neno Bottle 150 mo\u017ce by\u0107 wykorzystana do karmienia dzieci ju\u017c od ich pierwszych dni. Smoczek i butelka s\u0105 bezpieczne dla noworodk\u00f3w. POJEMNA Zgodnie z nazw\u0105, butelka Neno Bottle 150 mie\u015bci do 150 mililitr\u00f3w mleka, dzi\u0119ki czemu pos\u0142u\u017cy Twojemu maluszkowi przez wiele miesi\u0119cy. SMOCZEK Z MI\u0118KKIEGO SILIKONU Delikatny, mi\u0119kki materia\u0142 z kt\u00f3rego wykonano smoczek sprawia, \u017ce ssanie mleka z butelki jest dla dziecka \u0142atwe i przyjemne. ANTYKOLKOWA Smoczki butelek Neno Bottle 150 zaprojektowano z my\u015bl\u0105 o zdrowiu dzieci. Smoczek kszta\u0142tem dostosowany jest do ust pociechy, dzi\u0119ki czemu nie po\u0142yka ona powietrza podczas karmienia. Kolki s\u0105 jednym z najcz\u0119stszych powod\u00f3w dzieci\u0119cego p\u0142aczu. Butelka na mleko dla dzieci Neno Bottle 150 zosta\u0142a zaprojektowana tak, by mo\u017cna by\u0142o jej u\u017cy\u0107 z ka\u017cdym urz\u0105dzeniem marki Neno. Wykonane z bezpiecznego plastiku niezawieraj\u0105cego BPA, butelki te mog\u0105 by\u0107 u\u017cyte do karmienia dzieci ju\u017c od pierwszych miesi\u0119cy \u017cycia. Pojemniki te mieszcz\u0105 do 150 ml mleka, dzi\u0119ki czemu mo\u017cna ich u\u017cywa\u0107 do karmienia niemowl\u0119cia przez naprawd\u0119 d\u0142ugi okres, zwi\u0119kszaj\u0105c porcj\u0119 pokarmu z kolejnymi tygodniami. Smoczek butelki dla dzieci Neno Bottle 150 zosta\u0142 zaprojektowany tak, by nie powodowa\u0107 kolki u ss\u0105cego pokarm dziecka. Kszta\u0142t smoczka dostosowano do ust ma\u0142ych dzieci, dzi\u0119ki czemu nie po\u0142ykaj\u0105 one powietrza w trakcie karmienia. Dodatkowo, smoczki wykonano z mi\u0119kkiego silikonu, dzi\u0119ki czemu ssanie mleka z butelki jest \u0142atwe i przyjemne dla dziecka. Wymiary: 140x70mm Pojemno\u015b\u0107: 150ml Materia\u0142: Tworzywo sztuczne wolne od BPA \/ Wysokiej jako\u015bci Silikon Zaw\u00f3r antykolkowy: Tak Skala na butelce: Tak Waga: 65g<\/p>\n<h2>Neno Butelka Do Karmienia Neno Bottle 150Ml Neno<\/h2>\n<p>pytania zagadki, opowie\u015b\u0107 wigilijna test z odpowiedziami, warszawa dla dzieci, test z lektury felix net i nika oraz gang niewidzialnych ludzi, cytaty o wychowaniu i nauczaniu, prezent dla jedenastolatki, test na znaki drogowe, pola imi\u0119<\/p>\n<p>yyyyy<\/p>\n<p>&nbsp;<\/p>\n","protected":false},"excerpt":{"rendered":"<p>Butelka do karmienia Neno Bottle 150 Bezpieczna butelka do karmienia niemowl\u0105t Neno Bottle 150 mo\u017ce by\u0107 wykorzystana do karmienia dzieci ju\u017c od ich pierwszych dni. Smoczek i butelka s\u0105 bezpieczne dla noworodk\u00f3w. PASUJE DO KA\u017bDEGO LAKTATORA NENO Wszystkie laktatory marki Neno zaprojektowano tak, by korzysta\u0142y z butelek tego samego rozmiaru \u2013 czyli Neno Bottle 150. [&hellip;]<\/p>\n","protected":false},"featured_media":8852,"comment_status":"closed","ping_status":"open","template":"","meta":[],"product_cat":[195,1244],"product_tag":[819,727,855,653],"class_list":["post-8851","product","type-product","status-publish","has-post-thumbnail","hentry","product_cat-butelki","product_cat-neno","product_tag-co-kupic-nastolatce-na-swieta","product_tag-godlo-polski-do-druku","product_tag-nietypowe-imiona-zenskie","product_tag-warszawa-dla-dzieci"],"_links":{"self":[{"href":"http:\/\/klubmamgdynia.pl\/index.php\/wp-json\/wp\/v2\/product\/8851","targetHints":{"allow":["GET"]}}],"collection":[{"href":"http:\/\/klubmamgdynia.pl\/index.php\/wp-json\/wp\/v2\/product"}],"about":[{"href":"http:\/\/klubmamgdynia.pl\/index.php\/wp-json\/wp\/v2\/types\/product"}],"replies":[{"embeddable":true,"href":"http:\/\/klubmamgdynia.pl\/index.php\/wp-json\/wp\/v2\/comments?post=8851"}],"wp:featuredmedia":[{"embeddable":true,"href":"http:\/\/klubmamgdynia.pl\/index.php\/wp-json\/wp\/v2\/media\/8852"}],"wp:attachment":[{"href":"http:\/\/klubmamgdynia.pl\/index.php\/wp-json\/wp\/v2\/media?parent=8851"}],"wp:term":[{"taxonomy":"product_cat","embeddable":true,"href":"http:\/\/klubmamgdynia.pl\/index.php\/wp-json\/wp\/v2\/product_cat?post=8851"},{"taxonomy":"product_tag","embeddable":true,"href":"http:\/\/klubmamgdynia.pl\/index.php\/wp-json\/wp\/v2\/product_tag?post=8851"}],"curies":[{"name":"wp","href":"https:\/\/api.w.org\/{rel}","templated":true}]}}