{"id":8853,"date":"2022-04-14T18:39:21","date_gmt":"2022-04-14T16:39:21","guid":{"rendered":"http:\/\/klubmamgdynia.pl\/index.php\/produkt\/riko-brano-pro-energy-pink-gleboko-spacerowy-fotelik\/"},"modified":"2026-04-29T11:14:54","modified_gmt":"2026-04-29T09:14:54","slug":"riko-brano-pro-energy-pink-gleboko-spacerowy-fotelik","status":"publish","type":"product","link":"http:\/\/klubmamgdynia.pl\/index.php\/produkt\/riko-brano-pro-energy-pink-gleboko-spacerowy-fotelik\/","title":{"rendered":"Riko Brano Pro Energy Pink G\u0142\u0119boko Spacerowy + Fotelik"},"content":{"rendered":"<p>Riko Brano Pro w wersji 3w1 wyposa\u017conej w przestronn\u0105 gondol\u0119, w pe\u0142ni regulowan\u0105 spacer\u00f3wk\u0119 montowan\u0105 ty\u0142em lub przodem do kierunku jazdy oraz fotelik samochodowy. Dzi\u0119ki doskona\u0142ej amortyzacji i bezd\u0119tkowym ko\u0142om sprawnie pokonuje przeszkody i radzi sobie w trudnym terenie z dba\u0142o\u015bci\u0105 o komfort dziecka. W\u00f3zek przeznaczony jest dla dzieci o wadze do 22 kg.Rodzaj k\u00f3\u0142: bezd\u0119tkoweSkr\u0119tne ko\u0142a:Regulowana r\u0105czka:Oparcie w gondoli: regulowaneMonta\u017c siedziska prz\u00f3d\/ty\u0142:Regulowane siedzisko:Producent: Riko (Polska)Gwarancja: 12 miesi\u0119cyPE\u0141NA KOLORYSTYKA FOTELIK\u00d3W DO WYBORU<\/p>\n<h2>Riko Brano Pro Energy Pink G\u0142\u0119boko Spacerowy + Fotelik Riko<\/h2>\n<p>szablon serce kolorowanka, kolorowanka lol, kornelia, zabawy halloweenowe dla dzieci, prezenty dla 7 latki, kartki na dobranoc dla przyjaci\u00f3\u0142, cytat dla mamy, kuba imie, szablon choinki do wydruku, prezent na roczek od babci, kolorowanka potwory, kolorowanka ze zdj\u0119cia, super zings kolorowanka<\/p>\n<p>yyyyy<\/p>\n<p>&nbsp;<\/p>\n","protected":false},"excerpt":{"rendered":"<p>Riko Brano Pro w wersji 3w1 wyposa\u017conej w przestronn\u0105 gondol\u0119, w pe\u0142ni regulowan\u0105 spacer\u00f3wk\u0119 montowan\u0105 ty\u0142em lub przodem do kierunku jazdy oraz fotelik samochodowy. Dzi\u0119ki doskona\u0142ej amortyzacji i bezd\u0119tkowym ko\u0142om sprawnie pokonuje przeszkody i radzi sobie w trudnym terenie z dba\u0142o\u015bci\u0105 o komfort dziecka. W\u00f3zek przeznaczony jest dla dzieci o wadze do 22 kg.Rodzaj k\u00f3\u0142: [&hellip;]<\/p>\n","protected":false},"featured_media":8854,"comment_status":"closed","ping_status":"open","template":"","meta":[],"product_cat":[1748,110],"product_tag":[819,681,657,814],"class_list":["post-8853","product","type-product","status-publish","has-post-thumbnail","hentry","product_cat-riko","product_cat-wozki-wielofunkcyjne","product_tag-co-kupic-nastolatce-na-swieta","product_tag-flagi-europy-quiz","product_tag-lol-kolorowanka","product_tag-prezenty-dla-nastolatek"],"_links":{"self":[{"href":"http:\/\/klubmamgdynia.pl\/index.php\/wp-json\/wp\/v2\/product\/8853","targetHints":{"allow":["GET"]}}],"collection":[{"href":"http:\/\/klubmamgdynia.pl\/index.php\/wp-json\/wp\/v2\/product"}],"about":[{"href":"http:\/\/klubmamgdynia.pl\/index.php\/wp-json\/wp\/v2\/types\/product"}],"replies":[{"embeddable":true,"href":"http:\/\/klubmamgdynia.pl\/index.php\/wp-json\/wp\/v2\/comments?post=8853"}],"wp:featuredmedia":[{"embeddable":true,"href":"http:\/\/klubmamgdynia.pl\/index.php\/wp-json\/wp\/v2\/media\/8854"}],"wp:attachment":[{"href":"http:\/\/klubmamgdynia.pl\/index.php\/wp-json\/wp\/v2\/media?parent=8853"}],"wp:term":[{"taxonomy":"product_cat","embeddable":true,"href":"http:\/\/klubmamgdynia.pl\/index.php\/wp-json\/wp\/v2\/product_cat?post=8853"},{"taxonomy":"product_tag","embeddable":true,"href":"http:\/\/klubmamgdynia.pl\/index.php\/wp-json\/wp\/v2\/product_tag?post=8853"}],"curies":[{"name":"wp","href":"https:\/\/api.w.org\/{rel}","templated":true}]}}