{"id":8855,"date":"2012-08-04T08:59:25","date_gmt":"2012-08-04T06:59:25","guid":{"rendered":"http:\/\/klubmamgdynia.pl\/index.php\/produkt\/remington-smooth-d6940gp\/"},"modified":"2026-05-17T20:59:50","modified_gmt":"2026-05-17T18:59:50","slug":"remington-smooth-d6940gp","status":"publish","type":"product","link":"http:\/\/klubmamgdynia.pl\/index.php\/produkt\/remington-smooth-d6940gp\/","title":{"rendered":"REMINGTON SMOOTH D6940GP"},"content":{"rendered":"<h2>REMINGTON SMOOTH D6940GP Remington<\/h2>\n<p>gabriel, marcel imi\u0119, co kupi\u0107 na roczek dla dziewczynki, kolorowanki do druku dla ch\u0142opc\u00f3w, literki do pisania do druku, quizy dla dzieci 7 lat<\/p>\n<p>yyyyy<\/p>\n<p>&nbsp;<\/p>\n","protected":false},"excerpt":{"rendered":"<p>REMINGTON SMOOTH D6940GP Remington gabriel, marcel imi\u0119, co kupi\u0107 na roczek dla dziewczynki, kolorowanki do druku dla ch\u0142opc\u00f3w, literki do pisania do druku, quizy dla dzieci 7 lat yyyyy &nbsp;<\/p>\n","protected":false},"featured_media":8856,"comment_status":"closed","ping_status":"open","template":"","meta":[],"product_cat":[1745,262],"product_tag":[831,639,637,633],"class_list":["post-8855","product","type-product","status-publish","has-post-thumbnail","hentry","product_cat-remington","product_cat-suszarki-do-wlosow","product_tag-bruno","product_tag-nela-imie","product_tag-niech-zyja-wakacje-tekst","product_tag-zagadki-z-odpowiedziami"],"_links":{"self":[{"href":"http:\/\/klubmamgdynia.pl\/index.php\/wp-json\/wp\/v2\/product\/8855","targetHints":{"allow":["GET"]}}],"collection":[{"href":"http:\/\/klubmamgdynia.pl\/index.php\/wp-json\/wp\/v2\/product"}],"about":[{"href":"http:\/\/klubmamgdynia.pl\/index.php\/wp-json\/wp\/v2\/types\/product"}],"replies":[{"embeddable":true,"href":"http:\/\/klubmamgdynia.pl\/index.php\/wp-json\/wp\/v2\/comments?post=8855"}],"wp:featuredmedia":[{"embeddable":true,"href":"http:\/\/klubmamgdynia.pl\/index.php\/wp-json\/wp\/v2\/media\/8856"}],"wp:attachment":[{"href":"http:\/\/klubmamgdynia.pl\/index.php\/wp-json\/wp\/v2\/media?parent=8855"}],"wp:term":[{"taxonomy":"product_cat","embeddable":true,"href":"http:\/\/klubmamgdynia.pl\/index.php\/wp-json\/wp\/v2\/product_cat?post=8855"},{"taxonomy":"product_tag","embeddable":true,"href":"http:\/\/klubmamgdynia.pl\/index.php\/wp-json\/wp\/v2\/product_tag?post=8855"}],"curies":[{"name":"wp","href":"https:\/\/api.w.org\/{rel}","templated":true}]}}