{"id":8857,"date":"2022-10-03T02:32:19","date_gmt":"2022-10-03T00:32:19","guid":{"rendered":"http:\/\/klubmamgdynia.pl\/index.php\/produkt\/canpol-babies-szczotka-i-grzebien-dla-niemowlat-56-160_blu\/"},"modified":"2026-04-06T01:30:25","modified_gmt":"2026-04-05T23:30:25","slug":"canpol-babies-szczotka-i-grzebien-dla-niemowlat-56-160_blu","status":"publish","type":"product","link":"http:\/\/klubmamgdynia.pl\/index.php\/produkt\/canpol-babies-szczotka-i-grzebien-dla-niemowlat-56-160_blu\/","title":{"rendered":"CANPOL BABIES SZCZOTKA I GRZEBIE\u0143 DLA NIEMOWL\u0104T (56\/160_BLU)"},"content":{"rendered":"<p>Canpol babies szczotka i grzebie\u0144 dla niemowl\u0105t (56\/160_blu)<\/p>\n<p>Szczotka i grzebie\u0144 dla niemowl\u0105t to idealny zestaw do czesania pierwszych w\u0142osk\u00f3w i masa\u017cu g\u0142\u00f3wki dziecka. Zaokr\u0105glone z\u0105bki grzebienia nie podra\u017cniaj\u0105 wra\u017cliwej sk\u00f3ry, a syntetyczne w\u0142osie szczotki gwarantuje bezpieczn\u0105 i przyjemn\u0105 piel\u0119gnacj\u0119 delikatnych w\u0142osk\u00f3w maluszka. Ergonomiczny kszta\u0142t grzebienia i szczotki u\u0142atwia wygodne u\u017cytkowanie, a specjalny schowek na grzebie\u0144 pomo\u017ce w utrzymaniu porz\u0105dku w akcesoriach maluszka. Zestaw dost\u0119pny jest w trzech pastelowych kolorach.<\/p>\n<p>BPA free                            <\/p>\n<p>Proponowany wiek 0m+                            <\/p>\n<p>Idealne do czesania pierwszych w\u0142osk\u00f3w i masa\u017cu g\u0142\u00f3wki dziecka.                            <\/p>\n<p>Grzebie\u0144 posiada zaokr\u0105glone z\u0105bki, kt\u00f3re nie podra\u017cniaj\u0105 wra\u017cliwej sk\u00f3ry dziecka.                            <\/p>\n<p>Kszta\u0142t uchwytu szczotki i grzebyka u\u0142atwia wygodne trzymanie.                            <\/p>\n<p>Syntetyczne w\u0142osie &#8211; bezpieczne dla g\u0142\u00f3wki dziecka.                            <\/p>\n<p>Wygodny schowek na grzebie\u0144.                            <\/p>\n<p>Dodatkowe informacjeSzczotka przeznaczona dla dzieci w wieku 0m+. Zestaw dost\u0119pny jest w kilku wariantach kolorystycznych.                            <\/p>\n<p>Jak u\u017cywa\u0107\u00a0Zestaw utrzymuj w czysto\u015bci, myj w ciep\u0142ej wodzie z delikatnym \u015brodkiem myj\u0105cym. Przed pierwszym u\u017cyciem w\u0142osie nale\u017cy sparzy\u0107 wrz\u0105tkiem i wysuszy\u0107 suszark\u0105 do w\u0142os\u00f3w. Zawsze u\u017cywaj wyrobu pod nadzorem doros\u0142ych. Uwaga! Produkt nie jest zabawk\u0105. Przechowuj go w miejscu niedost\u0119pnym dla dziecka.<\/p>\n<h2>CANPOL BABIES SZCZOTKA I GRZEBIE\u0143 DLA NIEMOWL\u0104T (56\/160_BLU) Canpol babies<\/h2>\n<p>prezent dla 7 latka, aniela imie, dziecko cytaty z\u0142ote my\u015bli, kolorowanki na andrzejki do wydruku, psi patrol kolorowanka do druku, piesek kolorowanka, malowanki \u015bwi\u0105teczne, by\u0142a sobie \u017cabka ma\u0142a tekst, zabawy na dworze dla 10 latk\u00f3w, milan imi\u0119, bajki do czytania online, adela, kolorowanki psi patrol, rzadkie imiona japo\u0144skie<\/p>\n<p>yyyyy<\/p>\n<p>&nbsp;<\/p>\n","protected":false},"excerpt":{"rendered":"<p>Canpol babies szczotka i grzebie\u0144 dla niemowl\u0105t (56\/160_blu) Szczotka i grzebie\u0144 dla niemowl\u0105t to idealny zestaw do czesania pierwszych w\u0142osk\u00f3w i masa\u017cu g\u0142\u00f3wki dziecka. Zaokr\u0105glone z\u0105bki grzebienia nie podra\u017cniaj\u0105 wra\u017cliwej sk\u00f3ry, a syntetyczne w\u0142osie szczotki gwarantuje bezpieczn\u0105 i przyjemn\u0105 piel\u0119gnacj\u0119 delikatnych w\u0142osk\u00f3w maluszka. Ergonomiczny kszta\u0142t grzebienia i szczotki u\u0142atwia wygodne u\u017cytkowanie, a specjalny schowek na [&hellip;]<\/p>\n","protected":false},"featured_media":8858,"comment_status":"closed","ping_status":"open","template":"","meta":[],"product_cat":[68,901],"product_tag":[839,706,638,816,635],"class_list":["post-8857","product","type-product","status-publish","has-post-thumbnail","hentry","product_cat-canpol-babies","product_cat-pozostale-akcesoria-do-pielegnacji-dzieci","product_tag-bajki-na-dobranoc-do-czytania","product_tag-imie-kuba","product_tag-miastodzieci","product_tag-place-zabaw-warszawa","product_tag-znaki-drogowe-do-druku"],"_links":{"self":[{"href":"http:\/\/klubmamgdynia.pl\/index.php\/wp-json\/wp\/v2\/product\/8857","targetHints":{"allow":["GET"]}}],"collection":[{"href":"http:\/\/klubmamgdynia.pl\/index.php\/wp-json\/wp\/v2\/product"}],"about":[{"href":"http:\/\/klubmamgdynia.pl\/index.php\/wp-json\/wp\/v2\/types\/product"}],"replies":[{"embeddable":true,"href":"http:\/\/klubmamgdynia.pl\/index.php\/wp-json\/wp\/v2\/comments?post=8857"}],"wp:featuredmedia":[{"embeddable":true,"href":"http:\/\/klubmamgdynia.pl\/index.php\/wp-json\/wp\/v2\/media\/8858"}],"wp:attachment":[{"href":"http:\/\/klubmamgdynia.pl\/index.php\/wp-json\/wp\/v2\/media?parent=8857"}],"wp:term":[{"taxonomy":"product_cat","embeddable":true,"href":"http:\/\/klubmamgdynia.pl\/index.php\/wp-json\/wp\/v2\/product_cat?post=8857"},{"taxonomy":"product_tag","embeddable":true,"href":"http:\/\/klubmamgdynia.pl\/index.php\/wp-json\/wp\/v2\/product_tag?post=8857"}],"curies":[{"name":"wp","href":"https:\/\/api.w.org\/{rel}","templated":true}]}}