{"id":886,"date":"2013-02-24T02:31:39","date_gmt":"2013-02-24T01:31:39","guid":{"rendered":"http:\/\/klubmamgdynia.pl\/index.php\/produkt\/askato-silikonowy-gryzak\/"},"modified":"2026-04-06T06:18:17","modified_gmt":"2026-04-06T04:18:17","slug":"askato-silikonowy-gryzak","status":"publish","type":"product","link":"http:\/\/klubmamgdynia.pl\/index.php\/produkt\/askato-silikonowy-gryzak\/","title":{"rendered":"Askato Silikonowy Gryzak"},"content":{"rendered":"<p>Silikonowy gryzak &#8211; tablica z k\u00f3\u0142eczkami, k\u00f3\u0142eczka mo\u017cna r\u0105czk\u0105 przepycha\u0107 na drug\u0105 stron\u0119.Wymiary opakowania: 14x3x12 cmWiek: 6m+ NAZWA SILIKONOWY GRYZAK &#8211; ZABAWKA ANTYSTRESOWA PRODUCENT ASKATO WIEK 6M+ EAN 6901440117447 Znajd\u017a podobne wed\u0142ug klucza: ASKATO ZABAWKA (460454)<\/p>\n<h2>Askato Silikonowy Gryzak Askato<\/h2>\n<p>test magiczne drzewo czerwone krzes\u0142o, andrzejki dekoracje do druku, zagadki dla starszych dzieci, znane misie z bajek, mi\u0142osz imie, zygzak mcqueen kolorowanka, prezenty na dzie\u0144 dziecka dla nastolatk\u00f3w, zak\u0142adka do ksi\u0105\u017cki szablon, cytaty dla przyjaciela, postacie z bajek, kolorowanki do druku lol, labirynt dla dzieci, cytaty o dziecku i mamie, cytaty o wychowaniu dzieci, kwiecien plecien, r\u00f3\u017ca imie<\/p>\n<p>yyyyy<\/p>\n<p>&nbsp;<\/p>\n","protected":false},"excerpt":{"rendered":"<p>Silikonowy gryzak &#8211; tablica z k\u00f3\u0142eczkami, k\u00f3\u0142eczka mo\u017cna r\u0105czk\u0105 przepycha\u0107 na drug\u0105 stron\u0119.Wymiary opakowania: 14x3x12 cmWiek: 6m+ NAZWA SILIKONOWY GRYZAK &#8211; ZABAWKA ANTYSTRESOWA PRODUCENT ASKATO WIEK 6M+ EAN 6901440117447 Znajd\u017a podobne wed\u0142ug klucza: ASKATO ZABAWKA (460454) Askato Silikonowy Gryzak Askato test magiczne drzewo czerwone krzes\u0142o, andrzejki dekoracje do druku, zagadki dla starszych dzieci, znane misie [&hellip;]<\/p>\n","protected":false},"featured_media":887,"comment_status":"closed","ping_status":"open","template":"","meta":[],"product_cat":[230,63],"product_tag":[810,661,791,796],"class_list":["post-886","product","type-product","status-publish","has-post-thumbnail","hentry","product_cat-askato","product_cat-grzechotki-i-gryzaki","product_tag-nauka-zegara-do-druku","product_tag-swinka-peppa-kolorowanka","product_tag-zagadki-na-myslenie","product_tag-zagatki"],"_links":{"self":[{"href":"http:\/\/klubmamgdynia.pl\/index.php\/wp-json\/wp\/v2\/product\/886","targetHints":{"allow":["GET"]}}],"collection":[{"href":"http:\/\/klubmamgdynia.pl\/index.php\/wp-json\/wp\/v2\/product"}],"about":[{"href":"http:\/\/klubmamgdynia.pl\/index.php\/wp-json\/wp\/v2\/types\/product"}],"replies":[{"embeddable":true,"href":"http:\/\/klubmamgdynia.pl\/index.php\/wp-json\/wp\/v2\/comments?post=886"}],"wp:featuredmedia":[{"embeddable":true,"href":"http:\/\/klubmamgdynia.pl\/index.php\/wp-json\/wp\/v2\/media\/887"}],"wp:attachment":[{"href":"http:\/\/klubmamgdynia.pl\/index.php\/wp-json\/wp\/v2\/media?parent=886"}],"wp:term":[{"taxonomy":"product_cat","embeddable":true,"href":"http:\/\/klubmamgdynia.pl\/index.php\/wp-json\/wp\/v2\/product_cat?post=886"},{"taxonomy":"product_tag","embeddable":true,"href":"http:\/\/klubmamgdynia.pl\/index.php\/wp-json\/wp\/v2\/product_tag?post=886"}],"curies":[{"name":"wp","href":"https:\/\/api.w.org\/{rel}","templated":true}]}}