{"id":8861,"date":"2013-01-18T02:09:52","date_gmt":"2013-01-18T01:09:52","guid":{"rendered":"http:\/\/klubmamgdynia.pl\/index.php\/produkt\/rebel-komplet-kosci-rpg-mini-krysztalowe-czerwone\/"},"modified":"2026-04-28T21:23:20","modified_gmt":"2026-04-28T19:23:20","slug":"rebel-komplet-kosci-rpg-mini-krysztalowe-czerwone","status":"publish","type":"product","link":"http:\/\/klubmamgdynia.pl\/index.php\/produkt\/rebel-komplet-kosci-rpg-mini-krysztalowe-czerwone\/","title":{"rendered":"Rebel Komplet ko\u015bci RPG Mini Kryszta\u0142owe Czerwone"},"content":{"rendered":"<p>Komplet kryszta\u0142owych ko\u015bci marki Rebel, precyzj\u0105 wykonania przypomina ko\u015bci matowe, lecz stworzony zosta\u0142 z przezroczystego tworzywa. Ko\u015bci kryszta\u0142owe s\u0105 uwielbiane przez wielu graczy, g\u0142\u00f3wnie dlatego, \u017ce przepuszczaj\u0105 promienie \u015bwiat\u0142a &#8211; wielokolorowy zestaw potrafi roz\u015bwietli\u0107 t\u0119cz\u0105 st\u00f3\u0142, na kt\u00f3rym gramy.<\/p>\n<h2>Rebel Komplet ko\u015bci RPG Mini Kryszta\u0142owe Czerwone Rebel<\/h2>\n<p>jak narysowa\u0107 oko, kolorowanki \u015bwi\u0119to niepodleg\u0142o\u015bci do druku, sentencje ma\u0142y ksi\u0105\u017ce cytaty, jak narysowa\u0107 kr\u00f3lika, co na prezent dla nastolatk\u00f3w, jak narysowa\u0107 sanie miko\u0142aja, test z lektury magiczne drzewo czerwone krzes\u0142o, dyplom dla przedszkolaka do wydruku, michalina, jak narysowa\u0107 konia, \u017cyczenia wielkanocne dla dzieci kr\u00f3tkie, lucjan, kaczuszka, cytat z kubusia puchatka o mi\u0142o\u015bci, bajka psi patrol do czytania<\/p>\n<p>yyyyy<\/p>\n<p>&nbsp;<\/p>\n","protected":false},"excerpt":{"rendered":"<p>Komplet kryszta\u0142owych ko\u015bci marki Rebel, precyzj\u0105 wykonania przypomina ko\u015bci matowe, lecz stworzony zosta\u0142 z przezroczystego tworzywa. Ko\u015bci kryszta\u0142owe s\u0105 uwielbiane przez wielu graczy, g\u0142\u00f3wnie dlatego, \u017ce przepuszczaj\u0105 promienie \u015bwiat\u0142a &#8211; wielokolorowy zestaw potrafi roz\u015bwietli\u0107 t\u0119cz\u0105 st\u00f3\u0142, na kt\u00f3rym gramy. Rebel Komplet ko\u015bci RPG Mini Kryszta\u0142owe Czerwone Rebel jak narysowa\u0107 oko, kolorowanki \u015bwi\u0119to niepodleg\u0142o\u015bci do druku, [&hellip;]<\/p>\n","protected":false},"featured_media":8862,"comment_status":"closed","ping_status":"open","template":"","meta":[],"product_cat":[364,219],"product_tag":[864,593,774,604],"class_list":["post-8861","product","type-product","status-publish","has-post-thumbnail","hentry","product_cat-akcesoria-do-gier","product_cat-rebel","product_tag-basen-warszawa","product_tag-jak-narysowac-konia","product_tag-prezent-na-roczek-nie-zabawka","product_tag-zagadki-trudne"],"_links":{"self":[{"href":"http:\/\/klubmamgdynia.pl\/index.php\/wp-json\/wp\/v2\/product\/8861","targetHints":{"allow":["GET"]}}],"collection":[{"href":"http:\/\/klubmamgdynia.pl\/index.php\/wp-json\/wp\/v2\/product"}],"about":[{"href":"http:\/\/klubmamgdynia.pl\/index.php\/wp-json\/wp\/v2\/types\/product"}],"replies":[{"embeddable":true,"href":"http:\/\/klubmamgdynia.pl\/index.php\/wp-json\/wp\/v2\/comments?post=8861"}],"wp:featuredmedia":[{"embeddable":true,"href":"http:\/\/klubmamgdynia.pl\/index.php\/wp-json\/wp\/v2\/media\/8862"}],"wp:attachment":[{"href":"http:\/\/klubmamgdynia.pl\/index.php\/wp-json\/wp\/v2\/media?parent=8861"}],"wp:term":[{"taxonomy":"product_cat","embeddable":true,"href":"http:\/\/klubmamgdynia.pl\/index.php\/wp-json\/wp\/v2\/product_cat?post=8861"},{"taxonomy":"product_tag","embeddable":true,"href":"http:\/\/klubmamgdynia.pl\/index.php\/wp-json\/wp\/v2\/product_tag?post=8861"}],"curies":[{"name":"wp","href":"https:\/\/api.w.org\/{rel}","templated":true}]}}