{"id":8865,"date":"2023-10-13T00:20:11","date_gmt":"2023-10-12T22:20:11","guid":{"rendered":"http:\/\/klubmamgdynia.pl\/?post_type=product&#038;p=8865"},"modified":"2026-05-17T22:38:31","modified_gmt":"2026-05-17T20:38:31","slug":"rebel-kabel-aux-audio-jack-35-mm-mocny-spirala-1m-rb6008100b","status":"publish","type":"product","link":"http:\/\/klubmamgdynia.pl\/index.php\/produkt\/rebel-kabel-aux-audio-jack-35-mm-mocny-spirala-1m-rb6008100b\/","title":{"rendered":"REBEL KABEL AUX AUDIO JACK 3,5 MM MOCNY SPIRALA 1M (RB6008100B)"},"content":{"rendered":"<p>Typ: Jack Rodzaje \u0142\u0105czy: Wtyk Jack 3,5 mm Wtyk Jack 3,5 mm D\u0142ugo\u015b\u0107: 100 cm Specyfikacja: 2 rdzenie Poz\u0142acane wtyki: Tak Kolor: Srebrno-czarny Przeznaczony do urz\u0105dze\u0144 z wej\u015bciem Jack 3,5 mm<\/p>\n<h2>REBEL KABEL AUX AUDIO JACK 3,5 MM MOCNY SPIRALA 1M (RB6008100B) Rebel<\/h2>\n<p>zagadki trudne, quiz o \u015bwi\u0119tach, uk\u0142ad s\u0142oneczny do druku, misie z film\u00f3w animowanych, bal halloween dla dzieci 2021, po\u0142\u0105cz kropki do druku, motto dla nauczyciela, znaczenia imienia alicja<\/p>\n<p>yyyyy<\/p>\n<p>&nbsp;<\/p>\n","protected":false},"excerpt":{"rendered":"<p>Typ: Jack Rodzaje \u0142\u0105czy: Wtyk Jack 3,5 mm Wtyk Jack 3,5 mm D\u0142ugo\u015b\u0107: 100 cm Specyfikacja: 2 rdzenie Poz\u0142acane wtyki: Tak Kolor: Srebrno-czarny Przeznaczony do urz\u0105dze\u0144 z wej\u015bciem Jack 3,5 mm REBEL KABEL AUX AUDIO JACK 3,5 MM MOCNY SPIRALA 1M (RB6008100B) Rebel zagadki trudne, quiz o \u015bwi\u0119tach, uk\u0142ad s\u0142oneczny do druku, misie z film\u00f3w [&hellip;]<\/p>\n","protected":false},"featured_media":8866,"comment_status":"closed","ping_status":"open","template":"","meta":[],"product_cat":[1509,219],"product_tag":[669,867,640,701],"class_list":["post-8865","product","type-product","status-publish","has-post-thumbnail","hentry","product_cat-kable-przewody-i-wtyki","product_cat-rebel","product_tag-kolorowanki","product_tag-kolorowanki-dla-dziewczynek","product_tag-prezent-dla-rocznej-dziewczynki","product_tag-zgadywanki-dla-dzieci"],"_links":{"self":[{"href":"http:\/\/klubmamgdynia.pl\/index.php\/wp-json\/wp\/v2\/product\/8865","targetHints":{"allow":["GET"]}}],"collection":[{"href":"http:\/\/klubmamgdynia.pl\/index.php\/wp-json\/wp\/v2\/product"}],"about":[{"href":"http:\/\/klubmamgdynia.pl\/index.php\/wp-json\/wp\/v2\/types\/product"}],"replies":[{"embeddable":true,"href":"http:\/\/klubmamgdynia.pl\/index.php\/wp-json\/wp\/v2\/comments?post=8865"}],"wp:featuredmedia":[{"embeddable":true,"href":"http:\/\/klubmamgdynia.pl\/index.php\/wp-json\/wp\/v2\/media\/8866"}],"wp:attachment":[{"href":"http:\/\/klubmamgdynia.pl\/index.php\/wp-json\/wp\/v2\/media?parent=8865"}],"wp:term":[{"taxonomy":"product_cat","embeddable":true,"href":"http:\/\/klubmamgdynia.pl\/index.php\/wp-json\/wp\/v2\/product_cat?post=8865"},{"taxonomy":"product_tag","embeddable":true,"href":"http:\/\/klubmamgdynia.pl\/index.php\/wp-json\/wp\/v2\/product_tag?post=8865"}],"curies":[{"name":"wp","href":"https:\/\/api.w.org\/{rel}","templated":true}]}}