{"id":8867,"date":"2017-07-08T04:55:24","date_gmt":"2017-07-08T02:55:24","guid":{"rendered":"http:\/\/klubmamgdynia.pl\/index.php\/produkt\/pokemon-tcg-league-battle-deck-ice-rider\/"},"modified":"2026-04-23T02:52:33","modified_gmt":"2026-04-23T00:52:33","slug":"pokemon-tcg-league-battle-deck-ice-rider","status":"publish","type":"product","link":"http:\/\/klubmamgdynia.pl\/index.php\/produkt\/pokemon-tcg-league-battle-deck-ice-rider\/","title":{"rendered":"Pokemon TCG: League Battle Deck Ice Rider"},"content":{"rendered":"<p>Wybierz sw\u00f3j styl walki i pokonaj wrog\u00f3w si\u0142a lodu lub pot\u0119g\u0105 cienia!Shadow Rider oraz Ice Rider to zupe\u0142nie nowe gotowe talie do gry!Dzi\u0119ki tym zestawom dla do\u015bwiadczonych graczy, mo\u017cesz mierzy\u0107 wy\u017cej i zwyci\u0119\u017ca\u0107.W talii znajdziesz foliowane karty Pok\u00e9mon\u00f3w, katry specjalnej energii oraz karty trener\u00f3w i ekwipunku.Wszystko dobrane specjalnie pod Shadow Rider oraz Ice Rider.Gotowy do gry i pe\u0142ne mocy kombinacje Shadow Rider lub Ice Rider ju\u017c na Ciebie czekaj\u0105!Jeden produkt zawiera:1x 60 kartowa talia (zawiera 6 karty promo)2x znaczniki stanu6x ko\u015bci1x monet\u01191x rulebook1x deck box1x kod dost\u0119pu do gry online Pok\u00e9mon TCG<\/p>\n<h2>Pokemon TCG: League Battle Deck Ice Rider Pokemon Company International<\/h2>\n<p>kawaly na prima aprilis, quiz flagi, bajka terapeutyczna o z\u0142o\u015bci pdf, ozdoby choinkowe dla dzieci, kolorowanki dla dziewczynek 10 lat, zagadki dla dzieci 7-8 lat online, psi patrol do czytania<\/p>\n<p>yyyyy<\/p>\n<p>&nbsp;<\/p>\n","protected":false},"excerpt":{"rendered":"<p>Wybierz sw\u00f3j styl walki i pokonaj wrog\u00f3w si\u0142a lodu lub pot\u0119g\u0105 cienia!Shadow Rider oraz Ice Rider to zupe\u0142nie nowe gotowe talie do gry!Dzi\u0119ki tym zestawom dla do\u015bwiadczonych graczy, mo\u017cesz mierzy\u0107 wy\u017cej i zwyci\u0119\u017ca\u0107.W talii znajdziesz foliowane karty Pok\u00e9mon\u00f3w, katry specjalnej energii oraz karty trener\u00f3w i ekwipunku.Wszystko dobrane specjalnie pod Shadow Rider oraz Ice Rider.Gotowy do [&hellip;]<\/p>\n","protected":false},"featured_media":8868,"comment_status":"closed","ping_status":"open","template":"","meta":[],"product_cat":[220,465],"product_tag":[691,750,723,747],"class_list":["post-8867","product","type-product","status-publish","has-post-thumbnail","hentry","product_cat-gry-karciane","product_cat-pokemon-company-international","product_tag-gabriel","product_tag-imie-kostek","product_tag-krotkie-bajki-do-czytania-na-dobranoc","product_tag-malowanki-do-druku"],"_links":{"self":[{"href":"http:\/\/klubmamgdynia.pl\/index.php\/wp-json\/wp\/v2\/product\/8867","targetHints":{"allow":["GET"]}}],"collection":[{"href":"http:\/\/klubmamgdynia.pl\/index.php\/wp-json\/wp\/v2\/product"}],"about":[{"href":"http:\/\/klubmamgdynia.pl\/index.php\/wp-json\/wp\/v2\/types\/product"}],"replies":[{"embeddable":true,"href":"http:\/\/klubmamgdynia.pl\/index.php\/wp-json\/wp\/v2\/comments?post=8867"}],"wp:featuredmedia":[{"embeddable":true,"href":"http:\/\/klubmamgdynia.pl\/index.php\/wp-json\/wp\/v2\/media\/8868"}],"wp:attachment":[{"href":"http:\/\/klubmamgdynia.pl\/index.php\/wp-json\/wp\/v2\/media?parent=8867"}],"wp:term":[{"taxonomy":"product_cat","embeddable":true,"href":"http:\/\/klubmamgdynia.pl\/index.php\/wp-json\/wp\/v2\/product_cat?post=8867"},{"taxonomy":"product_tag","embeddable":true,"href":"http:\/\/klubmamgdynia.pl\/index.php\/wp-json\/wp\/v2\/product_tag?post=8867"}],"curies":[{"name":"wp","href":"https:\/\/api.w.org\/{rel}","templated":true}]}}