{"id":8869,"date":"2013-03-09T10:59:39","date_gmt":"2013-03-09T09:59:39","guid":{"rendered":"http:\/\/klubmamgdynia.pl\/index.php\/produkt\/electrolux-ease-c4-ec41-4t\/"},"modified":"2026-05-17T23:15:47","modified_gmt":"2026-05-17T21:15:47","slug":"electrolux-ease-c4-ec41-4t","status":"publish","type":"product","link":"http:\/\/klubmamgdynia.pl\/index.php\/produkt\/electrolux-ease-c4-ec41-4t\/","title":{"rendered":"Electrolux EASE C4 EC41-4T"},"content":{"rendered":"<p>4 stopniowe filtrowanie powietrza                            <\/p>\n<p>Wysoka skuteczno\u015b\u0107 odkurzania                            <\/p>\n<p>Du\u017cy pojemnik 1,8l                            <\/p>\n<p>K\u00f3\u0142ka EasyRoll                            <\/p>\n<p>P\u0142ynna regulacja mocy                            <\/p>\n<p>Odkurzacz bezworkowy\u00a0EC41-4TBezworkowy odkurzacz, kt\u00f3ry opracowano z my\u015bl\u0105 o zmniejszeniu zu\u017cycia energii oraz skutecznym filtrowaniu kurzu. Dzi\u0119ki swojej konstrukcji jest \u0142atwy w u\u017cyciu i bardzo skuteczny.                            <\/p>\n<p>POZNAJ\u00a0ELECTROLUX EC41-4T                            <\/p>\n<p>Efektywne odkurzanie nie wymaga teraz du\u017cego wysi\u0142kuBezworkowy odkurzacz, kt\u00f3ry opracowano z my\u015bl\u0105 o zmniejszeniu zu\u017cycia energii oraz skutecznym filtrowaniu kurzu. Dzi\u0119ki swojej konstrukcji jest \u0142atwy w u\u017cyciu i bardzo skuteczny.                             <\/p>\n<p>Szczelna konstrukcja zapewniaj\u0105ca skuteczno\u015b\u0107 odkurzaniaMniejsze straty energii ze wzgl\u0119du na szczelne po\u0142\u0105czenia element\u00f3w, przez kt\u00f3re przep\u0142ywa powietrze                            <\/p>\n<p>4-stopniowe filtrowanie powietrzaBezworkowy odkurzacz jest wyposa\u017cony w 4-stopniowy system filtr\u00f3w, kt\u00f3ry skutecznie zatrzymuje cz\u0105stki kurzu, a tym samym zapewnia wy\u017csz\u0105 skuteczno\u015b\u0107 odkurzania.                            <\/p>\n<p>D\u0142u\u017csze odkurzanie bez opr\u00f3\u017cniania zbiornika na kurzTeraz mo\u017cna odkurza\u0107 z wysok\u0105 skuteczno\u015bci\u0105 dwukrotnie d\u0142u\u017cej* \u2013 nawet wtedy, gdy zbiornik na kurz jest bliski zape\u0142nia. Dzi\u0119ki temu nie ma potrzeby cz\u0119stego opr\u00f3\u017cniania zbiornika*W por\u00f3wnaniu do odkurzacza AeroPerformer Cyclonic\u2122, na podstawie zmian mocy ssania spowodowanych zape\u0142nieniem zbiornika na kurz.<\/p>\n<h2>Electrolux EASE C4 EC41-4T Electrolux<\/h2>\n<p>bajka o dinozaurach do czytania, zosia samosia, minionki do druku, estera, cytaty o dzieciach, pokemon kolorowanka, miriam imie, andrzejki kolorowanki do druku, szybkie zagadki matematyczne, jak narysowa\u0107 psa, \u015bwi\u0119ty przemys\u0142aw, cytaty o rodzinie<\/p>\n<p>yyyyy<\/p>\n<p>&nbsp;<\/p>\n","protected":false},"excerpt":{"rendered":"<p>4 stopniowe filtrowanie powietrza Wysoka skuteczno\u015b\u0107 odkurzania Du\u017cy pojemnik 1,8l K\u00f3\u0142ka EasyRoll P\u0142ynna regulacja mocy Odkurzacz bezworkowy\u00a0EC41-4TBezworkowy odkurzacz, kt\u00f3ry opracowano z my\u015bl\u0105 o zmniejszeniu zu\u017cycia energii oraz skutecznym filtrowaniu kurzu. Dzi\u0119ki swojej konstrukcji jest \u0142atwy w u\u017cyciu i bardzo skuteczny. POZNAJ\u00a0ELECTROLUX EC41-4T Efektywne odkurzanie nie wymaga teraz du\u017cego wysi\u0142kuBezworkowy odkurzacz, kt\u00f3ry opracowano z my\u015bl\u0105 o [&hellip;]<\/p>\n","protected":false},"featured_media":8870,"comment_status":"closed","ping_status":"open","template":"","meta":[],"product_cat":[1664,1750],"product_tag":[728,640,771,636,693],"class_list":["post-8869","product","type-product","status-publish","has-post-thumbnail","hentry","product_cat-electrolux","product_cat-odkurzacze-tradycyjne","product_tag-bezwarunkowa-milosc-do-dziecka-cytaty","product_tag-prezent-dla-rocznej-dziewczynki","product_tag-stolice-europy-quiz","product_tag-teksty-kolysanek","product_tag-zagadki-dla-doroslych"],"_links":{"self":[{"href":"http:\/\/klubmamgdynia.pl\/index.php\/wp-json\/wp\/v2\/product\/8869","targetHints":{"allow":["GET"]}}],"collection":[{"href":"http:\/\/klubmamgdynia.pl\/index.php\/wp-json\/wp\/v2\/product"}],"about":[{"href":"http:\/\/klubmamgdynia.pl\/index.php\/wp-json\/wp\/v2\/types\/product"}],"replies":[{"embeddable":true,"href":"http:\/\/klubmamgdynia.pl\/index.php\/wp-json\/wp\/v2\/comments?post=8869"}],"wp:featuredmedia":[{"embeddable":true,"href":"http:\/\/klubmamgdynia.pl\/index.php\/wp-json\/wp\/v2\/media\/8870"}],"wp:attachment":[{"href":"http:\/\/klubmamgdynia.pl\/index.php\/wp-json\/wp\/v2\/media?parent=8869"}],"wp:term":[{"taxonomy":"product_cat","embeddable":true,"href":"http:\/\/klubmamgdynia.pl\/index.php\/wp-json\/wp\/v2\/product_cat?post=8869"},{"taxonomy":"product_tag","embeddable":true,"href":"http:\/\/klubmamgdynia.pl\/index.php\/wp-json\/wp\/v2\/product_tag?post=8869"}],"curies":[{"name":"wp","href":"https:\/\/api.w.org\/{rel}","templated":true}]}}