{"id":8871,"date":"2020-10-07T10:53:39","date_gmt":"2020-10-07T08:53:39","guid":{"rendered":"http:\/\/klubmamgdynia.pl\/index.php\/produkt\/mattel-disney-auta-3-daniel-swervez-dxv42\/"},"modified":"2026-05-17T22:05:30","modified_gmt":"2026-05-17T20:05:30","slug":"mattel-disney-auta-3-daniel-swervez-dxv42","status":"publish","type":"product","link":"http:\/\/klubmamgdynia.pl\/index.php\/produkt\/mattel-disney-auta-3-daniel-swervez-dxv42\/","title":{"rendered":"Mattel Disney Auta 3 Daniel Swervez DXV42"},"content":{"rendered":"<p>Zygzak McQueen wraca na wy\u015bcigowe tory. Tym razem jednak musi stawi\u0107 czo\u0142a autom nowej generacji. Czy dobre ch\u0119ci i determinacja wystarcz\u0105, by nasz bohater zn\u00f3w stan\u0105\u0142 na podium? W 3 cz\u0119\u015bci filmu Zygzak zdaje si\u0119 na pomoc m\u0142odej trenerki &#8211; Cruz Ramirez. Jedno jest pewne &#8211; animacja dostarcza wspania\u0142ych emocji!Chcesz razem z samochodami do\u015bwiadczy\u0107 fantastycznych prze\u017cy\u0107 zwi\u0105zanych z wy\u015bcigami? Niew\u0105tpliwie umo\u017cliwia to kolekcja pojazd\u00f3w z filmu \u201eAuta 3\u201d \u2013 zabawki wygl\u0105daj\u0105, jak postaci z animacji! Ka\u017cdy samochodzik to filmowy bohater o niepowtarzalnej osobowo\u015bci. \u015acigaj si\u0119 i zbierz ca\u0142\u0105 kolekcj\u0119. Dzi\u0119ki serii dzieci mog\u0105 bawi\u0107 si\u0119 i tworzy\u0107 fantastyczne historie z ulubionymi bohaterami w roli g\u0142\u00f3wnej. Auta z metalowym nadwoziami wykonano w skali 1:55. Pi\u0119kna, \u017cywa kolorystyka zachwyci ka\u017cdego fana &#8222;Aut&#8221;.Cena dotyczy 1 pojazdu.<\/p>\n<h2>Mattel Disney Auta 3 Daniel Swervez DXV42 Mattel<\/h2>\n<p>ostatni dzwonek tekst, rzadkie imiona dla dziewczynek, zagadki dla dzieci logiczne, hymn g\u00f3rniczy, kolorowanki harry potter, ci\u0119\u017ckie zagadki, felix net i nika oraz gang niewidzialnych ludzi test z odpowiedziami, rysunki \u0142atwe, zaj\u0119cia dla nastolatk\u00f3w, najpi\u0119kniejsze cytaty o przyja\u017ani, jak narysowa\u0107 pikachu, nauka zegara, ko\u0142ysanki dla dzieci tekst, kolorowanki do druku pokemon, kolorowanka piesek do druku, origami dla dzieci, pokemony do druku, kolorowanka do druku super zings, zagadki z odpowiedziami<\/p>\n<p>yyyyy<\/p>\n<p>&nbsp;<\/p>\n","protected":false},"excerpt":{"rendered":"<p>Zygzak McQueen wraca na wy\u015bcigowe tory. Tym razem jednak musi stawi\u0107 czo\u0142a autom nowej generacji. Czy dobre ch\u0119ci i determinacja wystarcz\u0105, by nasz bohater zn\u00f3w stan\u0105\u0142 na podium? W 3 cz\u0119\u015bci filmu Zygzak zdaje si\u0119 na pomoc m\u0142odej trenerki &#8211; Cruz Ramirez. Jedno jest pewne &#8211; animacja dostarcza wspania\u0142ych emocji!Chcesz razem z samochodami do\u015bwiadczy\u0107 fantastycznych [&hellip;]<\/p>\n","protected":false},"featured_media":8872,"comment_status":"closed","ping_status":"open","template":"","meta":[],"product_cat":[83,289],"product_tag":[829,622,706,795,692,586],"class_list":["post-8871","product","type-product","status-publish","has-post-thumbnail","hentry","product_cat-auta-i-inne-pojazdy-do-zabawy","product_cat-mattel","product_tag-bajki-do-czytania-na-dobranoc","product_tag-fajne-zagadki","product_tag-imie-kuba","product_tag-mini-zoo-warszawa","product_tag-prezenty-na-roczek","product_tag-smieszne-zagadki"],"_links":{"self":[{"href":"http:\/\/klubmamgdynia.pl\/index.php\/wp-json\/wp\/v2\/product\/8871","targetHints":{"allow":["GET"]}}],"collection":[{"href":"http:\/\/klubmamgdynia.pl\/index.php\/wp-json\/wp\/v2\/product"}],"about":[{"href":"http:\/\/klubmamgdynia.pl\/index.php\/wp-json\/wp\/v2\/types\/product"}],"replies":[{"embeddable":true,"href":"http:\/\/klubmamgdynia.pl\/index.php\/wp-json\/wp\/v2\/comments?post=8871"}],"wp:featuredmedia":[{"embeddable":true,"href":"http:\/\/klubmamgdynia.pl\/index.php\/wp-json\/wp\/v2\/media\/8872"}],"wp:attachment":[{"href":"http:\/\/klubmamgdynia.pl\/index.php\/wp-json\/wp\/v2\/media?parent=8871"}],"wp:term":[{"taxonomy":"product_cat","embeddable":true,"href":"http:\/\/klubmamgdynia.pl\/index.php\/wp-json\/wp\/v2\/product_cat?post=8871"},{"taxonomy":"product_tag","embeddable":true,"href":"http:\/\/klubmamgdynia.pl\/index.php\/wp-json\/wp\/v2\/product_tag?post=8871"}],"curies":[{"name":"wp","href":"https:\/\/api.w.org\/{rel}","templated":true}]}}