{"id":8873,"date":"2012-12-17T01:31:30","date_gmt":"2012-12-17T00:31:30","guid":{"rendered":"http:\/\/klubmamgdynia.pl\/index.php\/produkt\/bosch-compactpower-mfw3x13w\/"},"modified":"2026-05-17T22:43:30","modified_gmt":"2026-05-17T20:43:30","slug":"bosch-compactpower-mfw3x13w","status":"publish","type":"product","link":"http:\/\/klubmamgdynia.pl\/index.php\/produkt\/bosch-compactpower-mfw3x13w\/","title":{"rendered":"Bosch CompactPower MFW3X13W"},"content":{"rendered":"<p>Maszynka do mielenia marki Bosch z serii CompactPower to du\u017ca moc w kompaktowej formie. Jest niezast\u0105pion\u0105 pomoc\u0105 w ka\u017cdej domowej kuchni. Jej kompaktowa, wysokiej jako\u015bci obudowa zapewnia \u0142atwe u\u017cytkowanie oraz przechowywanie urz\u0105dzenia. Przygotuj swoje ulubione potrawy w domu i zaskocz nimi swoich go\u015bci dzi\u0119ki wielofunkcyjnej maszynce do mielenia.                            <\/p>\n<p>\u0141atwe i szybkie przetwarzanieWysoka moc (2000 W MBP*) i du\u017ca komora mielenia (a\u017c 8 cm) zapewniaj\u0105 idealny efekt. Teraz mielenie sk\u0142adnik\u00f3w to \u017caden problem. Maszynka mieli a\u017c do 4 kg na minut\u0119**\u00a0co zapewnia bezproblemow\u0105 prac\u0119 urz\u0105dzenia, a du\u017cy otw\u00f3r wsypowy i popychacz skracaj\u0105 czas mielenia do minimum. Szybki i perfekcyjny efekt za ka\u017cdym razem gwarantowany.<br \/>\n*MBP &#8211; moc zablokowania silnika**Testy laboratoryjne. Sito 8 mm                            <\/p>\n<p>Sitka ze stali szlachetnej i dwustronny no\u017cyk<br \/>\nSita o r\u00f3\u017cnej grubo\u015bci (4 i 8 mm) oraz no\u017cyk zosta\u0142y wykonane ze stali szlachetnej. Dzi\u0119ki temu rozwi\u0105zaniu ich okres eksploatacyjny jest znacz\u0105co d\u0142u\u017cszy, a utrzymanie ich w czysto\u015bci bezproblemowe. Dodatkowo no\u017cyk jest dwustronny co zapewnia mu dwa razy d\u0142u\u017csz\u0105 \u017cywotno\u015b\u0107 i oszcz\u0119dno\u015bci w domowym bud\u017cecie.                            <\/p>\n<p>Szatkownica z 3 b\u0119bnami<br \/>\nSzatkownica z 3 b\u0119bnami zmienia maszynk\u0119 do mielenia w urz\u0105dzenie wielofunkcyjne. Szybko i \u0142atwo pokroisz warzywa w drobne i grube wi\u00f3rki a tak\u017ce utrzesz ziemniaki na placki ziemniaczane. B\u0119bny wykonane ze stali nierdzewnej zapewniaj\u0105 naturalny smak przygotowanej potrawy oraz s\u0105 \u0142atwe do czyszczenia.                            <\/p>\n<p>Nasadka masarska<br \/>\nSpecjalna nasadka masarska pozwala na przygotowanie przepysznych, domowych kie\u0142bas i nie tylko. Dzi\u0119ki niej mo\u017cesz r\u00f3wnie\u017c na przyk\u0142ad wype\u0142nia\u0107 potrawy farszem.                            <\/p>\n<p>Funkcja rewers<br \/>\nFunkcja rewers zwi\u0119ksza komfort i bezpiecze\u0144stwo u\u017cytkowania. Dzi\u0119ki niej mo\u017cna bez problemu cofn\u0105\u0107 obr\u00f3t maszynki i usun\u0105\u0107 twardy element np. chrz\u0105stk\u0119, kt\u00f3ra utrudnia mielenie.                            <\/p>\n<p>Zintegrowany schowek na dodatkowe akcesoriaZintegrowany z obudow\u0105 schowek na sitka gwarantuje, \u017ce masz je zawsze pod r\u0119k\u0105 i nigdy si\u0119 nie zgubi\u0105.                            <\/p>\n<p>Schowek na kabel<br \/>\nSchowek na kabel pozwala na wyci\u0105gniecie przewodu na odpowiedni\u0105 d\u0142ugo\u015b\u0107, aby pod\u0142\u0105czy\u0107 go do kontaktu. Reszta zostaje w schowku, dzi\u0119ki czemu unikamy zb\u0119dnej pl\u0105taniny kabli. Drug\u0105 istotn\u0105 zalet\u0105 tego rozwi\u0105zania jest u\u0142atwienie przechowywania urz\u0105dzenia.                            <\/p>\n<p>Gumowe ko\u0144c\u00f3wki<br \/>\nGumowe n\u00f3\u017cki w podstawie stabilizuj\u0105 urz\u0105dzenie w trakcie pracy i zapobiegaj\u0105 jego przesuwaniu co zapewnia najwy\u017cszy komfort u\u017cytkowania.                            <\/p>\n<p>Praktyczny uchwyt<br \/>\nPraktyczny uchwyt zintegrowany z obudow\u0105 u\u0142atwia przenoszenie urz\u0105dzenia. Bez wzgl\u0119du na to, gdzie przechowujesz maszynk\u0119 mo\u017cesz swobodnie i bezpiecznie przenie\u015b\u0107 j\u0105 i postawi\u0107 na blacie.                            <\/p>\n<p>Trwa\u0142o\u015b\u0107 i elegancki design<br \/>\nOd ponad stu lat marka Bosch jest symbolem najwy\u017cszej jako\u015bci i niezawodno\u015bci, a nasi konstruktorzy dbaj\u0105 o wyj\u0105tkow\u0105 funkcjonalno\u015b\u0107 urz\u0105dze\u0144 i dopracowuj\u0105 do perfekcji ka\u017cdy detal. Maszynka i jej akcesoria zosta\u0142y zaprojektowane i wykonane z wysokiej jako\u015bci materia\u0142\u00f3w.                            <\/p>\n<p>Prezentowane zdj\u0119cia i filmy maj\u0105 charakter pogl\u0105dowy i mog\u0105 przedstawia\u0107 inny model produktu w stosunku do opisywanego.<\/p>\n<h2>Bosch CompactPower MFW3X13W Bosch<\/h2>\n<p>pomysly na prezent na roczek, opowie\u015bci z narni test, zima z\u0142a tekst, prezent dla 13 latki na \u015bwi\u0119ta, horror dla dzieci<\/p>\n<p>yyyyy<\/p>\n<p>&nbsp;<\/p>\n","protected":false},"excerpt":{"rendered":"<p>Maszynka do mielenia marki Bosch z serii CompactPower to du\u017ca moc w kompaktowej formie. Jest niezast\u0105pion\u0105 pomoc\u0105 w ka\u017cdej domowej kuchni. Jej kompaktowa, wysokiej jako\u015bci obudowa zapewnia \u0142atwe u\u017cytkowanie oraz przechowywanie urz\u0105dzenia. Przygotuj swoje ulubione potrawy w domu i zaskocz nimi swoich go\u015bci dzi\u0119ki wielofunkcyjnej maszynce do mielenia. \u0141atwe i szybkie przetwarzanieWysoka moc (2000 W [&hellip;]<\/p>\n","protected":false},"featured_media":8874,"comment_status":"closed","ping_status":"open","template":"","meta":[],"product_cat":[932,1751],"product_tag":[743,840,576,715],"class_list":["post-8873","product","type-product","status-publish","has-post-thumbnail","hentry","product_cat-bosch","product_cat-maszynki-do-mielenia","product_tag-quiz-dla-dzieci","product_tag-stare-bajki","product_tag-trudne-zagadki","product_tag-zosia-samosia"],"_links":{"self":[{"href":"http:\/\/klubmamgdynia.pl\/index.php\/wp-json\/wp\/v2\/product\/8873","targetHints":{"allow":["GET"]}}],"collection":[{"href":"http:\/\/klubmamgdynia.pl\/index.php\/wp-json\/wp\/v2\/product"}],"about":[{"href":"http:\/\/klubmamgdynia.pl\/index.php\/wp-json\/wp\/v2\/types\/product"}],"replies":[{"embeddable":true,"href":"http:\/\/klubmamgdynia.pl\/index.php\/wp-json\/wp\/v2\/comments?post=8873"}],"wp:featuredmedia":[{"embeddable":true,"href":"http:\/\/klubmamgdynia.pl\/index.php\/wp-json\/wp\/v2\/media\/8874"}],"wp:attachment":[{"href":"http:\/\/klubmamgdynia.pl\/index.php\/wp-json\/wp\/v2\/media?parent=8873"}],"wp:term":[{"taxonomy":"product_cat","embeddable":true,"href":"http:\/\/klubmamgdynia.pl\/index.php\/wp-json\/wp\/v2\/product_cat?post=8873"},{"taxonomy":"product_tag","embeddable":true,"href":"http:\/\/klubmamgdynia.pl\/index.php\/wp-json\/wp\/v2\/product_tag?post=8873"}],"curies":[{"name":"wp","href":"https:\/\/api.w.org\/{rel}","templated":true}]}}