{"id":8877,"date":"2025-06-21T07:27:42","date_gmt":"2025-06-21T05:27:42","guid":{"rendered":"http:\/\/klubmamgdynia.pl\/?post_type=product&#038;p=8877"},"modified":"2026-04-22T17:03:21","modified_gmt":"2026-04-22T15:03:21","slug":"mattel-mega-construx-zestaw-klockow-gra-o-tron-zelazny-tron-gkm68","status":"publish","type":"product","link":"http:\/\/klubmamgdynia.pl\/index.php\/produkt\/mattel-mega-construx-zestaw-klockow-gra-o-tron-zelazny-tron-gkm68\/","title":{"rendered":"Mattel Mega Construx Zestaw Klock\u00f3w Gra O Tron: \u017belazny Tron Gkm68"},"content":{"rendered":"<p>Mega Construx &#8211; Zestaw klock\u00f3w &#8211; Gra o Tron: \u017belazny Tron &#8211; GKM68 Zestaw klock\u00f3w z serii Gra o Tron marki Mega Construx spe\u0142ni oczekiwania wszystkich fan\u00f3w popularnego serialu emitowanego na kanale HBO, kt\u00f3ry zyska\u0142 ogromn\u0105 rzesz\u0119 fan\u00f3w na ca\u0142ym \u015bwiecie. Wewn\u0105trz opakowania znajduje si\u0119 a\u017c 258 element\u00f3w, z kt\u00f3rych do zbudowania jest \u017belazny Tron stanowi\u0105cy symbol absolutnej w\u0142adzy w Siedmiu Kr\u00f3lestwach. Powsta\u0142a konstrukcja stanowi wiern\u0105 kopi\u0119 serialowego symbolu, a ka\u017cdy szczeg\u00f3\u0142 wygl\u0105du zosta\u0142 dopracowany z nale\u017cyt\u0105 staranno\u015bci\u0105 \u2013 po z\u0142o\u017ceniu wszystkich cz\u0119\u015bci mo\u017cna z powodzeniem rozpocz\u0105\u0107 odgrywanie popularnych scen, szczeg\u00f3lnie \u017ce do zestawu do\u0142\u0105czono tak\u017ce cztery figurki: Jon Snow, Night King, Daenerys i Cersei. Na Tronie mo\u017cesz zasi\u0105\u015b\u0107 jedna posta\u0107, a jako znak panowania mo\u017cna umie\u015bci\u0107 nad tronem znak wskazuj\u0105cy na herb danego domu. Klocki Mega Construx zosta\u0142y zaprojektowane w taki spos\u00f3b, by po z\u0142o\u017ceniu jak najdok\u0142adniej przedstawia\u0142y popularne miejsca, budowle czy postacie pojawiaj\u0105ce si\u0119 w poszczeg\u00f3lnych produkcjach. Zestaw Gra o Tron: \u017belazny Tron przeznaczony jest dla doros\u0142ych i m\u0142odzie\u017cy powy\u017cej 16. roku \u017cycia. Wewn\u0105trz opakowania znajduje si\u0119 r\u00f3wnie\u017c szczeg\u00f3\u0142owa instrukcja, kt\u00f3ra krok po kroku przedstawia poszczeg\u00f3lne etapy budowania. Mega Construx &#8211; Klocki &#8211; Gra o Tron: \u017belazny Tron &#8211; informacje dodatkowe: Producent: Mattel Numer katalogowy: GKM68 Seria: Mega Construx Sugerowany wiek dziecka: + 16 lat Wymiary jajka: 26 cm x 23 cm x 4,5 cm<\/p>\n<h2>Mattel Mega Construx Zestaw Klock\u00f3w Gra O Tron: \u017belazny Tron Gkm68 Mattel<\/h2>\n<p>\u015bwinka peppa do druku, zaproszenie na urodziny dziecka do druku, quizy o miko\u0142ajku, quizy dla dzieci 7 lat, rozrywka dla dzieci, imi\u0119 liwia, kolorowanki miasto dzieci, kolorowanka lol, imie leon, imi\u0119 dla dziewczynki 2019, kolorowanki do wydruku, gabriel, super zings kolorowanki<\/p>\n<p>yyyyy<\/p>\n<p>&nbsp;<\/p>\n","protected":false},"excerpt":{"rendered":"<p>Mega Construx &#8211; Zestaw klock\u00f3w &#8211; Gra o Tron: \u017belazny Tron &#8211; GKM68 Zestaw klock\u00f3w z serii Gra o Tron marki Mega Construx spe\u0142ni oczekiwania wszystkich fan\u00f3w popularnego serialu emitowanego na kanale HBO, kt\u00f3ry zyska\u0142 ogromn\u0105 rzesz\u0119 fan\u00f3w na ca\u0142ym \u015bwiecie. Wewn\u0105trz opakowania znajduje si\u0119 a\u017c 258 element\u00f3w, z kt\u00f3rych do zbudowania jest \u017belazny Tron [&hellip;]<\/p>\n","protected":false},"featured_media":8878,"comment_status":"closed","ping_status":"open","template":"","meta":[],"product_cat":[113,289],"product_tag":[817,833,671,593,867,698],"class_list":["post-8877","product","type-product","status-publish","has-post-thumbnail","hentry","product_cat-klocki","product_cat-mattel","product_tag-bajka-terapeutyczna-o-emocjach","product_tag-bajki-dla-dzieci-do-czytania","product_tag-cicha-noc-po-angielsku-tekst","product_tag-jak-narysowac-konia","product_tag-kolorowanki-dla-dziewczynek","product_tag-zagadki-dla-przedszkolakow"],"_links":{"self":[{"href":"http:\/\/klubmamgdynia.pl\/index.php\/wp-json\/wp\/v2\/product\/8877","targetHints":{"allow":["GET"]}}],"collection":[{"href":"http:\/\/klubmamgdynia.pl\/index.php\/wp-json\/wp\/v2\/product"}],"about":[{"href":"http:\/\/klubmamgdynia.pl\/index.php\/wp-json\/wp\/v2\/types\/product"}],"replies":[{"embeddable":true,"href":"http:\/\/klubmamgdynia.pl\/index.php\/wp-json\/wp\/v2\/comments?post=8877"}],"wp:featuredmedia":[{"embeddable":true,"href":"http:\/\/klubmamgdynia.pl\/index.php\/wp-json\/wp\/v2\/media\/8878"}],"wp:attachment":[{"href":"http:\/\/klubmamgdynia.pl\/index.php\/wp-json\/wp\/v2\/media?parent=8877"}],"wp:term":[{"taxonomy":"product_cat","embeddable":true,"href":"http:\/\/klubmamgdynia.pl\/index.php\/wp-json\/wp\/v2\/product_cat?post=8877"},{"taxonomy":"product_tag","embeddable":true,"href":"http:\/\/klubmamgdynia.pl\/index.php\/wp-json\/wp\/v2\/product_tag?post=8877"}],"curies":[{"name":"wp","href":"https:\/\/api.w.org\/{rel}","templated":true}]}}