{"id":8879,"date":"2015-08-08T16:47:02","date_gmt":"2015-08-08T14:47:02","guid":{"rendered":"http:\/\/klubmamgdynia.pl\/index.php\/produkt\/piatnik-karty-escher-left-right-2-talie\/"},"modified":"2026-05-17T22:12:37","modified_gmt":"2026-05-17T20:12:37","slug":"piatnik-karty-escher-left-right-2-talie","status":"publish","type":"product","link":"http:\/\/klubmamgdynia.pl\/index.php\/produkt\/piatnik-karty-escher-left-right-2-talie\/","title":{"rendered":"Piatnik Karty Escher Left &amp; Right 2 talie"},"content":{"rendered":"<p>Najwy\u017cszej jako\u015bci karty do gry renomowanej firmy Ferd. Piatnik &amp; Sohne. W komplecie 2 talie w eleganckim, z\u0142oconym pude\u0142ku z charakterystyczn\u0105 Piatnikowsk\u0105 poduszeczk\u0105. Na rewersach (koszulkach) i na pude\u0142ku niekonwencjonalne obrazy holenderskiego artysty M.C.Eschera. Talie sk\u0142adaj\u0105 si\u0119 z 55 plastikowanych kart o wymiarach 58 x 89 mm i gramaturze 310. Idealne zar\u00f3wno do bryd\u017ca, pokera, remika jak i innych gier. Wyroby wiede\u0144skiej fabryki Ferd. Piatnik &amp; Sohne od 1824 roku urzekaj\u0105 bogactwem wzor\u00f3w i perfekcj\u0105 wykonania. Jako\u015b\u0107 i tradycja!<\/p>\n<h2>Piatnik Karty Escher Left &amp; Right 2 talie Piatnik<\/h2>\n<p>bajki z misiami, atrakcje dla dzieci w warszawie dzi\u015b, cukierku ty \u0142obuzie test, litera r do druku, opowie\u015bci z narnii lew czarownica i stara szafa test do wydruku, quiz bo\u017ce narodzenie, regina, quiz o stolicach europy, co na roczek dla ch\u0142opca, mini zoo mazowieckie, quiz o zwierz\u0119tach domowych, mamo mamusiu pusto w mym brzusiu tekst, eksperyment dla dzieci wulkan, gra kulki, minecraft quiz, quizy dla dzieci 10 lat, prezent dla nastolatk\u00f3w 2021<\/p>\n<p>yyyyy<\/p>\n<p>&nbsp;<\/p>\n","protected":false},"excerpt":{"rendered":"<p>Najwy\u017cszej jako\u015bci karty do gry renomowanej firmy Ferd. Piatnik &amp; Sohne. W komplecie 2 talie w eleganckim, z\u0142oconym pude\u0142ku z charakterystyczn\u0105 Piatnikowsk\u0105 poduszeczk\u0105. Na rewersach (koszulkach) i na pude\u0142ku niekonwencjonalne obrazy holenderskiego artysty M.C.Eschera. Talie sk\u0142adaj\u0105 si\u0119 z 55 plastikowanych kart o wymiarach 58 x 89 mm i gramaturze 310. Idealne zar\u00f3wno do bryd\u017ca, pokera, [&hellip;]<\/p>\n","protected":false},"featured_media":8880,"comment_status":"closed","ping_status":"open","template":"","meta":[],"product_cat":[429,225],"product_tag":[867,731,804,822],"class_list":["post-8879","product","type-product","status-publish","has-post-thumbnail","hentry","product_cat-gry-hazardowe","product_cat-piatnik","product_tag-kolorowanki-dla-dziewczynek","product_tag-maly-ksiaze-cytaty","product_tag-ryz-z-owocami","product_tag-wierszyki-o-wakacjach-krotkie"],"_links":{"self":[{"href":"http:\/\/klubmamgdynia.pl\/index.php\/wp-json\/wp\/v2\/product\/8879","targetHints":{"allow":["GET"]}}],"collection":[{"href":"http:\/\/klubmamgdynia.pl\/index.php\/wp-json\/wp\/v2\/product"}],"about":[{"href":"http:\/\/klubmamgdynia.pl\/index.php\/wp-json\/wp\/v2\/types\/product"}],"replies":[{"embeddable":true,"href":"http:\/\/klubmamgdynia.pl\/index.php\/wp-json\/wp\/v2\/comments?post=8879"}],"wp:featuredmedia":[{"embeddable":true,"href":"http:\/\/klubmamgdynia.pl\/index.php\/wp-json\/wp\/v2\/media\/8880"}],"wp:attachment":[{"href":"http:\/\/klubmamgdynia.pl\/index.php\/wp-json\/wp\/v2\/media?parent=8879"}],"wp:term":[{"taxonomy":"product_cat","embeddable":true,"href":"http:\/\/klubmamgdynia.pl\/index.php\/wp-json\/wp\/v2\/product_cat?post=8879"},{"taxonomy":"product_tag","embeddable":true,"href":"http:\/\/klubmamgdynia.pl\/index.php\/wp-json\/wp\/v2\/product_tag?post=8879"}],"curies":[{"name":"wp","href":"https:\/\/api.w.org\/{rel}","templated":true}]}}